{"id":22201,"date":"2025-04-04T05:37:36","date_gmt":"2025-04-04T05:37:36","guid":{"rendered":"https:\/\/esquell.eu\/product\/meche-pour-la-finition-des-broches-differentes-tailles\/"},"modified":"2025-04-04T05:37:36","modified_gmt":"2025-04-04T05:37:36","slug":"meche-pour-la-finition-des-broches-differentes-tailles","status":"publish","type":"product","link":"https:\/\/esquell.eu\/fr\/produit\/meche-pour-la-finition-des-broches-differentes-tailles\/","title":{"rendered":"M\u00e8che pour la finition des broches Diff\u00e9rentes tailles"},"content":{"rendered":"<p>Avec cette m\u00e8che, les extr\u00e9mit\u00e9s des fils, par exemple celles des fils utilis\u00e9s pour la fabrication d&rsquo;un sertissage, peuvent \u00eatre parfaitement finies. A utiliser comme outil \u00e0 main en combinaison avec le mandrin de per\u00e7age ou dans un dremel ou un multitool. <\/p>\n<p>Arbre 2,35 mm<\/p>\n","protected":false},"excerpt":{"rendered":"<p>Avec cette m\u00e8che, les extr\u00e9mit\u00e9s du fil, par exemple pour le fil utilis\u00e9 pour faire un sertissage, peuvent \u00eatre parfaitement finies. A utiliser comme outil manuel en combinaison avec le <strong><a href=\"https:\/\/www.esquell.nl\/p\/boorhouder\"><u>mandrin de per\u00e7age<\/u><\/a><\/strong> ou dans un dremel ou un multitool <\/p>\n<p><\/p>\n<p>Arbre 2,35 mm<\/p>\n","protected":false},"featured_media":3818,"comment_status":"closed","ping_status":"closed","template":"","meta":{"_acf_changed":false,"_seopress_robots_primary_cat":"none","_seopress_titles_title":"","_seopress_titles_desc":"","_seopress_robots_index":""},"more":[],"product_brand":[],"product_cat":[6366],"product_tag":[],"class_list":{"0":"post-22201","1":"product","2":"type-product","3":"status-publish","4":"has-post-thumbnail","6":"product_cat-poncage-limage-et-polissage","7":"product_shipping_class-standard","8":"pa_diameter-15-mm","9":"pa_diameter-18-mm","10":"pa_diameter-2mm","13":"first","14":"instock","15":"taxable","16":"shipping-taxable","17":"purchasable","18":"product-type-variable"},"acf":[],"_links":{"self":[{"href":"https:\/\/esquell.eu\/fr\/wp-json\/wp\/v2\/product\/22201","targetHints":{"allow":["GET"]}}],"collection":[{"href":"https:\/\/esquell.eu\/fr\/wp-json\/wp\/v2\/product"}],"about":[{"href":"https:\/\/esquell.eu\/fr\/wp-json\/wp\/v2\/types\/product"}],"replies":[{"embeddable":true,"href":"https:\/\/esquell.eu\/fr\/wp-json\/wp\/v2\/comments?post=22201"}],"wp:featuredmedia":[{"embeddable":true,"href":"https:\/\/esquell.eu\/fr\/wp-json\/wp\/v2\/media\/3818"}],"wp:attachment":[{"href":"https:\/\/esquell.eu\/fr\/wp-json\/wp\/v2\/media?parent=22201"}],"wp:term":[{"taxonomy":"more","embeddable":true,"href":"https:\/\/esquell.eu\/fr\/wp-json\/wp\/v2\/more?post=22201"},{"taxonomy":"product_brand","embeddable":true,"href":"https:\/\/esquell.eu\/fr\/wp-json\/wp\/v2\/product_brand?post=22201"},{"taxonomy":"product_cat","embeddable":true,"href":"https:\/\/esquell.eu\/fr\/wp-json\/wp\/v2\/product_cat?post=22201"},{"taxonomy":"product_tag","embeddable":true,"href":"https:\/\/esquell.eu\/fr\/wp-json\/wp\/v2\/product_tag?post=22201"}],"curies":[{"name":"wp","href":"https:\/\/api.w.org\/{rel}","templated":true}]}}