{"id":22157,"date":"2025-04-04T05:37:36","date_gmt":"2025-04-04T05:37:36","guid":{"rendered":"https:\/\/esquell.eu\/product\/boite-a-pendentif-avec-oeil-rond-en-acier-inoxydable-differentes-tailles\/"},"modified":"2025-04-04T05:37:36","modified_gmt":"2025-04-04T05:37:36","slug":"boite-a-pendentif-avec-oeil-rond-en-acier-inoxydable-differentes-tailles","status":"publish","type":"product","link":"https:\/\/esquell.eu\/fr\/produit\/boite-a-pendentif-avec-oeil-rond-en-acier-inoxydable-differentes-tailles\/","title":{"rendered":"Bo\u00eete \u00e0 pendentif avec \u0153il. Rond en acier inoxydable.  Diff\u00e9rentes tailles"},"content":{"rendered":"<p>Bo\u00eetier pendentif en acier inoxydable.<br \/>\nRond avec anneau pendentif.<\/p>\n<p>Diff\u00e9rentes tailles<br \/>\nAcier chirurgical.<br \/>\nHypo allerg\u00e8ne.<\/p>\n<p>Pendentif \u00e0 remplir de r\u00e9sine, d&rsquo;argile, de verre, etc. Avec \u0153illet de pendentif. <\/p>\n<p>Convient \u00e9galement \u00e0 la fabrication de bijoux comm\u00e9moratifs. En remplissant le pendentif de cendres, de cheveux ou d&rsquo;autres \u00e9l\u00e9ments similaires d&rsquo;un \u00eatre cher, vous cr\u00e9ez un bijou comm\u00e9moratif unique. <\/p>\n","protected":false},"excerpt":{"rendered":"<p>Bo\u00eetier pendentif en acier inoxydable.<br \/>\nRond avec anneau pendentif.<\/p>\n<p>Diff\u00e9rentes tailles<br \/>\nAcier chirurgical.<br \/>\nHypo allerg\u00e8ne.<\/p>\n<p>&nbsp;<\/p>\n<p>Pendentif \u00e0 remplir de r\u00e9sine, d&rsquo;argile, de verre, etc. Avec \u0153illet de pendentif. <\/p>\n<p>Convient \u00e9galement \u00e0 la fabrication de bijoux comm\u00e9moratifs. En remplissant le pendentif de cendres, de cheveux ou d&rsquo;autres \u00e9l\u00e9ments similaires d&rsquo;un \u00eatre cher, vous cr\u00e9ez un bijou comm\u00e9moratif unique. <\/p>\n","protected":false},"featured_media":4603,"comment_status":"closed","ping_status":"closed","template":"","meta":{"_acf_changed":false,"_seopress_robots_primary_cat":"none","_seopress_titles_title":"","_seopress_titles_desc":"","_seopress_robots_index":""},"more":[],"product_brand":[6398],"product_cat":[9873],"product_tag":[6645,8048,8284,7675,6646,6939,7409,6847,10091,7929,14166,7045,7024,7036,6923,6931,14201,17275,11088,6947,6949,6393,6372,6718,17274,6480,6941,7582,6409,6935,7430,7770,6819,14177,6649,8632,17276,8629,6655,8503,7038,8509,8492,6647,6724,9797,7766,7677,6763,6374,6798,6815,6785,6653,6933,7679,6712,6651,6659,17277,7659,7662,12006,7648,6801,6761,6369,6550,6634,8996,7026,7030,6789,6640,6937,6643,6657,6544,6816,6391,6774,6966,12633,7670,7656,7094,7774,9894,9896,15644,6443,6925,6407,6805,17271,13731,6787,9892,6803,6408,6807,6667],"class_list":{"0":"post-22157","1":"product","2":"type-product","3":"status-publish","4":"has-post-thumbnail","6":"product_brand-l1","7":"product_cat-led-et-resine-uv","8":"product_tag-a","9":"product_tag-a-vendre","10":"product_tag-achats-3","11":"product_tag-achats","12":"product_tag-acheter","13":"product_tag-acheter-2","14":"product_tag-acier","15":"product_tag-acier-inoxydable","16":"product_tag-acier-inoxydable-3","17":"product_tag-acrylique","18":"product_tag-allergique","19":"product_tag-almelo","20":"product_tag-almere","21":"product_tag-amersfoort","22":"product_tag-amsterdam","23":"product_tag-anvers","24":"product_tag-ardennes","25":"product_tag-armoire-suspendue","26":"product_tag-armoires","27":"product_tag-arnhem","28":"product_tag-assen","29":"product_tag-belgique","30":"product_tag-bijoux","31":"product_tag-bijoux-3","32":"product_tag-bijoux-commemoratifs-4","33":"product_tag-boites-de-composition","34":"product_tag-brabant","35":"product_tag-breda","36":"product_tag-bricolage","37":"product_tag-bruxelles","38":"product_tag-cabochon","39":"product_tag-camps","40":"product_tag-cernit","41":"product_tag-chirurgicale","42":"product_tag-commande","43":"product_tag-comme","44":"product_tag-composants-de-bijoux-2","45":"product_tag-cremation","46":"product_tag-drenthe","47":"product_tag-dronten","48":"product_tag-eindhoven","49":"product_tag-emmeloord","50":"product_tag-emmen","51":"product_tag-en-ligne","52":"product_tag-envoyer","53":"product_tag-epoxy","54":"product_tag-etreilen","55":"product_tag-fabrication-de-bijoux-par-soi-meme","56":"product_tag-facebook","57":"product_tag-faire","58":"product_tag-faire-2","59":"product_tag-fimo","60":"product_tag-flevoland","61":"product_tag-frise","62":"product_tag-gentilhomme","63":"product_tag-google","64":"product_tag-gratuit","65":"product_tag-groningue","66":"product_tag-gueldre","67":"product_tag-heerenven","68":"product_tag-hollande-du-nord","69":"product_tag-hollande-du-sud","70":"product_tag-hypoallergenique","71":"product_tag-idees","72":"product_tag-il","73":"product_tag-instagram","74":"product_tag-largent","75":"product_tag-largent-2","76":"product_tag-largent-3","77":"product_tag-linspiration","78":"product_tag-lelystad","79":"product_tag-liege","80":"product_tag-limbourg","81":"product_tag-maison","82":"product_tag-ostende","83":"product_tag-ou","84":"product_tag-overijssel","85":"product_tag-pas","86":"product_tag-pate-polymere","87":"product_tag-pays-bas","88":"product_tag-pendentif","89":"product_tag-perles-2","90":"product_tag-pieces-de-bijouterie-3","91":"product_tag-pinterest","92":"product_tag-polder-du-nord-est","93":"product_tag-pont","94":"product_tag-resine","95":"product_tag-resine-2","96":"product_tag-resine-acrylique","97":"product_tag-resine-epoxy","98":"product_tag-resine-uv","99":"product_tag-rotterdam","100":"product_tag-silverclay-co-uk","101":"product_tag-soi","102":"product_tag-son-2","103":"product_tag-tourbiere","104":"product_tag-utrecht","105":"product_tag-uv","106":"product_tag-votre","107":"product_tag-vous","108":"product_tag-vous-2","109":"product_tag-zelande","110":"product_shipping_class-standard","111":"pa_diameter-10mm","112":"pa_diameter-14mm","113":"pa_diameter-18mm","114":"pa_diameter-20mm","115":"pa_diameter-25mm-2","116":"pa_diameter-30mm","118":"first","119":"instock","120":"taxable","121":"shipping-taxable","122":"purchasable","123":"product-type-variable"},"acf":[],"_links":{"self":[{"href":"https:\/\/esquell.eu\/fr\/wp-json\/wp\/v2\/product\/22157","targetHints":{"allow":["GET"]}}],"collection":[{"href":"https:\/\/esquell.eu\/fr\/wp-json\/wp\/v2\/product"}],"about":[{"href":"https:\/\/esquell.eu\/fr\/wp-json\/wp\/v2\/types\/product"}],"replies":[{"embeddable":true,"href":"https:\/\/esquell.eu\/fr\/wp-json\/wp\/v2\/comments?post=22157"}],"wp:featuredmedia":[{"embeddable":true,"href":"https:\/\/esquell.eu\/fr\/wp-json\/wp\/v2\/media\/4603"}],"wp:attachment":[{"href":"https:\/\/esquell.eu\/fr\/wp-json\/wp\/v2\/media?parent=22157"}],"wp:term":[{"taxonomy":"more","embeddable":true,"href":"https:\/\/esquell.eu\/fr\/wp-json\/wp\/v2\/more?post=22157"},{"taxonomy":"product_brand","embeddable":true,"href":"https:\/\/esquell.eu\/fr\/wp-json\/wp\/v2\/product_brand?post=22157"},{"taxonomy":"product_cat","embeddable":true,"href":"https:\/\/esquell.eu\/fr\/wp-json\/wp\/v2\/product_cat?post=22157"},{"taxonomy":"product_tag","embeddable":true,"href":"https:\/\/esquell.eu\/fr\/wp-json\/wp\/v2\/product_tag?post=22157"}],"curies":[{"name":"wp","href":"https:\/\/api.w.org\/{rel}","templated":true}]}}