{"id":22095,"date":"2025-04-04T05:37:19","date_gmt":"2025-04-04T05:37:19","guid":{"rendered":"https:\/\/esquell.eu\/product\/ensemble-de-bagues-cannelees-comprenant-un-tribulet-en-acier-taille-japonaise-ou-europeenne\/"},"modified":"2025-04-04T05:37:19","modified_gmt":"2025-04-04T05:37:19","slug":"ensemble-de-bagues-cannelees-comprenant-un-tribulet-en-acier-taille-japonaise-ou-europeenne","status":"publish","type":"product","link":"https:\/\/esquell.eu\/fr\/produit\/ensemble-de-bagues-cannelees-comprenant-un-tribulet-en-acier-taille-japonaise-ou-europeenne\/","title":{"rendered":"Ensemble de bagues cannel\u00e9es comprenant un tribulet en acier. Taille japonaise ou europ\u00e9enne"},"content":{"rendered":"<p>Joli set complet pour la fabrication et le modelage d&rsquo;anneaux.<\/p>\n<ul>\n<li>Tribulet, mandrin. Longueur totale 27 cm. Diam\u00e8tre inf\u00e9rieur \u00e0 2,4 cm Diam\u00e8tre sup\u00e9rieur \u00e0 1,1 cm Acier massif. Pour agrandir, calibrer et modeler les bagues.   <\/li>\n<li>Marteau pour bijoux avec 1x t\u00eate en caoutchouc et 1x t\u00eate en plastique<\/li>\n<li>Baguette en bois (par exemple pour modeler des anneaux en p\u00e2te \u00e0 modeler).<\/li>\n<li>Boucle d&rsquo;anneau pour d\u00e9terminer la taille de l&rsquo;anneau. Choix d&rsquo;anneaux avec taille europ\u00e9enne ou taille japonaise. (pour l&rsquo;utilisation de silver clay \/ art clay silver, nous recommandons la grappe japonaise car souvent les descriptions de travail fonctionnent \u00e9galement avec ces mesures). <\/li>\n<\/ul>\n","protected":false},"excerpt":{"rendered":"<p>Joli set complet pour la fabrication et le modelage d&rsquo;anneaux.<\/p>\n<ul>\n<li>Tribulet, mandrin. Longueur totale 27 cm. Diam\u00e8tre inf\u00e9rieur \u00e0 2,4 cm Diam\u00e8tre sup\u00e9rieur \u00e0 1,1 cm Acier massif. Pour agrandir, calibrer et modeler les bagues.     <\/li>\n<li>Marteau pour bijoux avec 1x t\u00eate en caoutchouc et 1x t\u00eate en plastique  <\/li>\n<li>Baguette en bois (par exemple pour modeler des anneaux en p\u00e2te \u00e0 modeler).  <\/li>\n<li>Boucle d&rsquo;anneau pour d\u00e9terminer la taille de l&rsquo;anneau. Choix d&rsquo;anneaux avec taille europ\u00e9enne ou taille japonaise. (pour l&rsquo;utilisation de silver clay \/ art clay silver, nous recommandons la grappe japonaise car souvent les descriptions de travail fonctionnent \u00e9galement avec ces mesures).   <\/li>\n<\/ul>\n<p><\/p>\n","protected":false},"featured_media":22097,"comment_status":"closed","ping_status":"closed","template":"","meta":{"_acf_changed":false,"_seopress_robots_primary_cat":"none","_seopress_titles_title":"","_seopress_titles_desc":"","_seopress_robots_index":""},"more":[],"product_brand":[],"product_cat":[7396],"product_tag":[6645,6646,6939,7409,13277,7045,7024,7036,6923,14823,6638,7339,6404,6378,6949,11347,6393,6372,6402,13791,6389,6941,7582,10848,6649,7047,11150,6655,8503,8509,6647,7043,7766,14825,14826,6374,6785,14824,6653,11152,6651,6659,9304,11167,6951,7120,9011,7283,8428,7121,6930,7026,8501,11157,6789,7042,14822,11349,13245,13234,13315,7040,7695,6661,6567,11155,6652,6643,11151,6657,6714,6391,6665,14754,14827,6927,13373,6751,11915,14821,11156,6925,6943,7786,6663,11295,13811,10562,11351,6787,8495,6408,11916,6667,11168,7032],"class_list":{"0":"post-22095","1":"product","2":"type-product","3":"status-publish","4":"has-post-thumbnail","6":"product_cat-outils-pour-anneaux","7":"product_tag-a","8":"product_tag-acheter","9":"product_tag-acheter-2","10":"product_tag-acier","11":"product_tag-acier-3","12":"product_tag-almelo","13":"product_tag-almere","14":"product_tag-amersfoort","15":"product_tag-amsterdam","16":"product_tag-anneau-de","17":"product_tag-anneaux","18":"product_tag-argent-malleable","19":"product_tag-argile-argentee","20":"product_tag-argile-metallique","21":"product_tag-assen","22":"product_tag-baguette","23":"product_tag-belgique","24":"product_tag-bijoux","25":"product_tag-bon-marche","26":"product_tag-bouquet-de-bagues","27":"product_tag-boutique-en-ligne","28":"product_tag-brabant","29":"product_tag-breda","30":"product_tag-caoutchouc","31":"product_tag-commande","32":"product_tag-delft","33":"product_tag-dombourg","34":"product_tag-drenthe","35":"product_tag-dronten","36":"product_tag-emmeloord","37":"product_tag-en-ligne","38":"product_tag-enschede","39":"product_tag-etreilen","40":"product_tag-euro","41":"product_tag-euros","42":"product_tag-faire","43":"product_tag-flevoland","44":"product_tag-florins","45":"product_tag-frise","46":"product_tag-gouda","47":"product_tag-groningue","48":"product_tag-gueldre","49":"product_tag-hardenberg","50":"product_tag-harlingen","51":"product_tag-heerenveen","52":"product_tag-hoogeveen","53":"product_tag-iles-wadden","54":"product_tag-japonais-3","55":"product_tag-kit-de-demarrage","56":"product_tag-la-haye","57":"product_tag-leeuwarden","58":"product_tag-lelystad","59":"product_tag-lemmer","60":"product_tag-les-chiffres","61":"product_tag-limbourg","62":"product_tag-maastricht","63":"product_tag-maillet-en-caoutchouc","64":"product_tag-mandrin","65":"product_tag-marteau-2","66":"product_tag-marteau-pour-bijoux","67":"product_tag-marteaux","68":"product_tag-middelburg","69":"product_tag-modelisation-2","70":"product_tag-nord","71":"product_tag-offrir","72":"product_tag-ommen","73":"product_tag-orfevres","74":"product_tag-ou","75":"product_tag-ouddorp","76":"product_tag-overijssel","77":"product_tag-pack-de-demarrage","78":"product_tag-pays-bas","79":"product_tag-pays-bas-2","80":"product_tag-pieces-de-monnaie","81":"product_tag-pieces-de-monnaie-2","82":"product_tag-plomb","83":"product_tag-prendre","84":"product_tag-reduction","85":"product_tag-renesse","86":"product_tag-ringsizer","87":"product_tag-roosendaal","88":"product_tag-rotterdam","89":"product_tag-scheveningen","90":"product_tag-solide","91":"product_tag-sud","92":"product_tag-taille","93":"product_tag-taille-2","94":"product_tag-taille-de-lanneau","95":"product_tag-tribulet","96":"product_tag-utrecht","97":"product_tag-venlo","98":"product_tag-vous","99":"product_tag-woerden","100":"product_tag-zelande","101":"product_tag-zierikzee","102":"product_tag-zwolle","103":"product_shipping_class-standard","104":"pa_ringenbos-europeen","105":"pa_ringenbos-japonais","107":"first","108":"instock","109":"taxable","110":"shipping-taxable","111":"purchasable","112":"product-type-variable"},"acf":[],"_links":{"self":[{"href":"https:\/\/esquell.eu\/fr\/wp-json\/wp\/v2\/product\/22095","targetHints":{"allow":["GET"]}}],"collection":[{"href":"https:\/\/esquell.eu\/fr\/wp-json\/wp\/v2\/product"}],"about":[{"href":"https:\/\/esquell.eu\/fr\/wp-json\/wp\/v2\/types\/product"}],"replies":[{"embeddable":true,"href":"https:\/\/esquell.eu\/fr\/wp-json\/wp\/v2\/comments?post=22095"}],"wp:featuredmedia":[{"embeddable":true,"href":"https:\/\/esquell.eu\/fr\/wp-json\/wp\/v2\/media\/22097"}],"wp:attachment":[{"href":"https:\/\/esquell.eu\/fr\/wp-json\/wp\/v2\/media?parent=22095"}],"wp:term":[{"taxonomy":"more","embeddable":true,"href":"https:\/\/esquell.eu\/fr\/wp-json\/wp\/v2\/more?post=22095"},{"taxonomy":"product_brand","embeddable":true,"href":"https:\/\/esquell.eu\/fr\/wp-json\/wp\/v2\/product_brand?post=22095"},{"taxonomy":"product_cat","embeddable":true,"href":"https:\/\/esquell.eu\/fr\/wp-json\/wp\/v2\/product_cat?post=22095"},{"taxonomy":"product_tag","embeddable":true,"href":"https:\/\/esquell.eu\/fr\/wp-json\/wp\/v2\/product_tag?post=22095"}],"curies":[{"name":"wp","href":"https:\/\/api.w.org\/{rel}","templated":true}]}}