{"id":21911,"date":"2025-04-03T09:20:55","date_gmt":"2025-04-03T09:20:55","guid":{"rendered":"https:\/\/esquell.eu\/product\/jauge-a-coulisse-numerique-0-150-mm-precision-001-mm\/"},"modified":"2025-04-03T09:20:55","modified_gmt":"2025-04-03T09:20:55","slug":"jauge-a-coulisse-numerique-0-150-mm-precision-001-mm","status":"publish","type":"product","link":"https:\/\/esquell.eu\/fr\/produit\/jauge-a-coulisse-numerique-0-150-mm-precision-001-mm\/","title":{"rendered":"Jauge \u00e0 coulisse. Num\u00e9rique 0-150 MM pr\u00e9cision 0,01 mm"},"content":{"rendered":"<p>La lecture est pr\u00e9cise \u00e0 0,01 mm.<br \/>\nLe pied \u00e0 coulisse est fabriqu\u00e9 en fibre de carbone.<\/p>\n","protected":false},"excerpt":{"rendered":"<p>La lecture est pr\u00e9cise \u00e0 0,01 mm.<br \/>\nLe pied \u00e0 coulisse est fabriqu\u00e9 en fibre de carbone.<\/p>\n","protected":false},"featured_media":7625,"comment_status":"closed","ping_status":"closed","template":"","meta":{"_acf_changed":false,"_seopress_robots_primary_cat":"none","_seopress_titles_title":"","_seopress_titles_desc":"","_seopress_robots_index":""},"more":[],"product_brand":[6398],"product_cat":[6364,10641],"product_tag":[6645,6646,6372,6409,6647,13355,6374,9743,12332,13354,8701,11409,6643,11295],"class_list":{"0":"post-21911","1":"product","2":"type-product","3":"status-publish","4":"has-post-thumbnail","6":"product_brand-l1","7":"product_cat-materiel-supplementaire","8":"product_cat-mesure","9":"product_tag-a","10":"product_tag-acheter","11":"product_tag-bijoux","12":"product_tag-bricolage","13":"product_tag-en-ligne","14":"product_tag-etrier","15":"product_tag-faire","16":"product_tag-lepaisseur","17":"product_tag-la-mesure","18":"product_tag-mesure","19":"product_tag-metal-3","20":"product_tag-numerique","21":"product_tag-ou","22":"product_tag-taille","23":"product_shipping_class-standard","25":"first","26":"instock","27":"taxable","28":"shipping-taxable","29":"purchasable","30":"product-type-simple"},"acf":[],"_links":{"self":[{"href":"https:\/\/esquell.eu\/fr\/wp-json\/wp\/v2\/product\/21911","targetHints":{"allow":["GET"]}}],"collection":[{"href":"https:\/\/esquell.eu\/fr\/wp-json\/wp\/v2\/product"}],"about":[{"href":"https:\/\/esquell.eu\/fr\/wp-json\/wp\/v2\/types\/product"}],"replies":[{"embeddable":true,"href":"https:\/\/esquell.eu\/fr\/wp-json\/wp\/v2\/comments?post=21911"}],"wp:featuredmedia":[{"embeddable":true,"href":"https:\/\/esquell.eu\/fr\/wp-json\/wp\/v2\/media\/7625"}],"wp:attachment":[{"href":"https:\/\/esquell.eu\/fr\/wp-json\/wp\/v2\/media?parent=21911"}],"wp:term":[{"taxonomy":"more","embeddable":true,"href":"https:\/\/esquell.eu\/fr\/wp-json\/wp\/v2\/more?post=21911"},{"taxonomy":"product_brand","embeddable":true,"href":"https:\/\/esquell.eu\/fr\/wp-json\/wp\/v2\/product_brand?post=21911"},{"taxonomy":"product_cat","embeddable":true,"href":"https:\/\/esquell.eu\/fr\/wp-json\/wp\/v2\/product_cat?post=21911"},{"taxonomy":"product_tag","embeddable":true,"href":"https:\/\/esquell.eu\/fr\/wp-json\/wp\/v2\/product_tag?post=21911"}],"curies":[{"name":"wp","href":"https:\/\/api.w.org\/{rel}","templated":true}]}}