{"id":21910,"date":"2025-04-03T09:21:06","date_gmt":"2025-04-03T09:21:06","guid":{"rendered":"https:\/\/esquell.eu\/product\/plan-de-travail-en-teflon-1010-cm-budget-emballe-par-4-feuilles\/"},"modified":"2026-01-17T04:48:19","modified_gmt":"2026-01-17T04:48:19","slug":"plan-de-travail-en-teflon-1010-cm-budget-emballe-par-4-feuilles","status":"publish","type":"product","link":"https:\/\/esquell.eu\/fr\/produit\/plan-de-travail-en-teflon-1010-cm-budget-emballe-par-4-feuilles\/","title":{"rendered":"Plan de travail en t\u00e9flon 10*10 cm. Budget Emball\u00e9 par 4 feuilles"},"content":{"rendered":"<p>Surface de travail r\u00e9sistante \u00e0 la chaleur. 10*10 cm <\/p>\n<p>Emball\u00e9 par 4 feuilles<\/p>\n<p>T\u00e9flon \u00e9pais et robuste<\/p>\n","protected":false},"excerpt":{"rendered":"<p>Surface de travail r\u00e9sistante \u00e0 la chaleur. 10*10 cm <\/p>\n<p>Emball\u00e9 par 4 feuilles<\/p>\n<p>T\u00e9flon \u00e9pais et robuste<\/p>\n","protected":false},"featured_media":21913,"comment_status":"closed","ping_status":"closed","template":"","meta":{"_acf_changed":false,"_seopress_robots_primary_cat":"none","_seopress_titles_title":"","_seopress_titles_desc":"","_seopress_robots_index":""},"more":[],"product_brand":[6521],"product_cat":[7504,7412,6809],"product_tag":[6645,6646,6386,6404,6420,7028,6378,6390,6376,6743,11495,9280,6381,6559,6643,13235,7029,6418,16971,6407,17150,13238,17149,17151],"class_list":{"0":"post-21910","1":"product","2":"type-product","3":"status-publish","4":"has-post-thumbnail","6":"product_brand-promethee","7":"product_cat-argile","8":"product_cat-outils-de-base","9":"product_cat-vente","10":"product_tag-a","11":"product_tag-acheter","12":"product_tag-aida","13":"product_tag-argile-argentee","14":"product_tag-argile-bronze","15":"product_tag-argile-cuivreuse","16":"product_tag-argile-metallique","17":"product_tag-argile-metallique-2","18":"product_tag-artclaysilver","19":"product_tag-distributeur","20":"product_tag-epais","21":"product_tag-grand","22":"product_tag-japon","23":"product_tag-lignes-dartisanat","24":"product_tag-ou","25":"product_tag-plan-de-travail","26":"product_tag-pmc","27":"product_tag-promethee","28":"product_tag-robuste-2","29":"product_tag-silverclay-co-uk","30":"product_tag-tapis-de-sechage","31":"product_tag-tapis-de-travail","32":"product_tag-tefon","33":"product_tag-wermatje","34":"product_shipping_class-standard","36":"first","37":"instock","38":"sale","39":"taxable","40":"shipping-taxable","41":"purchasable","42":"product-type-simple"},"acf":[],"_links":{"self":[{"href":"https:\/\/esquell.eu\/fr\/wp-json\/wp\/v2\/product\/21910","targetHints":{"allow":["GET"]}}],"collection":[{"href":"https:\/\/esquell.eu\/fr\/wp-json\/wp\/v2\/product"}],"about":[{"href":"https:\/\/esquell.eu\/fr\/wp-json\/wp\/v2\/types\/product"}],"replies":[{"embeddable":true,"href":"https:\/\/esquell.eu\/fr\/wp-json\/wp\/v2\/comments?post=21910"}],"wp:featuredmedia":[{"embeddable":true,"href":"https:\/\/esquell.eu\/fr\/wp-json\/wp\/v2\/media\/21913"}],"wp:attachment":[{"href":"https:\/\/esquell.eu\/fr\/wp-json\/wp\/v2\/media?parent=21910"}],"wp:term":[{"taxonomy":"more","embeddable":true,"href":"https:\/\/esquell.eu\/fr\/wp-json\/wp\/v2\/more?post=21910"},{"taxonomy":"product_brand","embeddable":true,"href":"https:\/\/esquell.eu\/fr\/wp-json\/wp\/v2\/product_brand?post=21910"},{"taxonomy":"product_cat","embeddable":true,"href":"https:\/\/esquell.eu\/fr\/wp-json\/wp\/v2\/product_cat?post=21910"},{"taxonomy":"product_tag","embeddable":true,"href":"https:\/\/esquell.eu\/fr\/wp-json\/wp\/v2\/product_tag?post=21910"}],"curies":[{"name":"wp","href":"https:\/\/api.w.org\/{rel}","templated":true}]}}