{"id":21874,"date":"2025-04-03T09:21:06","date_gmt":"2025-04-03T09:21:06","guid":{"rendered":"https:\/\/esquell.eu\/product\/regle-en-acier-inoxydable-30-cm\/"},"modified":"2026-01-10T14:31:50","modified_gmt":"2026-01-10T14:31:50","slug":"regle-en-acier-inoxydable-30-cm","status":"publish","type":"product","link":"https:\/\/esquell.eu\/fr\/produit\/regle-en-acier-inoxydable-30-cm\/","title":{"rendered":"R\u00e8gle en acier inoxydable 30 cm"},"content":{"rendered":"<p>Petite r\u00e8gle en acier inoxydable de 30 cm de long. Un c\u00f4t\u00e9 en cm, l&rsquo;autre en pouces.<br \/>\n\u00c9chelle de mesure sur les bords sup\u00e9rieur et inf\u00e9rieur. <\/p>\n","protected":false},"excerpt":{"rendered":"<p>Petite r\u00e8gle en acier inoxydable de 30 cm de long. Un c\u00f4t\u00e9 en cm, l&rsquo;autre en pouces.<br \/>\n\u00c9chelle de mesure sur les bords sup\u00e9rieur et inf\u00e9rieur. <\/p>\n","protected":false},"featured_media":21875,"comment_status":"closed","ping_status":"closed","template":"","meta":{"_acf_changed":false,"_seopress_robots_primary_cat":"none","_seopress_titles_title":"","_seopress_titles_desc":"","_seopress_robots_index":""},"more":[],"product_brand":[6398],"product_cat":[6364,10641,7412],"product_tag":[6847,17101,13199,13198,7161,17105,13354,17104,17103,13197,17102,17118],"class_list":{"0":"post-21874","1":"product","2":"type-product","3":"status-publish","4":"has-post-thumbnail","6":"product_brand-l1","7":"product_cat-materiel-supplementaire","8":"product_cat-mesure","9":"product_cat-outils-de-base","10":"product_tag-acier-inoxydable","11":"product_tag-acier-inoxydable-7","12":"product_tag-centimetre","13":"product_tag-centimetres","14":"product_tag-cm","15":"product_tag-dimension","16":"product_tag-mesure","17":"product_tag-pouce","18":"product_tag-pouces","19":"product_tag-regle","20":"product_tag-regle-2","21":"product_tag-regle-3","22":"product_shipping_class-standard","24":"first","25":"instock","26":"taxable","27":"shipping-taxable","28":"purchasable","29":"product-type-simple"},"acf":[],"_links":{"self":[{"href":"https:\/\/esquell.eu\/fr\/wp-json\/wp\/v2\/product\/21874","targetHints":{"allow":["GET"]}}],"collection":[{"href":"https:\/\/esquell.eu\/fr\/wp-json\/wp\/v2\/product"}],"about":[{"href":"https:\/\/esquell.eu\/fr\/wp-json\/wp\/v2\/types\/product"}],"replies":[{"embeddable":true,"href":"https:\/\/esquell.eu\/fr\/wp-json\/wp\/v2\/comments?post=21874"}],"wp:featuredmedia":[{"embeddable":true,"href":"https:\/\/esquell.eu\/fr\/wp-json\/wp\/v2\/media\/21875"}],"wp:attachment":[{"href":"https:\/\/esquell.eu\/fr\/wp-json\/wp\/v2\/media?parent=21874"}],"wp:term":[{"taxonomy":"more","embeddable":true,"href":"https:\/\/esquell.eu\/fr\/wp-json\/wp\/v2\/more?post=21874"},{"taxonomy":"product_brand","embeddable":true,"href":"https:\/\/esquell.eu\/fr\/wp-json\/wp\/v2\/product_brand?post=21874"},{"taxonomy":"product_cat","embeddable":true,"href":"https:\/\/esquell.eu\/fr\/wp-json\/wp\/v2\/product_cat?post=21874"},{"taxonomy":"product_tag","embeddable":true,"href":"https:\/\/esquell.eu\/fr\/wp-json\/wp\/v2\/product_tag?post=21874"}],"curies":[{"name":"wp","href":"https:\/\/api.w.org\/{rel}","templated":true}]}}