{"id":21739,"date":"2025-04-03T09:14:30","date_gmt":"2025-04-03T09:14:30","guid":{"rendered":"https:\/\/esquell.eu\/product\/pendentif-en-argent-anneau-argent-925-72-5-mm\/"},"modified":"2025-04-03T09:14:30","modified_gmt":"2025-04-03T09:14:30","slug":"pendentif-en-argent-anneau-argent-925-72-5-mm","status":"publish","type":"product","link":"https:\/\/esquell.eu\/fr\/produit\/pendentif-en-argent-anneau-argent-925-72-5-mm\/","title":{"rendered":"Pendentif en argent, anneau, argent 925 7*2.5 mm"},"content":{"rendered":"<p>Pendentif argent \u0153il, \u0153il \u00e0 crochet Argent 925 7*2.5 mm<\/p>\n","protected":false},"excerpt":{"rendered":"<p><strong>En cas d&rsquo;achat de plusieurs pi\u00e8ces, tr\u00e8s bon march\u00e9<\/strong><\/p>\n<p>Pendentif en argent, anneau, argent 925 7*2.5 mm<\/p>\n<p>&nbsp;<\/p>\n<p>&nbsp;<\/p>\n","protected":false},"featured_media":6342,"comment_status":"closed","ping_status":"closed","template":"","meta":{"_acf_changed":false,"_seopress_robots_primary_cat":"none","_seopress_titles_title":"","_seopress_titles_desc":"","_seopress_robots_index":""},"more":[],"product_brand":[6363],"product_cat":[12319],"product_tag":[6470,14321,14288,6372,14319,6409,11335,12322,14324,6772,16941,14325,12450,11027,16944,6369,6550,6634,12329,14323,6652,6544,12552,9566,14328,10118,8028,14326,6922,6954,9284,6778,6964,6919,6776],"class_list":{"0":"post-21739","1":"product","2":"type-product","3":"status-publish","4":"has-post-thumbnail","6":"product_brand-bm","7":"product_cat-oeillets-de-pendentifs-bails-et-oeillets-a-vis","8":"product_tag-6470","9":"product_tag-alesage","10":"product_tag-bailles","11":"product_tag-bijoux","12":"product_tag-bouchon","13":"product_tag-bricolage","14":"product_tag-caoutchouc-2","15":"product_tag-caution","16":"product_tag-caution-a-linterieur","17":"product_tag-charme","18":"product_tag-conception-de-bijoux-2","19":"product_tag-deplacer","20":"product_tag-faire-3","21":"product_tag-forgeage","22":"product_tag-formes-de-bijoux-2","23":"product_tag-largent","24":"product_tag-largent-2","25":"product_tag-largent-3","26":"product_tag-oeil-2","27":"product_tag-oeil-crochu","28":"product_tag-orfevres","29":"product_tag-pas","30":"product_tag-pendentif-oeil-2","31":"product_tag-perle","32":"product_tag-perle-darret","33":"product_tag-peut","34":"product_tag-pieces-de-bijouterie","35":"product_tag-plus-2","36":"product_tag-pur","37":"product_tag-pur-2","38":"product_tag-pur-3","39":"product_tag-reel","40":"product_tag-sollid","41":"product_tag-sterling","42":"product_tag-vraiment","43":"product_shipping_class-standard","45":"first","46":"instock","47":"taxable","48":"shipping-taxable","49":"purchasable","50":"product-type-simple"},"acf":[],"_links":{"self":[{"href":"https:\/\/esquell.eu\/fr\/wp-json\/wp\/v2\/product\/21739","targetHints":{"allow":["GET"]}}],"collection":[{"href":"https:\/\/esquell.eu\/fr\/wp-json\/wp\/v2\/product"}],"about":[{"href":"https:\/\/esquell.eu\/fr\/wp-json\/wp\/v2\/types\/product"}],"replies":[{"embeddable":true,"href":"https:\/\/esquell.eu\/fr\/wp-json\/wp\/v2\/comments?post=21739"}],"wp:featuredmedia":[{"embeddable":true,"href":"https:\/\/esquell.eu\/fr\/wp-json\/wp\/v2\/media\/6342"}],"wp:attachment":[{"href":"https:\/\/esquell.eu\/fr\/wp-json\/wp\/v2\/media?parent=21739"}],"wp:term":[{"taxonomy":"more","embeddable":true,"href":"https:\/\/esquell.eu\/fr\/wp-json\/wp\/v2\/more?post=21739"},{"taxonomy":"product_brand","embeddable":true,"href":"https:\/\/esquell.eu\/fr\/wp-json\/wp\/v2\/product_brand?post=21739"},{"taxonomy":"product_cat","embeddable":true,"href":"https:\/\/esquell.eu\/fr\/wp-json\/wp\/v2\/product_cat?post=21739"},{"taxonomy":"product_tag","embeddable":true,"href":"https:\/\/esquell.eu\/fr\/wp-json\/wp\/v2\/product_tag?post=21739"}],"curies":[{"name":"wp","href":"https:\/\/api.w.org\/{rel}","templated":true}]}}