{"id":21015,"date":"2025-04-20T12:23:37","date_gmt":"2025-04-20T12:23:37","guid":{"rendered":"https:\/\/esquell.eu\/product\/zirconia-aaaaa-pear-46mm-rhodolite-staff-discount\/"},"modified":"2025-11-07T08:48:19","modified_gmt":"2025-11-07T08:48:19","slug":"zirconia-aaaaa-pear-46mm-rhodolite-staff-discount","status":"publish","type":"product","link":"https:\/\/esquell.eu\/fr\/produit\/zirconia-aaaaa-pear-46mm-rhodolite-staff-discount\/","title":{"rendered":"Zirconia AAAAA Pear 4*6mm Rhodolite STAFF DISCOUNT"},"content":{"rendered":"<p><strong>Remarque : remise suppl\u00e9mentaire en cas d&rsquo;achat de plusieurs pi\u00e8ces<\/strong><\/p>\n<p>Zirconia \/ Cubic Zirconia \/ CZ stone.<br \/>\nHaute qualit\u00e9 5xA quality.<\/p>\n<p>Non r\u00e9sistant \u00e0 la chaleur<\/p>\n<p>En utilisant une bo\u00eete de sertissage \/ des plateaux de sertissage ou des chatons, des sertissages pr\u00eats \u00e0 l&#8217;emploi ou des sertissages faits maison de fil de sertissage, les pierres peuvent \u00eatre ajout\u00e9es \u00e0 votre design.<\/p>\n","protected":false},"excerpt":{"rendered":"<p><strong>Note : Remise suppl\u00e9mentaire en cas de commande de plusieurs pi\u00e8ces<\/strong><\/p>\n<p>Zircone \/ Zircone cubique \/ Pierre CZ. Carr\u00e9 Diff\u00e9rentes tailles.<br \/>\nHaute qualit\u00e9 5xA. <\/p>\n<p>Ne r\u00e9siste pas \u00e0 la chaleur !<\/p>\n<p>&nbsp;<\/p>\n","protected":false},"featured_media":5410,"comment_status":"closed","ping_status":"closed","template":"","meta":{"_acf_changed":false,"_seopress_robots_primary_cat":"none","_seopress_titles_title":"","_seopress_titles_desc":"","_seopress_robots_index":""},"more":[],"product_brand":[6398],"product_cat":[16932],"product_tag":[11988,9296,9299,9303,7664,12038,12573,9989,7760,6386,12032,6638,6404,6378,6390,13147,6372,6642,7191,7223,7418,6402,6641,6389,6796,6409,13135,9385,11090,8057,11561,9480,7188,13149,13151,6649,6706,11842,7245,13146,11026,13131,15359,8318,9997,6486,6743,9384,6647,12531,6374,10110,6481,9392,13119,6381,7255,9459,6403,13124,15340,6559,6478,7681,6640,7398,13156,6567,13128,6652,6643,12000,6710,8053,7279,13127,13121,13139,7420,7644,13013,13125,13126,7426,13122,13118,13120,13137,7252,13143,13130,13123,15333,13141,7266,7055,10802,9467,7248,7264,6408,13159,13129,13145,6482,7604],"class_list":{"0":"post-21015","1":"product","2":"type-product","3":"status-publish","4":"has-post-thumbnail","6":"product_brand-l1","7":"product_cat-zircone-poire","8":"product_tag-11988","9":"product_tag-9296","10":"product_tag-9299","11":"product_tag-9303","12":"product_tag-7664","13":"product_tag-12038","14":"product_tag-a-6","15":"product_tag-aaaaa","16":"product_tag-achats-2","17":"product_tag-aida","18":"product_tag-ambre-2","19":"product_tag-anneaux","20":"product_tag-argile-argentee","21":"product_tag-argile-metallique","22":"product_tag-argile-metallique-2","23":"product_tag-beaucoup","24":"product_tag-bijoux","25":"product_tag-bijoux-2","26":"product_tag-blanc-2","27":"product_tag-bleu","28":"product_tag-boite-de-reglage","29":"product_tag-bon-marche","30":"product_tag-boucles-doreilles","31":"product_tag-boutique-en-ligne","32":"product_tag-boutique-en-ligne-2","33":"product_tag-bricolage","34":"product_tag-brillant-4","35":"product_tag-carre","36":"product_tag-carre-3","37":"product_tag-chaton","38":"product_tag-chute-2","39":"product_tag-clair-2","40":"product_tag-clair","41":"product_tag-colliers","42":"product_tag-collor","43":"product_tag-commande","44":"product_tag-commerce-de-gros","45":"product_tag-couleur","46":"product_tag-couleurs","47":"product_tag-couper-4","48":"product_tag-cubique","49":"product_tag-cubique-2","50":"product_tag-cubique-3","51":"product_tag-cz","52":"product_tag-daimond","53":"product_tag-diamant","54":"product_tag-distributeur","55":"product_tag-divers","56":"product_tag-en-ligne","57":"product_tag-facette","58":"product_tag-faire","59":"product_tag-fait","60":"product_tag-galets","61":"product_tag-gamme","62":"product_tag-grand-2","63":"product_tag-japon","64":"product_tag-jaune","65":"product_tag-jaune-2","66":"product_tag-lor","67":"product_tag-laboratoire","68":"product_tag-laboratoire-2","69":"product_tag-lignes-dartisanat","70":"product_tag-lunette","71":"product_tag-magasin-de-perles","72":"product_tag-maison","73":"product_tag-mettre","74":"product_tag-mulit","75":"product_tag-offrir","76":"product_tag-olive","77":"product_tag-orfevres","78":"product_tag-ou","79":"product_tag-ovale-2","80":"product_tag-pendentifs","81":"product_tag-pierre-3","82":"product_tag-pierre-2","83":"product_tag-pierre-precieuse-2","84":"product_tag-pierres","85":"product_tag-pierres-precieuses-4","86":"product_tag-plateau-de-brassage","87":"product_tag-poli","88":"product_tag-pourpre-2","89":"product_tag-pyramide","90":"product_tag-qui","91":"product_tag-reglage","92":"product_tag-resistant-a-la-chaleur","93":"product_tag-rio","94":"product_tag-riogrande","95":"product_tag-rond-poli","96":"product_tag-rouge","97":"product_tag-saphir","98":"product_tag-swarofski","99":"product_tag-synthetique-2","100":"product_tag-synthetique-3","101":"product_tag-temperature","102":"product_tag-transparent","103":"product_tag-verre","104":"product_tag-verre-2","105":"product_tag-vert-2","106":"product_tag-vert","107":"product_tag-violet","108":"product_tag-vous","109":"product_tag-x","110":"product_tag-zc","111":"product_tag-zircon","112":"product_tag-zircone","113":"product_tag-zircone-2","114":"product_shipping_class-standard","115":"pa_afmeting-36mm","116":"pa_afmeting-48mm","118":"first","119":"instock","120":"taxable","121":"shipping-taxable","122":"purchasable","123":"product-type-simple"},"acf":[],"_links":{"self":[{"href":"https:\/\/esquell.eu\/fr\/wp-json\/wp\/v2\/product\/21015","targetHints":{"allow":["GET"]}}],"collection":[{"href":"https:\/\/esquell.eu\/fr\/wp-json\/wp\/v2\/product"}],"about":[{"href":"https:\/\/esquell.eu\/fr\/wp-json\/wp\/v2\/types\/product"}],"replies":[{"embeddable":true,"href":"https:\/\/esquell.eu\/fr\/wp-json\/wp\/v2\/comments?post=21015"}],"wp:featuredmedia":[{"embeddable":true,"href":"https:\/\/esquell.eu\/fr\/wp-json\/wp\/v2\/media\/5410"}],"wp:attachment":[{"href":"https:\/\/esquell.eu\/fr\/wp-json\/wp\/v2\/media?parent=21015"}],"wp:term":[{"taxonomy":"more","embeddable":true,"href":"https:\/\/esquell.eu\/fr\/wp-json\/wp\/v2\/more?post=21015"},{"taxonomy":"product_brand","embeddable":true,"href":"https:\/\/esquell.eu\/fr\/wp-json\/wp\/v2\/product_brand?post=21015"},{"taxonomy":"product_cat","embeddable":true,"href":"https:\/\/esquell.eu\/fr\/wp-json\/wp\/v2\/product_cat?post=21015"},{"taxonomy":"product_tag","embeddable":true,"href":"https:\/\/esquell.eu\/fr\/wp-json\/wp\/v2\/product_tag?post=21015"}],"curies":[{"name":"wp","href":"https:\/\/api.w.org\/{rel}","templated":true}]}}