{"id":20515,"date":"2025-04-23T22:13:42","date_gmt":"2025-04-23T22:13:42","guid":{"rendered":"https:\/\/esquell.eu\/product\/boite-a-mastic-ovale-999-argent-fin-dentele-differentes-tailles\/"},"modified":"2025-12-22T10:57:34","modified_gmt":"2025-12-22T10:57:34","slug":"boite-a-mastic-ovale-999-argent-fin-dentele-differentes-tailles","status":"publish","type":"product","link":"https:\/\/esquell.eu\/fr\/produit\/boite-a-mastic-ovale-999-argent-fin-dentele-differentes-tailles\/","title":{"rendered":"Bo\u00eete \u00e0 mastic ovale 999 argent fin dentel\u00e9 Diff\u00e9rentes tailles"},"content":{"rendered":"<p>Bo\u00eete \u00e0 mastic ovale,<\/p>\n<p>Argent 999<\/p>\n<p>Finition molet\u00e9e<\/p>\n<p>Diff\u00e9rentes tailles.<\/p>\n","protected":false},"excerpt":{"rendered":"<p>Serti ovale,<\/p>\n<p>Argent 925<\/p>\n<p>Finition molet\u00e9e<\/p>\n<p>Diff\u00e9rentes tailles.<\/p>\n","protected":false},"featured_media":13440,"comment_status":"closed","ping_status":"closed","template":"","meta":{"_acf_changed":false,"_seopress_robots_primary_cat":"none","_seopress_titles_title":"","_seopress_titles_desc":"","_seopress_robots_index":""},"more":[],"product_brand":[7186],"product_cat":[10990],"product_tag":[6477,6476,7418,7430,8057,8318,6369,6550,6634,6478,8053,11012,6922,9284,6778,6964,6776,7414,6482,7604],"class_list":{"0":"post-20515","1":"product","2":"type-product","3":"status-publish","4":"has-post-thumbnail","6":"product_brand-rio","7":"product_cat-reglements-et-chatons","8":"product_tag-6477","9":"product_tag-6476","10":"product_tag-boite-de-reglage","11":"product_tag-cabochon","12":"product_tag-chaton","13":"product_tag-cz","14":"product_tag-largent","15":"product_tag-largent-2","16":"product_tag-largent-3","17":"product_tag-lunette","18":"product_tag-pierre-3","19":"product_tag-pierre-cz","20":"product_tag-pur","21":"product_tag-pur-3","22":"product_tag-reel","23":"product_tag-sollid","24":"product_tag-vraiment","25":"product_tag-zetkast","26":"product_tag-zircone","27":"product_tag-zircone-2","28":"product_shipping_class-standard","29":"pa_afmeting-10-14-mm","30":"pa_afmeting-1012-mm","31":"pa_afmeting-1318-mm","32":"pa_afmeting-64-mm","33":"pa_afmeting-75-mm","34":"pa_afmeting-810-mm","35":"pa_afmeting-86-mm","36":"pa_afmeting-97-mm","38":"first","39":"instock","40":"taxable","41":"shipping-taxable","42":"purchasable","43":"product-type-variable"},"acf":[],"_links":{"self":[{"href":"https:\/\/esquell.eu\/fr\/wp-json\/wp\/v2\/product\/20515","targetHints":{"allow":["GET"]}}],"collection":[{"href":"https:\/\/esquell.eu\/fr\/wp-json\/wp\/v2\/product"}],"about":[{"href":"https:\/\/esquell.eu\/fr\/wp-json\/wp\/v2\/types\/product"}],"replies":[{"embeddable":true,"href":"https:\/\/esquell.eu\/fr\/wp-json\/wp\/v2\/comments?post=20515"}],"wp:featuredmedia":[{"embeddable":true,"href":"https:\/\/esquell.eu\/fr\/wp-json\/wp\/v2\/media\/13440"}],"wp:attachment":[{"href":"https:\/\/esquell.eu\/fr\/wp-json\/wp\/v2\/media?parent=20515"}],"wp:term":[{"taxonomy":"more","embeddable":true,"href":"https:\/\/esquell.eu\/fr\/wp-json\/wp\/v2\/more?post=20515"},{"taxonomy":"product_brand","embeddable":true,"href":"https:\/\/esquell.eu\/fr\/wp-json\/wp\/v2\/product_brand?post=20515"},{"taxonomy":"product_cat","embeddable":true,"href":"https:\/\/esquell.eu\/fr\/wp-json\/wp\/v2\/product_cat?post=20515"},{"taxonomy":"product_tag","embeddable":true,"href":"https:\/\/esquell.eu\/fr\/wp-json\/wp\/v2\/product_tag?post=20515"}],"curies":[{"name":"wp","href":"https:\/\/api.w.org\/{rel}","templated":true}]}}