{"id":20417,"date":"2025-04-23T18:39:04","date_gmt":"2025-04-23T18:39:04","guid":{"rendered":"https:\/\/esquell.eu\/product\/kit-de-parametrage-du-modele-pe1022\/"},"modified":"2025-04-23T18:39:04","modified_gmt":"2025-04-23T18:39:04","slug":"kit-de-parametrage-du-modele-pe1022","status":"publish","type":"product","link":"https:\/\/esquell.eu\/fr\/produit\/kit-de-parametrage-du-modele-pe1022\/","title":{"rendered":"Kit de param\u00e9trage du mod\u00e8le PE1022"},"content":{"rendered":"<p>Gabarit pour la fabrication de bijoux. Transparent, il est facile \u00e0 utiliser et \u00e0 positionner. Utilisez un stylo \u00e0 aiguille pour le d\u00e9coupage. Vous obtiendrez ainsi les meilleurs r\u00e9sultats.   <\/p>\n<p>Id\u00e9al pour combiner avec des cabochons dichro\u00efques<\/p>\n","protected":false},"excerpt":{"rendered":"<p>Gabarit Pam East . Gabarit pour la fabrication de bijoux. Transparent, il est facile \u00e0 utiliser et \u00e0 positionner. Utilisez un stylo \u00e0 aiguille pour le d\u00e9coupage. Vous obtiendrez ainsi les meilleurs r\u00e9sultats.    <\/p>\n<p>&nbsp;<\/p>\n<p>&nbsp;<\/p>\n<p>&nbsp;<\/p>\n<p>&nbsp;<\/p>\n<p>&nbsp;<\/p>\n<p>&nbsp;<\/p>\n","protected":false},"featured_media":5641,"comment_status":"closed","ping_status":"closed","template":"","meta":{"_acf_changed":false,"_seopress_robots_primary_cat":"none","_seopress_titles_title":"","_seopress_titles_desc":"","_seopress_robots_index":""},"more":[],"product_brand":[10590],"product_cat":[11334],"product_tag":[6645,10601,7760,6646,6386,12032,6388,6404,6390,6378,6405,6376,13147,6393,6396,7654,6372,7477,6642,6658,7272,7418,6402,6389,6796,6819,8057,9480,7188,13149,13151,6649,6706,11842,7245,13146,8457,11026,15359,9997,6743,6647,10080,6815,6849,6401,9392,13119,6381,9459,6559,6478,6400,6656,11336,16904,15360,8747,13156,6567,6643,15357,10599,10785,15152,6391,13127,13121,7420,7506,13125,13126,7426,13118,13120,11519,9488,13143,15333,7266,10802,9467,13145,7604],"class_list":{"0":"post-20417","1":"product","2":"type-product","3":"status-publish","4":"has-post-thumbnail","6":"product_brand-pameast","7":"product_cat-gabarits-pour-la-fabrication-de-bijoux","8":"product_tag-a","9":"product_tag-a-lest","10":"product_tag-achats-2","11":"product_tag-acheter","12":"product_tag-aida","13":"product_tag-ambre-2","14":"product_tag-argile","15":"product_tag-argile-argentee","16":"product_tag-argile-metallique-2","17":"product_tag-argile-metallique","18":"product_tag-artclay","19":"product_tag-artclaysilver","20":"product_tag-beaucoup","21":"product_tag-belgique","22":"product_tag-belgique-2","23":"product_tag-bijoux-5","24":"product_tag-bijoux","25":"product_tag-bijoux-4","26":"product_tag-bijoux-2","27":"product_tag-bijoux-en-argile","28":"product_tag-bleu-2","29":"product_tag-boite-de-reglage","30":"product_tag-bon-marche","31":"product_tag-boutique-en-ligne","32":"product_tag-boutique-en-ligne-2","33":"product_tag-cernit","34":"product_tag-chaton","35":"product_tag-clair-2","36":"product_tag-clair","37":"product_tag-colliers","38":"product_tag-collor","39":"product_tag-commande","40":"product_tag-commerce-de-gros","41":"product_tag-couleur","42":"product_tag-couleurs","43":"product_tag-couper-4","44":"product_tag-couper","45":"product_tag-cubique","46":"product_tag-cubique-3","47":"product_tag-daimond","48":"product_tag-distributeur","49":"product_tag-en-ligne","50":"product_tag-fabrication-de-bijoux-2","51":"product_tag-fimo","52":"product_tag-formulaires","53":"product_tag-france","54":"product_tag-gamme","55":"product_tag-grand-2","56":"product_tag-japon","57":"product_tag-jaune-2","58":"product_tag-lignes-dartisanat","59":"product_tag-lunette","60":"product_tag-luxembourg","61":"product_tag-luxembourg-2","62":"product_tag-modele","63":"product_tag-modele-3","64":"product_tag-modeles-3","65":"product_tag-modeles","66":"product_tag-mulit","67":"product_tag-offrir","68":"product_tag-ou","69":"product_tag-ovale-3","70":"product_tag-pam","71":"product_tag-pam-east","72":"product_tag-paris","73":"product_tag-pays-bas","74":"product_tag-pierre-precieuse-2","75":"product_tag-pierres","76":"product_tag-plateau-de-brassage","77":"product_tag-pour","78":"product_tag-pyramide","79":"product_tag-qui","80":"product_tag-reglage","81":"product_tag-rio","82":"product_tag-riogrande","83":"product_tag-ronde-2","84":"product_tag-rouge-2","85":"product_tag-saphir","86":"product_tag-synthetique-3","87":"product_tag-transparent","88":"product_tag-verre-2","89":"product_tag-vert-2","90":"product_tag-zircon","91":"product_tag-zircone-2","92":"product_shipping_class-standard","94":"first","95":"instock","96":"taxable","97":"shipping-taxable","98":"purchasable","99":"product-type-simple"},"acf":[],"_links":{"self":[{"href":"https:\/\/esquell.eu\/fr\/wp-json\/wp\/v2\/product\/20417","targetHints":{"allow":["GET"]}}],"collection":[{"href":"https:\/\/esquell.eu\/fr\/wp-json\/wp\/v2\/product"}],"about":[{"href":"https:\/\/esquell.eu\/fr\/wp-json\/wp\/v2\/types\/product"}],"replies":[{"embeddable":true,"href":"https:\/\/esquell.eu\/fr\/wp-json\/wp\/v2\/comments?post=20417"}],"wp:featuredmedia":[{"embeddable":true,"href":"https:\/\/esquell.eu\/fr\/wp-json\/wp\/v2\/media\/5641"}],"wp:attachment":[{"href":"https:\/\/esquell.eu\/fr\/wp-json\/wp\/v2\/media?parent=20417"}],"wp:term":[{"taxonomy":"more","embeddable":true,"href":"https:\/\/esquell.eu\/fr\/wp-json\/wp\/v2\/more?post=20417"},{"taxonomy":"product_brand","embeddable":true,"href":"https:\/\/esquell.eu\/fr\/wp-json\/wp\/v2\/product_brand?post=20417"},{"taxonomy":"product_cat","embeddable":true,"href":"https:\/\/esquell.eu\/fr\/wp-json\/wp\/v2\/product_cat?post=20417"},{"taxonomy":"product_tag","embeddable":true,"href":"https:\/\/esquell.eu\/fr\/wp-json\/wp\/v2\/product_tag?post=20417"}],"curies":[{"name":"wp","href":"https:\/\/api.w.org\/{rel}","templated":true}]}}