{"id":20380,"date":"2025-04-23T18:20:54","date_gmt":"2025-04-23T18:20:54","guid":{"rendered":"https:\/\/esquell.eu\/product\/surface-de-travail-rotative-pour-largile-plateau-tournant-pour-largile-surface-de-travail-antiadhesive\/"},"modified":"2025-04-23T18:20:54","modified_gmt":"2025-04-23T18:20:54","slug":"surface-de-travail-rotative-pour-largile-plateau-tournant-pour-largile-surface-de-travail-antiadhesive","status":"publish","type":"product","link":"https:\/\/esquell.eu\/fr\/produit\/surface-de-travail-rotative-pour-largile-plateau-tournant-pour-largile-surface-de-travail-antiadhesive\/","title":{"rendered":"Surface de travail rotative pour l&rsquo;argile Plateau tournant pour l&rsquo;argile Surface de travail antiadh\u00e9sive"},"content":{"rendered":"<p>Ce plan de travail rotatif pour l&rsquo;argile de Cool Tools offre une surface lisse et antiadh\u00e9sive sur laquelle l&rsquo;argile m\u00e9tallique n&rsquo;adh\u00e8re pas. La surface de travail rotative est sp\u00e9cialement con\u00e7ue pour r\u00e9aliser des travaux de peinture au pistolet et d&rsquo;autres travaux d\u00e9licats sans effort. <\/p>\n<p>Remarque : il n&rsquo;est PAS recommand\u00e9 de rouler de l&rsquo;argile sur cette planche, car cela pourrait la faire basculer.<\/p>\n<p>La surface antiadh\u00e9sive est facile \u00e0 remplacer si elle s&rsquo;use avec le temps.<\/p>\n","protected":false},"excerpt":{"rendered":"<p>Surface de travail rotative pour l&rsquo;argile Plateau tournant pour l&rsquo;argile Surface de travail antiadh\u00e9sive<\/p>\n","protected":false},"featured_media":5629,"comment_status":"closed","ping_status":"closed","template":"","meta":{"_acf_changed":false,"_seopress_robots_primary_cat":"none","_seopress_titles_title":"","_seopress_titles_desc":"","_seopress_robots_index":""},"more":[],"product_brand":[6736],"product_cat":[7504,11931,7412],"product_tag":[],"class_list":{"0":"post-20380","1":"product","2":"type-product","3":"status-publish","4":"has-post-thumbnail","6":"product_brand-des-outils-sympas","7":"product_cat-argile","8":"product_cat-nouveau","9":"product_cat-outils-de-base","11":"first","12":"instock","13":"taxable","14":"shipping-taxable","15":"purchasable","16":"product-type-simple"},"acf":[],"_links":{"self":[{"href":"https:\/\/esquell.eu\/fr\/wp-json\/wp\/v2\/product\/20380","targetHints":{"allow":["GET"]}}],"collection":[{"href":"https:\/\/esquell.eu\/fr\/wp-json\/wp\/v2\/product"}],"about":[{"href":"https:\/\/esquell.eu\/fr\/wp-json\/wp\/v2\/types\/product"}],"replies":[{"embeddable":true,"href":"https:\/\/esquell.eu\/fr\/wp-json\/wp\/v2\/comments?post=20380"}],"wp:featuredmedia":[{"embeddable":true,"href":"https:\/\/esquell.eu\/fr\/wp-json\/wp\/v2\/media\/5629"}],"wp:attachment":[{"href":"https:\/\/esquell.eu\/fr\/wp-json\/wp\/v2\/media?parent=20380"}],"wp:term":[{"taxonomy":"more","embeddable":true,"href":"https:\/\/esquell.eu\/fr\/wp-json\/wp\/v2\/more?post=20380"},{"taxonomy":"product_brand","embeddable":true,"href":"https:\/\/esquell.eu\/fr\/wp-json\/wp\/v2\/product_brand?post=20380"},{"taxonomy":"product_cat","embeddable":true,"href":"https:\/\/esquell.eu\/fr\/wp-json\/wp\/v2\/product_cat?post=20380"},{"taxonomy":"product_tag","embeddable":true,"href":"https:\/\/esquell.eu\/fr\/wp-json\/wp\/v2\/product_tag?post=20380"}],"curies":[{"name":"wp","href":"https:\/\/api.w.org\/{rel}","templated":true}]}}