{"id":20355,"date":"2025-04-22T19:44:29","date_gmt":"2025-04-22T19:44:29","guid":{"rendered":"https:\/\/esquell.eu\/product\/pam-east-template-texture-set-4-set-de-2-pieces-pe2041\/"},"modified":"2025-11-07T08:10:25","modified_gmt":"2025-11-07T08:10:25","slug":"pam-east-template-texture-set-4-set-de-2-pieces-pe2041","status":"publish","type":"product","link":"https:\/\/esquell.eu\/fr\/produit\/pam-east-template-texture-set-4-set-de-2-pieces-pe2041\/","title":{"rendered":"Pam East Template &amp; Texture. Set 4. Set de 2 pi\u00e8ces PE2041"},"content":{"rendered":"<p>Les jeux de gabarits et de textures de Pam East vous permettent de d\u00e9couper des formes de textures parfaitement adapt\u00e9es au gabarit correspondant. Les textures sont tr\u00e8s profondes, ce qui les rend parfaites pour les \u00e9maux, les r\u00e9sines et les patines. Ces ensembles de mod\u00e8les et de textures sont vraiment uniques.  . Chaque timbre est soigneusement d\u00e9coup\u00e9 au laser pour une impression profonde et magnifique.<\/p>\n","protected":false},"excerpt":{"rendered":"<p>Les jeux de gabarits et de textures de Pam East vous permettent de d\u00e9couper des formes de textures parfaitement adapt\u00e9es au gabarit correspondant.<\/p>\n","protected":false},"featured_media":5568,"comment_status":"closed","ping_status":"closed","template":"","meta":{"_acf_changed":false,"_seopress_robots_primary_cat":"none","_seopress_titles_title":"","_seopress_titles_desc":"","_seopress_robots_index":""},"more":[],"product_brand":[10590],"product_cat":[11334],"product_tag":[6404,6658,11335,6650,6855,8998,8745,11336,6816,11337,11338],"class_list":{"0":"post-20355","1":"product","2":"type-product","3":"status-publish","4":"has-post-thumbnail","6":"product_brand-pameast","7":"product_cat-gabarits-pour-la-fabrication-de-bijoux","8":"product_tag-argile-argentee","9":"product_tag-bijoux-en-argile","10":"product_tag-caoutchouc-2","11":"product_tag-cuivre","12":"product_tag-fixer","13":"product_tag-imprimer","14":"product_tag-la-texture","15":"product_tag-modele","16":"product_tag-pate-polymere","17":"product_tag-tapis-de-texture","18":"product_tag-timbre","19":"product_shipping_class-standard","21":"first","22":"instock","23":"taxable","24":"shipping-taxable","25":"purchasable","26":"product-type-simple"},"acf":[],"_links":{"self":[{"href":"https:\/\/esquell.eu\/fr\/wp-json\/wp\/v2\/product\/20355","targetHints":{"allow":["GET"]}}],"collection":[{"href":"https:\/\/esquell.eu\/fr\/wp-json\/wp\/v2\/product"}],"about":[{"href":"https:\/\/esquell.eu\/fr\/wp-json\/wp\/v2\/types\/product"}],"replies":[{"embeddable":true,"href":"https:\/\/esquell.eu\/fr\/wp-json\/wp\/v2\/comments?post=20355"}],"wp:featuredmedia":[{"embeddable":true,"href":"https:\/\/esquell.eu\/fr\/wp-json\/wp\/v2\/media\/5568"}],"wp:attachment":[{"href":"https:\/\/esquell.eu\/fr\/wp-json\/wp\/v2\/media?parent=20355"}],"wp:term":[{"taxonomy":"more","embeddable":true,"href":"https:\/\/esquell.eu\/fr\/wp-json\/wp\/v2\/more?post=20355"},{"taxonomy":"product_brand","embeddable":true,"href":"https:\/\/esquell.eu\/fr\/wp-json\/wp\/v2\/product_brand?post=20355"},{"taxonomy":"product_cat","embeddable":true,"href":"https:\/\/esquell.eu\/fr\/wp-json\/wp\/v2\/product_cat?post=20355"},{"taxonomy":"product_tag","embeddable":true,"href":"https:\/\/esquell.eu\/fr\/wp-json\/wp\/v2\/product_tag?post=20355"}],"curies":[{"name":"wp","href":"https:\/\/api.w.org\/{rel}","templated":true}]}}