{"id":20333,"date":"2025-04-22T19:10:25","date_gmt":"2025-04-22T19:10:25","guid":{"rendered":"https:\/\/esquell.eu\/product\/modele-modele-avec-de-nombreuses-ovales-differentes\/"},"modified":"2025-04-22T19:10:25","modified_gmt":"2025-04-22T19:10:25","slug":"modele-modele-avec-de-nombreuses-ovales-differentes","status":"publish","type":"product","link":"https:\/\/esquell.eu\/fr\/produit\/modele-modele-avec-de-nombreuses-ovales-differentes\/","title":{"rendered":"Mod\u00e8le, mod\u00e8le avec de nombreuses ovales diff\u00e9rentes."},"content":{"rendered":"<p>Gabarit, adapt\u00e9 \u00e0 la fabrication de bijoux.<br \/>\nOvales de toutes tailles, pour bagues, boucles d&rsquo;oreilles, pendentifs et maillons.<\/p>\n<p>Taille totale du pochoir 15*27 cm<\/p>\n<p>Le pochoir est fabriqu\u00e9 en acrylique solide, l\u00e9g\u00e8rement flexible et transparent. Comme le pochoir est solide, les formes peuvent \u00eatre facilement d\u00e9coup\u00e9es \u00e0 l&rsquo;aide d&rsquo;un cure-argile \/ d&rsquo;un stylo \u00e0 aiguille \/ d&rsquo;un outil \u00e0 aiguille. <\/p>\n","protected":false},"excerpt":{"rendered":"<p>Gabarit, adapt\u00e9 \u00e0 la fabrication de bijoux.<br \/>\nOvales de toutes tailles, pour bagues, boucles d&rsquo;oreilles, pendentifs et maillons.<\/p>\n","protected":false},"featured_media":5547,"comment_status":"closed","ping_status":"closed","template":"","meta":{"_acf_changed":false,"_seopress_robots_primary_cat":"none","_seopress_titles_title":"","_seopress_titles_desc":"","_seopress_robots_index":""},"more":[],"product_brand":[6398],"product_cat":[11334],"product_tag":[6372,7477,14301,6851,16905,16906,10080,7677,6374,16903,16902,11336,16904,8747,7266],"class_list":{"0":"post-20333","1":"product","2":"type-product","3":"status-publish","4":"has-post-thumbnail","6":"product_brand-l1","7":"product_cat-gabarits-pour-la-fabrication-de-bijoux","8":"product_tag-bijoux","9":"product_tag-bijoux-4","10":"product_tag-bijoux-7","11":"product_tag-cutters","12":"product_tag-exceptionnel","13":"product_tag-fabricant-de-bijoux","14":"product_tag-fabrication-de-bijoux-2","15":"product_tag-fabrication-de-bijoux-par-soi-meme","16":"product_tag-faire","17":"product_tag-fermement-brillante","18":"product_tag-formes-de-bijoux","19":"product_tag-modele","20":"product_tag-modele-3","21":"product_tag-modeles","22":"product_tag-transparent","23":"product_shipping_class-standard","25":"first","26":"instock","27":"taxable","28":"shipping-taxable","29":"purchasable","30":"product-type-simple"},"acf":[],"_links":{"self":[{"href":"https:\/\/esquell.eu\/fr\/wp-json\/wp\/v2\/product\/20333","targetHints":{"allow":["GET"]}}],"collection":[{"href":"https:\/\/esquell.eu\/fr\/wp-json\/wp\/v2\/product"}],"about":[{"href":"https:\/\/esquell.eu\/fr\/wp-json\/wp\/v2\/types\/product"}],"replies":[{"embeddable":true,"href":"https:\/\/esquell.eu\/fr\/wp-json\/wp\/v2\/comments?post=20333"}],"wp:featuredmedia":[{"embeddable":true,"href":"https:\/\/esquell.eu\/fr\/wp-json\/wp\/v2\/media\/5547"}],"wp:attachment":[{"href":"https:\/\/esquell.eu\/fr\/wp-json\/wp\/v2\/media?parent=20333"}],"wp:term":[{"taxonomy":"more","embeddable":true,"href":"https:\/\/esquell.eu\/fr\/wp-json\/wp\/v2\/more?post=20333"},{"taxonomy":"product_brand","embeddable":true,"href":"https:\/\/esquell.eu\/fr\/wp-json\/wp\/v2\/product_brand?post=20333"},{"taxonomy":"product_cat","embeddable":true,"href":"https:\/\/esquell.eu\/fr\/wp-json\/wp\/v2\/product_cat?post=20333"},{"taxonomy":"product_tag","embeddable":true,"href":"https:\/\/esquell.eu\/fr\/wp-json\/wp\/v2\/product_tag?post=20333"}],"curies":[{"name":"wp","href":"https:\/\/api.w.org\/{rel}","templated":true}]}}