{"id":20210,"date":"2025-04-27T11:53:44","date_gmt":"2025-04-27T11:53:44","guid":{"rendered":"https:\/\/esquell.eu\/product\/supports-en-silicone-pour-boucles-doreilles-20-paires-45-mm\/"},"modified":"2025-04-27T11:53:44","modified_gmt":"2025-04-27T11:53:44","slug":"supports-en-silicone-pour-boucles-doreilles-20-paires-45-mm","status":"publish","type":"product","link":"https:\/\/esquell.eu\/fr\/produit\/supports-en-silicone-pour-boucles-doreilles-20-paires-45-mm\/","title":{"rendered":"Supports en silicone pour boucles d&rsquo;oreilles 20 paires 4*5 mm"},"content":{"rendered":"<p>Bouchons d&rsquo;oreilles. Silicone. <\/p>\n<p>Dimensions 4*5 mm<\/p>\n<p>A utiliser comme support pour les clous \u00e0 la place du support en argent \/ m\u00e9tal.<\/p>\n<p>Les bouchons en silicone sont doux pour la peau, ne piquent pas et sont solidement fix\u00e9s.<\/p>\n<p>Peut \u00e9galement \u00eatre utilis\u00e9 pour les crochets sans bouchon. Cela permet d&rsquo;\u00e9viter les pertes. <\/p>\n","protected":false},"excerpt":{"rendered":"<p>Bouchons d&rsquo;oreilles. Silicone. <\/p>\n<p>Dimensions 4*5 mm<\/p>\n<p>A utiliser comme support pour les clous \u00e0 la place du support en argent.<\/p>\n<p>Les bouchons en silicone sont doux pour la peau, ne piquent pas et sont solidement fix\u00e9s.<\/p>\n<p>Peut \u00e9galement \u00eatre utilis\u00e9 pour les crochets sans bouchon. Cela permet d&rsquo;\u00e9viter les pertes. <\/p>\n","protected":false},"featured_media":5984,"comment_status":"closed","ping_status":"closed","template":"","meta":{"_acf_changed":false,"_seopress_robots_primary_cat":"none","_seopress_titles_title":"","_seopress_titles_desc":"","_seopress_robots_index":""},"more":[],"product_brand":[6398],"product_cat":[11982,14163,16227],"product_tag":[11988,6755,9296,7469,9299,12048,9303,7664,12038,12046,6645,7760,6646,6939,7409,10091,6945,7024,7647,6923,7096,12077,6947,6949,6393,12085,6402,12105,6641,7814,8994,12027,9407,8426,12121,12132,10330,6389,6796,12108,6409,7770,7817,8739,7762,6649,6706,12111,7778,8897,12071,7047,7053,8489,9652,12034,12059,12114,8503,7038,12016,6647,6724,12040,12242,12031,7766,6374,6798,11027,9280,11996,6712,12024,6651,9304,6951,7120,12089,12006,6801,10092,11992,7121,6930,7026,8501,7042,8837,7040,10255,12097,7034,11155,12056,8901,6637,7313,7353,6643,12000,12068,12241,6391,12117,6927,12101,12135,12054,12043,12123,6925,12020,12093,8511,9300,6805,11295,11984,7651,9295,7764,6787,8495,10094,9648,6803,6807,9977,7032],"class_list":{"0":"post-20210","1":"product","2":"type-product","3":"status-publish","4":"has-post-thumbnail","6":"product_brand-l1","7":"product_cat-boucles-doreilles-925","8":"product_cat-boucles-doreilles-en-acier-inoxydable","9":"product_cat-boucles-doreilles-en-bronze-cuivre-a-o","10":"product_tag-11988","11":"product_tag-6755","12":"product_tag-9296","13":"product_tag-7469","14":"product_tag-9299","15":"product_tag-12048","16":"product_tag-9303","17":"product_tag-7664","18":"product_tag-12038","19":"product_tag-12046","20":"product_tag-a","21":"product_tag-achats-2","22":"product_tag-acheter","23":"product_tag-acheter-2","24":"product_tag-acier","25":"product_tag-acier-inoxydable-3","26":"product_tag-alkmaar","27":"product_tag-almere","28":"product_tag-ameland","29":"product_tag-amsterdam","30":"product_tag-apeldoorn","31":"product_tag-appelscha","32":"product_tag-arnhem","33":"product_tag-assen","34":"product_tag-belgique","35":"product_tag-bellingwolde","36":"product_tag-bon-marche","37":"product_tag-bouchons-4","38":"product_tag-boucles-doreilles","39":"product_tag-boucles-doreilles-2","40":"product_tag-boucles-doreilles-4","41":"product_tag-boucles-doreilles-5","42":"product_tag-boucles-doreilles-diy","43":"product_tag-boucles-doreilles-en-argile","44":"product_tag-boucles-doreilles-en-verre","45":"product_tag-boucles-doreilles-epoxy","46":"product_tag-boucles-doreilles-perlees","47":"product_tag-boutique-en-ligne","48":"product_tag-boutique-en-ligne-2","49":"product_tag-bouton","50":"product_tag-bricolage","51":"product_tag-camps","52":"product_tag-clous-doreilles","53":"product_tag-clous-doreilles-2","54":"product_tag-coevorden","55":"product_tag-commande","56":"product_tag-commerce-de-gros","57":"product_tag-contre-feux","58":"product_tag-corne","59":"product_tag-cornes-doreilles","60":"product_tag-cornes-doreilles-2","61":"product_tag-delft","62":"product_tag-delftzijl","63":"product_tag-den-bosch","64":"product_tag-den-helder","65":"product_tag-doetichem","66":"product_tag-dos","67":"product_tag-dos-de-boucles-doreilles","68":"product_tag-dronten","69":"product_tag-eindhoven","70":"product_tag-elburg","71":"product_tag-en-ligne","72":"product_tag-envoyer","73":"product_tag-epingle","74":"product_tag-epingle-a-boucle-doreille","75":"product_tag-etalon","76":"product_tag-etreilen","77":"product_tag-faire","78":"product_tag-faire-2","79":"product_tag-forgeage","80":"product_tag-grand","81":"product_tag-grande","82":"product_tag-gratuit","83":"product_tag-gratuit-2","84":"product_tag-groningue","85":"product_tag-hardenberg","86":"product_tag-heerenveen","87":"product_tag-hoogeveen","88":"product_tag-hoogezand","89":"product_tag-hypoallergenique","90":"product_tag-il","91":"product_tag-inox","92":"product_tag-inoxydable","93":"product_tag-la-haye","94":"product_tag-leeuwarden","95":"product_tag-lelystad","96":"product_tag-lemmer","97":"product_tag-maastricht","98":"product_tag-meilleur","99":"product_tag-middelburg","100":"product_tag-mm","101":"product_tag-nes","102":"product_tag-nijmegen","103":"product_tag-ommen","104":"product_tag-oreille","105":"product_tag-oreillettes","106":"product_tag-orfevre","107":"product_tag-orfevre-2","108":"product_tag-orfevres-3","109":"product_tag-ou","110":"product_tag-ovale-2","111":"product_tag-papillons","112":"product_tag-papillons-2","113":"product_tag-pays-bas","114":"product_tag-pieces-de-boucles-doreilles","115":"product_tag-plomb","116":"product_tag-poucette","117":"product_tag-poucettes","118":"product_tag-qualite-des-bijoux","119":"product_tag-retour","120":"product_tag-riles","121":"product_tag-rotterdam","122":"product_tag-rouille","123":"product_tag-sappermeer","124":"product_tag-se-faufiler","125":"product_tag-serrure","126":"product_tag-soi","127":"product_tag-taille","128":"product_tag-terneuzen","129":"product_tag-texel","130":"product_tag-tiel","131":"product_tag-urk","132":"product_tag-utrecht","133":"product_tag-venlo","134":"product_tag-voler","135":"product_tag-vollenhove","136":"product_tag-votre","137":"product_tag-vous-2","138":"product_tag-winschoten","139":"product_tag-zwolle","140":"product_shipping_class-standard","142":"first","143":"instock","144":"taxable","145":"shipping-taxable","146":"purchasable","147":"product-type-simple"},"acf":[],"_links":{"self":[{"href":"https:\/\/esquell.eu\/fr\/wp-json\/wp\/v2\/product\/20210","targetHints":{"allow":["GET"]}}],"collection":[{"href":"https:\/\/esquell.eu\/fr\/wp-json\/wp\/v2\/product"}],"about":[{"href":"https:\/\/esquell.eu\/fr\/wp-json\/wp\/v2\/types\/product"}],"replies":[{"embeddable":true,"href":"https:\/\/esquell.eu\/fr\/wp-json\/wp\/v2\/comments?post=20210"}],"wp:featuredmedia":[{"embeddable":true,"href":"https:\/\/esquell.eu\/fr\/wp-json\/wp\/v2\/media\/5984"}],"wp:attachment":[{"href":"https:\/\/esquell.eu\/fr\/wp-json\/wp\/v2\/media?parent=20210"}],"wp:term":[{"taxonomy":"more","embeddable":true,"href":"https:\/\/esquell.eu\/fr\/wp-json\/wp\/v2\/more?post=20210"},{"taxonomy":"product_brand","embeddable":true,"href":"https:\/\/esquell.eu\/fr\/wp-json\/wp\/v2\/product_brand?post=20210"},{"taxonomy":"product_cat","embeddable":true,"href":"https:\/\/esquell.eu\/fr\/wp-json\/wp\/v2\/product_cat?post=20210"},{"taxonomy":"product_tag","embeddable":true,"href":"https:\/\/esquell.eu\/fr\/wp-json\/wp\/v2\/product_tag?post=20210"}],"curies":[{"name":"wp","href":"https:\/\/api.w.org\/{rel}","templated":true}]}}