{"id":20064,"date":"2025-04-28T09:48:48","date_gmt":"2025-04-28T09:48:48","guid":{"rendered":"https:\/\/esquell.eu\/product\/spatule-universelle-pour-le-four-pour-ramasser-les-triverts-ou-les-grilles\/"},"modified":"2025-04-28T09:48:48","modified_gmt":"2025-04-28T09:48:48","slug":"spatule-universelle-pour-le-four-pour-ramasser-les-triverts-ou-les-grilles","status":"publish","type":"product","link":"https:\/\/esquell.eu\/fr\/produit\/spatule-universelle-pour-le-four-pour-ramasser-les-triverts-ou-les-grilles\/","title":{"rendered":"Spatule universelle pour le four pour ramasser les triverts ou les grilles."},"content":{"rendered":"<p>Cette spatule universelle en acier inoxydable, con\u00e7ue par Pam East, est dot\u00e9e d&rsquo;une lame effil\u00e9e et l\u00e9g\u00e8rement incurv\u00e9e, id\u00e9ale pour ramasser tous les triverts et grils, des plus petits aux plus grands.<\/p>\n<p>La spatule en acier inoxydable se compose de deux parties, ce qui vous permet de la plier pour la ranger ou l&#8217;emporter avec vous, et de la remonter en quelques secondes si n\u00e9cessaire.<\/p>\n<p>Le manche moul\u00e9 offre un soutien et une prise fermes lors de l&rsquo;utilisation de la spatule. Un simple \u00e9crou \u00e0 oreilles permet de fixer le manche en position ferm\u00e9e ou ouverte. <\/p>\n","protected":false},"excerpt":{"rendered":"<p>Cette spatule universelle en acier inoxydable, con\u00e7ue par Pam East, est dot\u00e9e d&rsquo;une lame effil\u00e9e et l\u00e9g\u00e8rement incurv\u00e9e, id\u00e9ale pour ramasser tous les triverts et grils, des plus petits aux plus grands.<\/p>\n","protected":false},"featured_media":6153,"comment_status":"closed","ping_status":"closed","template":"","meta":{"_acf_changed":false,"_seopress_robots_primary_cat":"none","_seopress_titles_title":"","_seopress_titles_desc":"","_seopress_robots_index":""},"more":[],"product_brand":[10590],"product_cat":[9823,6705,7468],"product_tag":[],"class_list":{"0":"post-20064","1":"product","2":"type-product","3":"status-publish","4":"has-post-thumbnail","6":"product_brand-pameast","7":"product_cat-bake-off","8":"product_cat-outils-et-fournitures-pour-lemaillage","9":"product_cat-outils-et-fournitures-pour-le-verre","11":"first","12":"instock","13":"taxable","14":"shipping-taxable","15":"purchasable","16":"product-type-simple"},"acf":[],"_links":{"self":[{"href":"https:\/\/esquell.eu\/fr\/wp-json\/wp\/v2\/product\/20064","targetHints":{"allow":["GET"]}}],"collection":[{"href":"https:\/\/esquell.eu\/fr\/wp-json\/wp\/v2\/product"}],"about":[{"href":"https:\/\/esquell.eu\/fr\/wp-json\/wp\/v2\/types\/product"}],"replies":[{"embeddable":true,"href":"https:\/\/esquell.eu\/fr\/wp-json\/wp\/v2\/comments?post=20064"}],"wp:featuredmedia":[{"embeddable":true,"href":"https:\/\/esquell.eu\/fr\/wp-json\/wp\/v2\/media\/6153"}],"wp:attachment":[{"href":"https:\/\/esquell.eu\/fr\/wp-json\/wp\/v2\/media?parent=20064"}],"wp:term":[{"taxonomy":"more","embeddable":true,"href":"https:\/\/esquell.eu\/fr\/wp-json\/wp\/v2\/more?post=20064"},{"taxonomy":"product_brand","embeddable":true,"href":"https:\/\/esquell.eu\/fr\/wp-json\/wp\/v2\/product_brand?post=20064"},{"taxonomy":"product_cat","embeddable":true,"href":"https:\/\/esquell.eu\/fr\/wp-json\/wp\/v2\/product_cat?post=20064"},{"taxonomy":"product_tag","embeddable":true,"href":"https:\/\/esquell.eu\/fr\/wp-json\/wp\/v2\/product_tag?post=20064"}],"curies":[{"name":"wp","href":"https:\/\/api.w.org\/{rel}","templated":true}]}}