{"id":20031,"date":"2025-04-27T16:08:03","date_gmt":"2025-04-27T16:08:03","guid":{"rendered":"https:\/\/esquell.eu\/product\/boucles-doreilles-en-bronze-pur\/"},"modified":"2025-11-06T15:42:40","modified_gmt":"2025-11-06T15:42:40","slug":"boucles-doreilles-en-bronze-pur","status":"publish","type":"product","link":"https:\/\/esquell.eu\/fr\/produit\/boucles-doreilles-en-bronze-pur\/","title":{"rendered":"Boucles d&rsquo;oreilles en bronze pur."},"content":{"rendered":"<div class=\"product-addition-content\">\n<p>1 paire<\/p>\n<p>Crochet de boucle d&rsquo;oreille en bronze.<\/p>\n<p>Ces crochets se marient parfaitement avec les bijoux en bronze.<\/p>\n<p>Hauteur de 16,3 mm<br \/>\nL&rsquo;\u0153illet ouvert cach\u00e9 facilite l&rsquo;utilisation du crochet.<\/p>\n<p>Comme il s&rsquo;agit de crochets en bronze, une patine naturelle peut appara\u00eetre avec le temps. Elle s&rsquo;enl\u00e8ve facilement \u00e0 l&rsquo;aide d&rsquo;un chiffon de polissage. <\/p>\n<p>Le traitement du crochet permet d&rsquo;\u00e9viter la patine naturelle.<\/p>\n<\/div>\n","protected":false},"excerpt":{"rendered":"<div class=\"product-addition-content\">\n<div class=\"product-addition-content\">\n<div class=\"product-addition-content\">\n<p>Crochets de boucles d&rsquo;oreilles. EN ACIER INOXYDABLE. Couleur cuivre  <\/p>\n<p>Les bijoux et composants de bijoux en acier inoxydable sont hypoallerg\u00e9niques. Ils sont \u00e9galement appel\u00e9s acier chirurgical ou acier inoxydable. Les pi\u00e8ces de bijouterie en acier inoxydable provoquent rarement, voire jamais, de r\u00e9action allergique.  <\/p>\n<\/div>\n<\/div>\n<\/div>\n","protected":false},"featured_media":6110,"comment_status":"closed","ping_status":"closed","template":"","meta":{"_acf_changed":false,"_seopress_robots_primary_cat":"none","_seopress_titles_title":"","_seopress_titles_desc":"","_seopress_robots_index":""},"more":[],"product_brand":[6736],"product_cat":[16227],"product_tag":[11988,6755,9296,7469,9299,12048,9303,7664,12038,12046,6645,7760,6646,6939,7409,10091,6945,7024,7647,6923,7096,12077,6947,6949,6393,12085,6402,12105,6641,7814,6389,6796,12108,6409,7770,8739,7762,6649,6706,7778,8897,12071,7047,7053,8489,9652,12034,12059,8503,7038,12016,6647,6724,12040,12031,7766,6374,6798,9280,11996,6712,12024,6651,9304,6951,7120,12089,12006,6801,10092,11992,7121,6930,7026,8501,7042,8837,7040,10255,12097,7034,11155,12056,6643,12000,12068,12241,6391,6927,12101,12054,12043,6925,12020,12093,8511,9300,6805,11295,11984,7651,9295,7764,6787,8495,10094,9648,6803,6807,9977,7032],"class_list":{"0":"post-20031","1":"product","2":"type-product","3":"status-publish","4":"has-post-thumbnail","6":"product_brand-des-outils-sympas","7":"product_cat-boucles-doreilles-en-bronze-cuivre-a-o","8":"product_tag-11988","9":"product_tag-6755","10":"product_tag-9296","11":"product_tag-7469","12":"product_tag-9299","13":"product_tag-12048","14":"product_tag-9303","15":"product_tag-7664","16":"product_tag-12038","17":"product_tag-12046","18":"product_tag-a","19":"product_tag-achats-2","20":"product_tag-acheter","21":"product_tag-acheter-2","22":"product_tag-acier","23":"product_tag-acier-inoxydable-3","24":"product_tag-alkmaar","25":"product_tag-almere","26":"product_tag-ameland","27":"product_tag-amsterdam","28":"product_tag-apeldoorn","29":"product_tag-appelscha","30":"product_tag-arnhem","31":"product_tag-assen","32":"product_tag-belgique","33":"product_tag-bellingwolde","34":"product_tag-bon-marche","35":"product_tag-bouchons-4","36":"product_tag-boucles-doreilles","37":"product_tag-boucles-doreilles-2","38":"product_tag-boutique-en-ligne","39":"product_tag-boutique-en-ligne-2","40":"product_tag-bouton","41":"product_tag-bricolage","42":"product_tag-camps","43":"product_tag-clous-doreilles-2","44":"product_tag-coevorden","45":"product_tag-commande","46":"product_tag-commerce-de-gros","47":"product_tag-corne","48":"product_tag-cornes-doreilles","49":"product_tag-cornes-doreilles-2","50":"product_tag-delft","51":"product_tag-delftzijl","52":"product_tag-den-bosch","53":"product_tag-den-helder","54":"product_tag-doetichem","55":"product_tag-dos","56":"product_tag-dronten","57":"product_tag-eindhoven","58":"product_tag-elburg","59":"product_tag-en-ligne","60":"product_tag-envoyer","61":"product_tag-epingle","62":"product_tag-etalon","63":"product_tag-etreilen","64":"product_tag-faire","65":"product_tag-faire-2","66":"product_tag-grand","67":"product_tag-grande","68":"product_tag-gratuit","69":"product_tag-gratuit-2","70":"product_tag-groningue","71":"product_tag-hardenberg","72":"product_tag-heerenveen","73":"product_tag-hoogeveen","74":"product_tag-hoogezand","75":"product_tag-hypoallergenique","76":"product_tag-il","77":"product_tag-inox","78":"product_tag-inoxydable","79":"product_tag-la-haye","80":"product_tag-leeuwarden","81":"product_tag-lelystad","82":"product_tag-lemmer","83":"product_tag-maastricht","84":"product_tag-meilleur","85":"product_tag-middelburg","86":"product_tag-mm","87":"product_tag-nes","88":"product_tag-nijmegen","89":"product_tag-ommen","90":"product_tag-oreille","91":"product_tag-ou","92":"product_tag-ovale-2","93":"product_tag-papillons","94":"product_tag-papillons-2","95":"product_tag-pays-bas","96":"product_tag-plomb","97":"product_tag-poucette","98":"product_tag-qualite-des-bijoux","99":"product_tag-retour","100":"product_tag-rotterdam","101":"product_tag-rouille","102":"product_tag-sappermeer","103":"product_tag-se-faufiler","104":"product_tag-serrure","105":"product_tag-soi","106":"product_tag-taille","107":"product_tag-terneuzen","108":"product_tag-texel","109":"product_tag-tiel","110":"product_tag-urk","111":"product_tag-utrecht","112":"product_tag-venlo","113":"product_tag-voler","114":"product_tag-vollenhove","115":"product_tag-votre","116":"product_tag-vous-2","117":"product_tag-winschoten","118":"product_tag-zwolle","119":"product_shipping_class-standard","121":"first","122":"instock","123":"taxable","124":"shipping-taxable","125":"purchasable","126":"product-type-simple"},"acf":[],"_links":{"self":[{"href":"https:\/\/esquell.eu\/fr\/wp-json\/wp\/v2\/product\/20031","targetHints":{"allow":["GET"]}}],"collection":[{"href":"https:\/\/esquell.eu\/fr\/wp-json\/wp\/v2\/product"}],"about":[{"href":"https:\/\/esquell.eu\/fr\/wp-json\/wp\/v2\/types\/product"}],"replies":[{"embeddable":true,"href":"https:\/\/esquell.eu\/fr\/wp-json\/wp\/v2\/comments?post=20031"}],"wp:featuredmedia":[{"embeddable":true,"href":"https:\/\/esquell.eu\/fr\/wp-json\/wp\/v2\/media\/6110"}],"wp:attachment":[{"href":"https:\/\/esquell.eu\/fr\/wp-json\/wp\/v2\/media?parent=20031"}],"wp:term":[{"taxonomy":"more","embeddable":true,"href":"https:\/\/esquell.eu\/fr\/wp-json\/wp\/v2\/more?post=20031"},{"taxonomy":"product_brand","embeddable":true,"href":"https:\/\/esquell.eu\/fr\/wp-json\/wp\/v2\/product_brand?post=20031"},{"taxonomy":"product_cat","embeddable":true,"href":"https:\/\/esquell.eu\/fr\/wp-json\/wp\/v2\/product_cat?post=20031"},{"taxonomy":"product_tag","embeddable":true,"href":"https:\/\/esquell.eu\/fr\/wp-json\/wp\/v2\/product_tag?post=20031"}],"curies":[{"name":"wp","href":"https:\/\/api.w.org\/{rel}","templated":true}]}}