{"id":19981,"date":"2025-04-27T16:00:17","date_gmt":"2025-04-27T16:00:17","guid":{"rendered":"https:\/\/esquell.eu\/product\/crochets-de-boucles-doreilles-en-acier-inoxydable-couleur-cuivre-5-paires\/"},"modified":"2026-01-17T04:51:56","modified_gmt":"2026-01-17T04:51:56","slug":"crochets-de-boucles-doreilles-en-acier-inoxydable-couleur-cuivre-5-paires","status":"publish","type":"product","link":"https:\/\/esquell.eu\/fr\/produit\/crochets-de-boucles-doreilles-en-acier-inoxydable-couleur-cuivre-5-paires\/","title":{"rendered":"Crochets de boucles d&rsquo;oreilles en acier inoxydable couleur cuivre Emball\u00e9 par 5 paires"},"content":{"rendered":"<div class=\"product-addition-content\">\n<p>Crochets de boucles d&rsquo;oreilles. EN ACIER INOXYDABLE. Couleur cuivre  <\/p>\n<div class=\"product-addition-content\">\n<div class=\"product-addition-content\">\n<div class=\"product-addition-content\">\n<div class=\"product-addition-content\">\n<p>Les bijoux et composants de bijoux en acier inoxydable sont hypoallerg\u00e9niques. Ils sont \u00e9galement appel\u00e9s acier chirurgical ou acier inoxydable. Les pi\u00e8ces de bijouterie en acier inoxydable provoquent rarement, voire jamais, de r\u00e9action allergique.  <\/p>\n<\/div>\n<\/div>\n<\/div>\n<\/div>\n<\/div>\n","protected":false},"excerpt":{"rendered":"<div class=\"product-addition-content\">\n<div class=\"product-addition-content\">\n<div class=\"product-addition-content\">\n<p>Crochets de boucles d&rsquo;oreilles. EN ACIER INOXYDABLE. Couleur cuivre  <\/p>\n<p>Les bijoux et composants de bijoux en acier inoxydable sont hypoallerg\u00e9niques. Ils sont \u00e9galement appel\u00e9s acier chirurgical ou acier inoxydable. Les pi\u00e8ces de bijouterie en acier inoxydable provoquent rarement, voire jamais, de r\u00e9action allergique.  <\/p>\n<\/div>\n<\/div>\n<\/div>\n","protected":false},"featured_media":29696,"comment_status":"closed","ping_status":"closed","template":"","meta":{"_acf_changed":false,"_seopress_robots_primary_cat":"none","_seopress_titles_title":"","_seopress_titles_desc":"","_seopress_robots_index":""},"more":[],"product_brand":[6398],"product_cat":[14163,16227],"product_tag":[11988,6755,9296,7469,9299,12048,21944,9303,7664,12038,12046,6645,7760,6646,6939,7409,6847,10091,6945,7024,7647,6923,7096,12077,6947,6949,6393,12085,6402,12105,6641,7814,6389,6796,12108,6409,7770,8739,7762,6649,6706,7778,8897,12071,21942,6650,7047,7053,8489,9652,12034,12059,8503,7038,12016,6647,6724,12040,12031,7766,6374,6798,9280,11996,6712,12024,6651,9304,6951,7120,12089,12006,6801,10092,11992,7121,6930,7026,8501,7042,8837,7040,10255,12097,7034,11155,12056,6643,12000,12068,12241,6391,6927,12101,12054,12043,6925,12020,12093,8511,9300,6805,11295,11984,7651,9295,7764,6787,8495,10094,9648,6803,6807,9977,7032],"class_list":{"0":"post-19981","1":"product","2":"type-product","3":"status-publish","4":"has-post-thumbnail","6":"product_brand-l1","7":"product_cat-boucles-doreilles-en-acier-inoxydable","8":"product_cat-boucles-doreilles-en-bronze-cuivre-a-o","9":"product_tag-11988","10":"product_tag-6755","11":"product_tag-9296","12":"product_tag-7469","13":"product_tag-9299","14":"product_tag-12048","15":"product_tag-21944","16":"product_tag-9303","17":"product_tag-7664","18":"product_tag-12038","19":"product_tag-12046","20":"product_tag-a","21":"product_tag-achats-2","22":"product_tag-acheter","23":"product_tag-acheter-2","24":"product_tag-acier","25":"product_tag-acier-inoxydable","26":"product_tag-acier-inoxydable-3","27":"product_tag-alkmaar","28":"product_tag-almere","29":"product_tag-ameland","30":"product_tag-amsterdam","31":"product_tag-apeldoorn","32":"product_tag-appelscha","33":"product_tag-arnhem","34":"product_tag-assen","35":"product_tag-belgique","36":"product_tag-bellingwolde","37":"product_tag-bon-marche","38":"product_tag-bouchons-4","39":"product_tag-boucles-doreilles","40":"product_tag-boucles-doreilles-2","41":"product_tag-boutique-en-ligne","42":"product_tag-boutique-en-ligne-2","43":"product_tag-bouton","44":"product_tag-bricolage","45":"product_tag-camps","46":"product_tag-clous-doreilles-2","47":"product_tag-coevorden","48":"product_tag-commande","49":"product_tag-commerce-de-gros","50":"product_tag-corne","51":"product_tag-cornes-doreilles","52":"product_tag-cornes-doreilles-2","53":"product_tag-couleur-cuivre","54":"product_tag-cuivre","55":"product_tag-delft","56":"product_tag-delftzijl","57":"product_tag-den-bosch","58":"product_tag-den-helder","59":"product_tag-doetichem","60":"product_tag-dos","61":"product_tag-dronten","62":"product_tag-eindhoven","63":"product_tag-elburg","64":"product_tag-en-ligne","65":"product_tag-envoyer","66":"product_tag-epingle","67":"product_tag-etalon","68":"product_tag-etreilen","69":"product_tag-faire","70":"product_tag-faire-2","71":"product_tag-grand","72":"product_tag-grande","73":"product_tag-gratuit","74":"product_tag-gratuit-2","75":"product_tag-groningue","76":"product_tag-hardenberg","77":"product_tag-heerenveen","78":"product_tag-hoogeveen","79":"product_tag-hoogezand","80":"product_tag-hypoallergenique","81":"product_tag-il","82":"product_tag-inox","83":"product_tag-inoxydable","84":"product_tag-la-haye","85":"product_tag-leeuwarden","86":"product_tag-lelystad","87":"product_tag-lemmer","88":"product_tag-maastricht","89":"product_tag-meilleur","90":"product_tag-middelburg","91":"product_tag-mm","92":"product_tag-nes","93":"product_tag-nijmegen","94":"product_tag-ommen","95":"product_tag-oreille","96":"product_tag-ou","97":"product_tag-ovale-2","98":"product_tag-papillons","99":"product_tag-papillons-2","100":"product_tag-pays-bas","101":"product_tag-plomb","102":"product_tag-poucette","103":"product_tag-qualite-des-bijoux","104":"product_tag-retour","105":"product_tag-rotterdam","106":"product_tag-rouille","107":"product_tag-sappermeer","108":"product_tag-se-faufiler","109":"product_tag-serrure","110":"product_tag-soi","111":"product_tag-taille","112":"product_tag-terneuzen","113":"product_tag-texel","114":"product_tag-tiel","115":"product_tag-urk","116":"product_tag-utrecht","117":"product_tag-venlo","118":"product_tag-voler","119":"product_tag-vollenhove","120":"product_tag-votre","121":"product_tag-vous-2","122":"product_tag-winschoten","123":"product_tag-zwolle","124":"product_shipping_class-standard","126":"first","127":"instock","128":"taxable","129":"shipping-taxable","130":"purchasable","131":"product-type-simple"},"acf":[],"_links":{"self":[{"href":"https:\/\/esquell.eu\/fr\/wp-json\/wp\/v2\/product\/19981","targetHints":{"allow":["GET"]}}],"collection":[{"href":"https:\/\/esquell.eu\/fr\/wp-json\/wp\/v2\/product"}],"about":[{"href":"https:\/\/esquell.eu\/fr\/wp-json\/wp\/v2\/types\/product"}],"replies":[{"embeddable":true,"href":"https:\/\/esquell.eu\/fr\/wp-json\/wp\/v2\/comments?post=19981"}],"wp:featuredmedia":[{"embeddable":true,"href":"https:\/\/esquell.eu\/fr\/wp-json\/wp\/v2\/media\/29696"}],"wp:attachment":[{"href":"https:\/\/esquell.eu\/fr\/wp-json\/wp\/v2\/media?parent=19981"}],"wp:term":[{"taxonomy":"more","embeddable":true,"href":"https:\/\/esquell.eu\/fr\/wp-json\/wp\/v2\/more?post=19981"},{"taxonomy":"product_brand","embeddable":true,"href":"https:\/\/esquell.eu\/fr\/wp-json\/wp\/v2\/product_brand?post=19981"},{"taxonomy":"product_cat","embeddable":true,"href":"https:\/\/esquell.eu\/fr\/wp-json\/wp\/v2\/product_cat?post=19981"},{"taxonomy":"product_tag","embeddable":true,"href":"https:\/\/esquell.eu\/fr\/wp-json\/wp\/v2\/product_tag?post=19981"}],"curies":[{"name":"wp","href":"https:\/\/api.w.org\/{rel}","templated":true}]}}