{"id":19959,"date":"2025-04-27T15:15:15","date_gmt":"2025-04-27T15:15:15","guid":{"rendered":"https:\/\/esquell.eu\/product\/clips-doreille-argentes-avec-protecteurs-en-silicone-1-paire\/"},"modified":"2025-11-06T15:41:47","modified_gmt":"2025-11-06T15:41:47","slug":"clips-doreille-argentes-avec-protecteurs-en-silicone-1-paire","status":"publish","type":"product","link":"https:\/\/esquell.eu\/fr\/produit\/clips-doreille-argentes-avec-protecteurs-en-silicone-1-paire\/","title":{"rendered":"Clips d&rsquo;oreille argent\u00e9s avec protecteurs en silicone. 1 paire."},"content":{"rendered":"<div class=\"product-addition-content\">\n<div class=\"product-addition-content\">\n<div class=\"product-addition-content\">\n<p>1 paire<\/p>\n<div class=\"product-addition-content\">\n<div class=\"product-addition-content\">\n<p>Clips d&rsquo;oreilles en argent avec \u00e9pingle pour attacher le dessus.<\/p>\n<p>Argent 925.<\/p>\n<p>Protecteurs en silicone pour \u00e9viter les maux d&rsquo;oreilles<\/p>\n<p>Utilisez pour attacher les dessus de p\u00e2te \u00e0 modeler, de verre, de p\u00e2te polym\u00e8re, etc.<\/p>\n<\/div>\n<\/div>\n<\/div>\n<\/div>\n<\/div>\n","protected":false},"excerpt":{"rendered":"<div class=\"product-addition-content\">\n<div class=\"product-addition-content\">\n<p>1 paire<\/p>\n<div class=\"product-addition-content\">\n<div class=\"product-addition-content\">\n<p>Clips d&rsquo;oreilles en argent avec \u00e9pingle pour attacher le dessus.<\/p>\n<p>Argent 925.<\/p>\n<p>Protecteurs en silicone pour \u00e9viter les maux d&rsquo;oreilles<\/p>\n<p>Utilisez pour attacher les dessus de p\u00e2te \u00e0 modeler, de verre, de p\u00e2te polym\u00e8re, etc.<\/p>\n<\/div>\n<\/div>\n<div class=\"product-addition-content\">\n<p>&nbsp;<\/p>\n<\/div>\n<\/div>\n<\/div>\n","protected":false},"featured_media":6079,"comment_status":"closed","ping_status":"closed","template":"","meta":{"_acf_changed":false,"_seopress_robots_primary_cat":"none","_seopress_titles_title":"","_seopress_titles_desc":"","_seopress_robots_index":""},"more":[],"product_brand":[6382],"product_cat":[11982],"product_tag":[11988,6755,7827,9296,7469,9299,12048,9303,7664,12038,12046,6645,7760,6646,6939,7409,10091,6945,7024,7647,6923,7096,12077,6947,6949,6393,12085,6402,12105,16830,12027,6641,7814,8894,8994,9407,8426,12121,12132,10330,6389,6796,12108,6409,7770,16832,12119,12126,7817,8739,7762,6649,6706,12111,7778,12050,12074,8897,12071,16833,7047,7053,8489,9652,12034,12059,12114,8503,7038,12016,6647,6724,12040,12242,16831,12031,7766,6374,6798,12079,11027,12129,9280,11996,6712,12024,6651,9304,6951,7120,12089,12006,6801,10092,11992,7121,6930,7026,8501,7042,8837,7040,10255,12097,7034,11155,12056,8901,6637,7313,7353,6643,12000,12068,12241,6391,12117,12243,9959,12003,12082,7823,6927,12101,12135,12054,12043,12123,6925,12020,12093,8511,9300,6805,11295,11984,7651,9295,7764,6787,8495,10094,9648,6803,6807,9977,7032],"class_list":{"0":"post-19959","1":"product","2":"type-product","3":"status-publish","4":"has-post-thumbnail","6":"product_brand-acs","7":"product_cat-boucles-doreilles-925","8":"product_tag-11988","9":"product_tag-6755","10":"product_tag-14k","11":"product_tag-9296","12":"product_tag-7469","13":"product_tag-9299","14":"product_tag-12048","15":"product_tag-9303","16":"product_tag-7664","17":"product_tag-12038","18":"product_tag-12046","19":"product_tag-a","20":"product_tag-achats-2","21":"product_tag-acheter","22":"product_tag-acheter-2","23":"product_tag-acier","24":"product_tag-acier-inoxydable-3","25":"product_tag-alkmaar","26":"product_tag-almere","27":"product_tag-ameland","28":"product_tag-amsterdam","29":"product_tag-apeldoorn","30":"product_tag-appelscha","31":"product_tag-arnhem","32":"product_tag-assen","33":"product_tag-belgique","34":"product_tag-bellingwolde","35":"product_tag-bon-marche","36":"product_tag-bouchons-4","37":"product_tag-boucle-doreille-3","38":"product_tag-boucles-doreilles-5","39":"product_tag-boucles-doreilles","40":"product_tag-boucles-doreilles-2","41":"product_tag-boucles-doreilles-3","42":"product_tag-boucles-doreilles-4","43":"product_tag-boucles-doreilles-diy","44":"product_tag-boucles-doreilles-en-argile","45":"product_tag-boucles-doreilles-en-verre","46":"product_tag-boucles-doreilles-epoxy","47":"product_tag-boucles-doreilles-perlees","48":"product_tag-boutique-en-ligne","49":"product_tag-boutique-en-ligne-2","50":"product_tag-bouton","51":"product_tag-bricolage","52":"product_tag-camps","53":"product_tag-cerceaux","54":"product_tag-clip-doreille","55":"product_tag-clips-doreille","56":"product_tag-clous-doreilles","57":"product_tag-clous-doreilles-2","58":"product_tag-coevorden","59":"product_tag-commande","60":"product_tag-commerce-de-gros","61":"product_tag-contre-feux","62":"product_tag-corne","63":"product_tag-corne-doreille","64":"product_tag-corne-doreille-2","65":"product_tag-cornes-doreilles","66":"product_tag-cornes-doreilles-2","67":"product_tag-creole","68":"product_tag-delft","69":"product_tag-delftzijl","70":"product_tag-den-bosch","71":"product_tag-den-helder","72":"product_tag-doetichem","73":"product_tag-dos","74":"product_tag-dos-de-boucles-doreilles","75":"product_tag-dronten","76":"product_tag-eindhoven","77":"product_tag-elburg","78":"product_tag-en-ligne","79":"product_tag-envoyer","80":"product_tag-epingle","81":"product_tag-epingle-a-boucle-doreille","82":"product_tag-espoir","83":"product_tag-etalon","84":"product_tag-etreilen","85":"product_tag-faire","86":"product_tag-faire-2","87":"product_tag-fermable","88":"product_tag-forgeage","89":"product_tag-francais","90":"product_tag-grand","91":"product_tag-grande","92":"product_tag-gratuit","93":"product_tag-gratuit-2","94":"product_tag-groningue","95":"product_tag-hardenberg","96":"product_tag-heerenveen","97":"product_tag-hoogeveen","98":"product_tag-hoogezand","99":"product_tag-hypoallergenique","100":"product_tag-il","101":"product_tag-inox","102":"product_tag-inoxydable","103":"product_tag-la-haye","104":"product_tag-leeuwarden","105":"product_tag-lelystad","106":"product_tag-lemmer","107":"product_tag-maastricht","108":"product_tag-meilleur","109":"product_tag-middelburg","110":"product_tag-mm","111":"product_tag-nes","112":"product_tag-nijmegen","113":"product_tag-ommen","114":"product_tag-oreille","115":"product_tag-oreillettes","116":"product_tag-orfevre","117":"product_tag-orfevre-2","118":"product_tag-orfevres-3","119":"product_tag-ou","120":"product_tag-ovale-2","121":"product_tag-papillons","122":"product_tag-papillons-2","123":"product_tag-pays-bas","124":"product_tag-pieces-de-boucles-doreilles","125":"product_tag-pince-oreille","126":"product_tag-plaque-argent","127":"product_tag-plaque-argent-2","128":"product_tag-plaque-or-2","129":"product_tag-plaque-or","130":"product_tag-plomb","131":"product_tag-poucette","132":"product_tag-poucettes","133":"product_tag-qualite-des-bijoux","134":"product_tag-retour","135":"product_tag-riles","136":"product_tag-rotterdam","137":"product_tag-rouille","138":"product_tag-sappermeer","139":"product_tag-se-faufiler","140":"product_tag-serrure","141":"product_tag-soi","142":"product_tag-taille","143":"product_tag-terneuzen","144":"product_tag-texel","145":"product_tag-tiel","146":"product_tag-urk","147":"product_tag-utrecht","148":"product_tag-venlo","149":"product_tag-voler","150":"product_tag-vollenhove","151":"product_tag-votre","152":"product_tag-vous-2","153":"product_tag-winschoten","154":"product_tag-zwolle","155":"product_shipping_class-standard","156":"pa_diameter-10mm","157":"pa_diameter-20mm","158":"pa_diameter-30mm","160":"first","161":"instock","162":"taxable","163":"shipping-taxable","164":"purchasable","165":"product-type-simple"},"acf":[],"_links":{"self":[{"href":"https:\/\/esquell.eu\/fr\/wp-json\/wp\/v2\/product\/19959","targetHints":{"allow":["GET"]}}],"collection":[{"href":"https:\/\/esquell.eu\/fr\/wp-json\/wp\/v2\/product"}],"about":[{"href":"https:\/\/esquell.eu\/fr\/wp-json\/wp\/v2\/types\/product"}],"replies":[{"embeddable":true,"href":"https:\/\/esquell.eu\/fr\/wp-json\/wp\/v2\/comments?post=19959"}],"wp:featuredmedia":[{"embeddable":true,"href":"https:\/\/esquell.eu\/fr\/wp-json\/wp\/v2\/media\/6079"}],"wp:attachment":[{"href":"https:\/\/esquell.eu\/fr\/wp-json\/wp\/v2\/media?parent=19959"}],"wp:term":[{"taxonomy":"more","embeddable":true,"href":"https:\/\/esquell.eu\/fr\/wp-json\/wp\/v2\/more?post=19959"},{"taxonomy":"product_brand","embeddable":true,"href":"https:\/\/esquell.eu\/fr\/wp-json\/wp\/v2\/product_brand?post=19959"},{"taxonomy":"product_cat","embeddable":true,"href":"https:\/\/esquell.eu\/fr\/wp-json\/wp\/v2\/product_cat?post=19959"},{"taxonomy":"product_tag","embeddable":true,"href":"https:\/\/esquell.eu\/fr\/wp-json\/wp\/v2\/product_tag?post=19959"}],"curies":[{"name":"wp","href":"https:\/\/api.w.org\/{rel}","templated":true}]}}