{"id":19875,"date":"2025-05-01T19:36:47","date_gmt":"2025-05-01T19:36:47","guid":{"rendered":"https:\/\/esquell.eu\/product\/boucle-en-argent-avec-epingle-16mm-argent-925-brillant\/"},"modified":"2025-05-01T19:36:47","modified_gmt":"2025-05-01T19:36:47","slug":"boucle-en-argent-avec-epingle-16mm-argent-925-brillant","status":"publish","type":"product","link":"https:\/\/esquell.eu\/fr\/produit\/boucle-en-argent-avec-epingle-16mm-argent-925-brillant\/","title":{"rendered":"Boucle en argent avec \u00e9pingle, 16mm, argent 925 brillant"},"content":{"rendered":"<div class=\"product-addition\">\n<div class=\"product-addition-content\">\n<p>Bail, argent 925<\/p>\n<p>Longueur totale 16mm y compris boucle et \u00e9pingle<br \/>\nTaille capuchon 6.5mm<br \/>\nLongueur \u00e9pingle 2.8mm, \u00e9paisseur \u00e9pingle 1.1mm<br \/>\nTrou filet\u00e9 env. 4.5mm,<\/p>\n<p>Finition brillante<\/p>\n<\/div>\n<\/div>\n","protected":false},"excerpt":{"rendered":"<p>Longueur totale 16 mm, boucle et \u00e9pingle comprises<br \/>\nTaille du capuchon 6,5 mm<br \/>\nLongueur de l&rsquo;\u00e9pingle 2,8 mm, \u00e9paisseur de l&rsquo;\u00e9pingle 1,1 mm<br \/>\nTrou de filetage environ 4,5 mm,<\/p>\n<p>Finition brillante<\/p>\n","protected":false},"featured_media":6364,"comment_status":"closed","ping_status":"closed","template":"","meta":{"_acf_changed":false,"_seopress_robots_primary_cat":"none","_seopress_titles_title":"","_seopress_titles_desc":"","_seopress_robots_index":""},"more":[],"product_brand":[6953],"product_cat":[12319],"product_tag":[],"class_list":{"0":"post-19875","1":"product","2":"type-product","3":"status-publish","4":"has-post-thumbnail","6":"product_brand-925-artisanat","7":"product_cat-oeillets-de-pendentifs-bails-et-oeillets-a-vis","9":"first","10":"instock","11":"taxable","12":"shipping-taxable","13":"purchasable","14":"product-type-simple"},"acf":[],"_links":{"self":[{"href":"https:\/\/esquell.eu\/fr\/wp-json\/wp\/v2\/product\/19875","targetHints":{"allow":["GET"]}}],"collection":[{"href":"https:\/\/esquell.eu\/fr\/wp-json\/wp\/v2\/product"}],"about":[{"href":"https:\/\/esquell.eu\/fr\/wp-json\/wp\/v2\/types\/product"}],"replies":[{"embeddable":true,"href":"https:\/\/esquell.eu\/fr\/wp-json\/wp\/v2\/comments?post=19875"}],"wp:featuredmedia":[{"embeddable":true,"href":"https:\/\/esquell.eu\/fr\/wp-json\/wp\/v2\/media\/6364"}],"wp:attachment":[{"href":"https:\/\/esquell.eu\/fr\/wp-json\/wp\/v2\/media?parent=19875"}],"wp:term":[{"taxonomy":"more","embeddable":true,"href":"https:\/\/esquell.eu\/fr\/wp-json\/wp\/v2\/more?post=19875"},{"taxonomy":"product_brand","embeddable":true,"href":"https:\/\/esquell.eu\/fr\/wp-json\/wp\/v2\/product_brand?post=19875"},{"taxonomy":"product_cat","embeddable":true,"href":"https:\/\/esquell.eu\/fr\/wp-json\/wp\/v2\/product_cat?post=19875"},{"taxonomy":"product_tag","embeddable":true,"href":"https:\/\/esquell.eu\/fr\/wp-json\/wp\/v2\/product_tag?post=19875"}],"curies":[{"name":"wp","href":"https:\/\/api.w.org\/{rel}","templated":true}]}}