{"id":19856,"date":"2025-05-01T19:13:36","date_gmt":"2025-05-01T19:13:36","guid":{"rendered":"https:\/\/esquell.eu\/product\/pendentif-oeil-avec-jumpring-argent-925-2\/"},"modified":"2025-05-01T19:13:36","modified_gmt":"2025-05-01T19:13:36","slug":"pendentif-oeil-avec-jumpring-argent-925-2","status":"publish","type":"product","link":"https:\/\/esquell.eu\/fr\/produit\/pendentif-oeil-avec-jumpring-argent-925-2\/","title":{"rendered":"Pendentif \u0153il avec jumpring, argent 925"},"content":{"rendered":"<p>Pendentif \u0153il avec jumpring,<\/p>\n<p>Argent 925<\/p>\n<p>Brillant<\/p>\n<p>Hauteur totale : 9.20 mm<\/p>\n<p>Diam\u00e8tre grand \u0153il : 5.00 mm<\/p>\n<p>Diam\u00e8tre int\u00e9rieur petit \u0153il : 1.50 mm<\/p>\n","protected":false},"excerpt":{"rendered":"<p>Pendentif \u0153il avec jumpring,<\/p>\n<p>Argent 925<\/p>\n<p>Brillant<\/p>\n<p>Hauteur totale : 9.20 mm<\/p>\n<p>Diam\u00e8tre grand \u0153il : 5.00 mm<\/p>\n<p>Diam\u00e8tre int\u00e9rieur petit \u0153il : 1.50 mm<\/p>\n<p>Poids 0.23 g<\/p>\n","protected":false},"featured_media":6354,"comment_status":"closed","ping_status":"closed","template":"","meta":{"_acf_changed":false,"_seopress_robots_primary_cat":"none","_seopress_titles_title":"","_seopress_titles_desc":"","_seopress_robots_index":""},"more":[],"product_brand":[6953],"product_cat":[12319],"product_tag":[],"class_list":{"0":"post-19856","1":"product","2":"type-product","3":"status-publish","4":"has-post-thumbnail","6":"product_brand-925-artisanat","7":"product_cat-oeillets-de-pendentifs-bails-et-oeillets-a-vis","9":"first","10":"instock","11":"taxable","12":"shipping-taxable","13":"purchasable","14":"product-type-simple"},"acf":[],"_links":{"self":[{"href":"https:\/\/esquell.eu\/fr\/wp-json\/wp\/v2\/product\/19856","targetHints":{"allow":["GET"]}}],"collection":[{"href":"https:\/\/esquell.eu\/fr\/wp-json\/wp\/v2\/product"}],"about":[{"href":"https:\/\/esquell.eu\/fr\/wp-json\/wp\/v2\/types\/product"}],"replies":[{"embeddable":true,"href":"https:\/\/esquell.eu\/fr\/wp-json\/wp\/v2\/comments?post=19856"}],"wp:featuredmedia":[{"embeddable":true,"href":"https:\/\/esquell.eu\/fr\/wp-json\/wp\/v2\/media\/6354"}],"wp:attachment":[{"href":"https:\/\/esquell.eu\/fr\/wp-json\/wp\/v2\/media?parent=19856"}],"wp:term":[{"taxonomy":"more","embeddable":true,"href":"https:\/\/esquell.eu\/fr\/wp-json\/wp\/v2\/more?post=19856"},{"taxonomy":"product_brand","embeddable":true,"href":"https:\/\/esquell.eu\/fr\/wp-json\/wp\/v2\/product_brand?post=19856"},{"taxonomy":"product_cat","embeddable":true,"href":"https:\/\/esquell.eu\/fr\/wp-json\/wp\/v2\/product_cat?post=19856"},{"taxonomy":"product_tag","embeddable":true,"href":"https:\/\/esquell.eu\/fr\/wp-json\/wp\/v2\/product_tag?post=19856"}],"curies":[{"name":"wp","href":"https:\/\/api.w.org\/{rel}","templated":true}]}}