{"id":19846,"date":"2025-05-01T19:25:39","date_gmt":"2025-05-01T19:25:39","guid":{"rendered":"https:\/\/esquell.eu\/product\/pendentif-bail-argent-925-avec-oeillet-ouvert-108-4-mm\/"},"modified":"2025-05-01T19:25:39","modified_gmt":"2025-05-01T19:25:39","slug":"pendentif-bail-argent-925-avec-oeillet-ouvert-108-4-mm","status":"publish","type":"product","link":"https:\/\/esquell.eu\/fr\/produit\/pendentif-bail-argent-925-avec-oeillet-ouvert-108-4-mm\/","title":{"rendered":"Pendentif, Bail. Argent 925. Avec \u0153illet ouvert. 10,8 * 4 mm"},"content":{"rendered":"<div class=\"product-addition\">\n<div class=\"product-addition-content\">\n<p>Bail, taille 10.8 * 4 mm,<br \/>\nAvec crochet ouvert pour l&rsquo;attache<br \/>\nFinition brillante<\/p>\n<p>Argent Sterling 925<\/p>\n<\/div>\n<\/div>\n","protected":false},"excerpt":{"rendered":"<p>Pendentif \u0153il avec jumpring,<\/p>\n<p>Argent 925<\/p>\n<p>Brillant<\/p>\n<p>Hauteur totale : 9.20 mm<\/p>\n<p>Diam\u00e8tre grand \u0153il : 5.00 mm<\/p>\n<p>Diam\u00e8tre int\u00e9rieur petit \u0153il : 1.50 mm<\/p>\n<p>Poids 0.23 g<\/p>\n","protected":false},"featured_media":6355,"comment_status":"closed","ping_status":"closed","template":"","meta":{"_acf_changed":false,"_seopress_robots_primary_cat":"none","_seopress_titles_title":"","_seopress_titles_desc":"","_seopress_robots_index":""},"more":[],"product_brand":[6953],"product_cat":[12319],"product_tag":[],"class_list":{"0":"post-19846","1":"product","2":"type-product","3":"status-publish","4":"has-post-thumbnail","6":"product_brand-925-artisanat","7":"product_cat-oeillets-de-pendentifs-bails-et-oeillets-a-vis","9":"first","10":"instock","11":"taxable","12":"shipping-taxable","13":"purchasable","14":"product-type-simple"},"acf":[],"_links":{"self":[{"href":"https:\/\/esquell.eu\/fr\/wp-json\/wp\/v2\/product\/19846","targetHints":{"allow":["GET"]}}],"collection":[{"href":"https:\/\/esquell.eu\/fr\/wp-json\/wp\/v2\/product"}],"about":[{"href":"https:\/\/esquell.eu\/fr\/wp-json\/wp\/v2\/types\/product"}],"replies":[{"embeddable":true,"href":"https:\/\/esquell.eu\/fr\/wp-json\/wp\/v2\/comments?post=19846"}],"wp:featuredmedia":[{"embeddable":true,"href":"https:\/\/esquell.eu\/fr\/wp-json\/wp\/v2\/media\/6355"}],"wp:attachment":[{"href":"https:\/\/esquell.eu\/fr\/wp-json\/wp\/v2\/media?parent=19846"}],"wp:term":[{"taxonomy":"more","embeddable":true,"href":"https:\/\/esquell.eu\/fr\/wp-json\/wp\/v2\/more?post=19846"},{"taxonomy":"product_brand","embeddable":true,"href":"https:\/\/esquell.eu\/fr\/wp-json\/wp\/v2\/product_brand?post=19846"},{"taxonomy":"product_cat","embeddable":true,"href":"https:\/\/esquell.eu\/fr\/wp-json\/wp\/v2\/product_cat?post=19846"},{"taxonomy":"product_tag","embeddable":true,"href":"https:\/\/esquell.eu\/fr\/wp-json\/wp\/v2\/product_tag?post=19846"}],"curies":[{"name":"wp","href":"https:\/\/api.w.org\/{rel}","templated":true}]}}