{"id":19825,"date":"2025-04-30T20:31:50","date_gmt":"2025-04-30T20:31:50","guid":{"rendered":"https:\/\/esquell.eu\/product\/pierre-naturelle-cabochon-ovale-oeil-de-tigre-brun-differentes-tailles\/"},"modified":"2025-11-08T19:59:28","modified_gmt":"2025-11-08T19:59:28","slug":"pierre-naturelle-cabochon-ovale-oeil-de-tigre-brun-differentes-tailles","status":"publish","type":"product","link":"https:\/\/esquell.eu\/fr\/produit\/pierre-naturelle-cabochon-ovale-oeil-de-tigre-brun-differentes-tailles\/","title":{"rendered":"Pierre naturelle Cabochon ovale Oeil de tigre brun Diff\u00e9rentes tailles."},"content":{"rendered":"<p>Cabochon en pierre naturelle de diff\u00e9rentes tailles<\/p>\n<p>Ovale. Oeil de tigre. Marron  <\/p>\n<p><strong>*Comme il s&rsquo;agit d&rsquo;une pierre naturelle, tous les cabochons pr\u00e9sentent des diff\u00e9rences de couleur et de motif.  <\/strong><\/p>\n<p>Dans la boutique, vous trouverez des plateaux et des bo\u00eetes \u00e0 sertir assortis en argent 925, en argent 999 et dans d&rsquo;autres m\u00e9taux,<\/p>\n<p>Des fils \u00e0 sertir en argent, en bronze et en cuivre sont \u00e9galement disponibles pour r\u00e9aliser vos propres sertissages.<\/p>\n<p>Un acier de sertissage est utilis\u00e9 pour sertir les pierres dans les sertis.<\/p>\n<p>Lorsqu&rsquo;il est utilis\u00e9 en combinaison avec l&rsquo;argile m\u00e9tallique :<\/p>\n<p>R\u00e9novation de la pierre.<\/p>\n<p>Ne faites pas cuire des pierres naturelles avec de l&rsquo;argile m\u00e9tallique. Les pierres naturelles ne r\u00e9sistent g\u00e9n\u00e9ralement pas \u00e0 la temp\u00e9rature de cuisson de l&rsquo;argile m\u00e9tallique. <\/p>\n<p>Vous souhaitez une fixation organique de l&rsquo;argile d&rsquo;argent ? Utilisez alors le compos\u00e9 anti-r\u00e9tr\u00e9cissement. <\/p>\n<p>La protection de la pierre naturelle contre les temp\u00e9ratures \u00e9lev\u00e9es, par exemple lors du soudage, peut \u00eatre r\u00e9alis\u00e9e avec Technoflux<\/p>\n<p>Vous trouverez ici des colles adapt\u00e9es au collage des cabochons.<\/p>\n","protected":false},"excerpt":{"rendered":"<p>Cabochon en pierre naturelle de diff\u00e9rentes tailles Ovale. Oeil de tigre. Marron *Comme il s&rsquo;agit d&rsquo;une pierre naturelle, tous les cabochons pr\u00e9sentent des diff\u00e9rences de couleur et de motif. Dans la boutique, vous trouverez des plateaux et des bo\u00eetes \u00e0 sertir assortis en argent 925, en argent 999 et dans d&rsquo;autres m\u00e9taux, Des fils \u00e0&#8230;<\/p>\n","protected":false},"featured_media":6316,"comment_status":"closed","ping_status":"closed","template":"","meta":{"_acf_changed":false,"_seopress_robots_primary_cat":"none","_seopress_titles_title":"","_seopress_titles_desc":"","_seopress_robots_index":""},"more":[],"product_brand":[6398,12224],"product_cat":[12891],"product_tag":[],"class_list":{"0":"post-19825","1":"product","2":"type-product","3":"status-publish","4":"has-post-thumbnail","6":"product_brand-l1","7":"product_brand-mtn","8":"product_cat-cabochons-ovales","9":"pa_afmeting-1014-mm","10":"pa_afmeting-1318-mm","11":"pa_afmeting-1520mm","12":"pa_afmeting-1825-mm","13":"pa_afmeting-2030-mm","14":"pa_afmeting-2230mm","15":"pa_afmeting-3040mm","16":"pa_afmeting-46-mm","17":"pa_afmeting-68-mm","18":"pa_afmeting-79-mm","19":"pa_afmeting-810-mm","21":"first","22":"instock","23":"taxable","24":"shipping-taxable","25":"purchasable","26":"product-type-variable"},"acf":[],"_links":{"self":[{"href":"https:\/\/esquell.eu\/fr\/wp-json\/wp\/v2\/product\/19825","targetHints":{"allow":["GET"]}}],"collection":[{"href":"https:\/\/esquell.eu\/fr\/wp-json\/wp\/v2\/product"}],"about":[{"href":"https:\/\/esquell.eu\/fr\/wp-json\/wp\/v2\/types\/product"}],"replies":[{"embeddable":true,"href":"https:\/\/esquell.eu\/fr\/wp-json\/wp\/v2\/comments?post=19825"}],"wp:featuredmedia":[{"embeddable":true,"href":"https:\/\/esquell.eu\/fr\/wp-json\/wp\/v2\/media\/6316"}],"wp:attachment":[{"href":"https:\/\/esquell.eu\/fr\/wp-json\/wp\/v2\/media?parent=19825"}],"wp:term":[{"taxonomy":"more","embeddable":true,"href":"https:\/\/esquell.eu\/fr\/wp-json\/wp\/v2\/more?post=19825"},{"taxonomy":"product_brand","embeddable":true,"href":"https:\/\/esquell.eu\/fr\/wp-json\/wp\/v2\/product_brand?post=19825"},{"taxonomy":"product_cat","embeddable":true,"href":"https:\/\/esquell.eu\/fr\/wp-json\/wp\/v2\/product_cat?post=19825"},{"taxonomy":"product_tag","embeddable":true,"href":"https:\/\/esquell.eu\/fr\/wp-json\/wp\/v2\/product_tag?post=19825"}],"curies":[{"name":"wp","href":"https:\/\/api.w.org\/{rel}","templated":true}]}}