{"id":19700,"date":"2025-04-29T20:46:19","date_gmt":"2025-04-29T20:46:19","guid":{"rendered":"https:\/\/esquell.eu\/product\/collier-en-caoutchouc-cordon-avec-fermoir-en-argent-massif-925-2mm-differentes-longueurs\/"},"modified":"2025-04-29T20:46:19","modified_gmt":"2025-04-29T20:46:19","slug":"collier-en-caoutchouc-cordon-avec-fermoir-en-argent-massif-925-2mm-differentes-longueurs","status":"publish","type":"product","link":"https:\/\/esquell.eu\/fr\/produit\/collier-en-caoutchouc-cordon-avec-fermoir-en-argent-massif-925-2mm-differentes-longueurs\/","title":{"rendered":"Collier en caoutchouc, cordon, avec fermoir en argent massif 925. 2mm Diff\u00e9rentes longueurs"},"content":{"rendered":"<p>Caoutchouc noir unisexe, collier en caoutchouc, cordon, cha\u00eene<\/p>\n<p>Fermoir \u00e0 mousqueton en argent 925 massif.<\/p>\n<p>Diff\u00e9rentes longueurs.<\/p>\n","protected":false},"excerpt":{"rendered":"<p>Caoutchouc noir unisexe, collier en caoutchouc, cordon, cha\u00eene Fermoir \u00e0 mousqueton en argent 925 massif. Diff\u00e9rentes longueurs.<\/p>\n","protected":false},"featured_media":6206,"comment_status":"closed","ping_status":"closed","template":"","meta":{"_acf_changed":false,"_seopress_robots_primary_cat":"none","_seopress_titles_title":"","_seopress_titles_desc":"","_seopress_robots_index":""},"more":[],"product_brand":[12224],"product_cat":[6915],"product_tag":[],"class_list":{"0":"post-19700","1":"product","2":"type-product","3":"status-publish","4":"has-post-thumbnail","6":"product_brand-mtn","7":"product_cat-colliers-chaines-bracelets","9":"first","10":"instock","11":"taxable","12":"shipping-taxable","13":"purchasable","14":"product-type-variable"},"acf":[],"_links":{"self":[{"href":"https:\/\/esquell.eu\/fr\/wp-json\/wp\/v2\/product\/19700","targetHints":{"allow":["GET"]}}],"collection":[{"href":"https:\/\/esquell.eu\/fr\/wp-json\/wp\/v2\/product"}],"about":[{"href":"https:\/\/esquell.eu\/fr\/wp-json\/wp\/v2\/types\/product"}],"replies":[{"embeddable":true,"href":"https:\/\/esquell.eu\/fr\/wp-json\/wp\/v2\/comments?post=19700"}],"wp:featuredmedia":[{"embeddable":true,"href":"https:\/\/esquell.eu\/fr\/wp-json\/wp\/v2\/media\/6206"}],"wp:attachment":[{"href":"https:\/\/esquell.eu\/fr\/wp-json\/wp\/v2\/media?parent=19700"}],"wp:term":[{"taxonomy":"more","embeddable":true,"href":"https:\/\/esquell.eu\/fr\/wp-json\/wp\/v2\/more?post=19700"},{"taxonomy":"product_brand","embeddable":true,"href":"https:\/\/esquell.eu\/fr\/wp-json\/wp\/v2\/product_brand?post=19700"},{"taxonomy":"product_cat","embeddable":true,"href":"https:\/\/esquell.eu\/fr\/wp-json\/wp\/v2\/product_cat?post=19700"},{"taxonomy":"product_tag","embeddable":true,"href":"https:\/\/esquell.eu\/fr\/wp-json\/wp\/v2\/product_tag?post=19700"}],"curies":[{"name":"wp","href":"https:\/\/api.w.org\/{rel}","templated":true}]}}