{"id":19602,"date":"2025-05-01T21:33:54","date_gmt":"2025-05-01T21:33:54","guid":{"rendered":"https:\/\/esquell.eu\/product\/oeillet-a-vis-de-luxe-art-clay-k-0077a-980-argent\/"},"modified":"2025-12-22T10:50:28","modified_gmt":"2025-12-22T10:50:28","slug":"oeillet-a-vis-de-luxe-art-clay-k-0077a-980-argent","status":"publish","type":"product","link":"https:\/\/esquell.eu\/fr\/produit\/oeillet-a-vis-de-luxe-art-clay-k-0077a-980-argent\/","title":{"rendered":"\u0152illet \u00e0 vis de luxe Art Clay. K-0077A 980 argent"},"content":{"rendered":"<p>Art Clay oeil \u00e0 vis de luxe, ovale<\/p>\n<p>6.4*3.6 Epaisseur du fil 2mm<\/p>\n<p>980 Argent<\/p>\n<p>1 pi\u00e8ce<\/p>\n<p>&nbsp;<\/p>\n","protected":false},"excerpt":{"rendered":"<p>Art Clay oeil \u00e0 vis de luxe, ovale<\/p>\n<p>6.4*3.6 Epaisseur du fil 2mm<\/p>\n<p>980 argent\u00e9<\/p>\n","protected":false},"featured_media":19604,"comment_status":"closed","ping_status":"closed","template":"","meta":{"_acf_changed":false,"_seopress_robots_primary_cat":"none","_seopress_titles_title":"","_seopress_titles_desc":"","_seopress_robots_index":""},"more":[],"product_brand":[6382],"product_cat":[9873,12319,7468,10991],"product_tag":[6470,6960,7016,6718,12945,16678,16677,16674,10954,16679,6641,6389,6796,6412,7546,14346,16668,16667,8042,12322,14298,6650,6423,12040,9797,16669,6635,8832,16672,6369,6550,6634,6708,12329,16671,12554,10350,6774,14295,8831,16673,12320,12552,12816,7794,9566,14398,11534,16675,7506,6954,6778,14316,16676,9896,12770,16670,16172,7786,6964,6919,6776],"class_list":{"0":"post-19602","1":"product","2":"type-product","3":"status-publish","4":"has-post-thumbnail","6":"product_brand-acs","7":"product_cat-led-et-resine-uv","8":"product_cat-oeillets-de-pendentifs-bails-et-oeillets-a-vis","9":"product_cat-outils-et-fournitures-pour-le-verre","10":"product_cat-pieces-adaptees-a-la-cocuisson-avec-de-largile-metallique","11":"product_tag-6470","12":"product_tag-amende","13":"product_tag-amende-2","14":"product_tag-bijoux-3","15":"product_tag-bijoux-en-bronze-3","16":"product_tag-bijoux-en-bronze-4","17":"product_tag-bijoux-en-cuivre","18":"product_tag-bijoux-en-verre-3","19":"product_tag-bijoux-en-verre-2","20":"product_tag-bijoux-interchangeables","21":"product_tag-boucles-doreilles","22":"product_tag-boutique-en-ligne","23":"product_tag-boutique-en-ligne-2","24":"product_tag-bronze","25":"product_tag-bronze-3","26":"product_tag-cache","27":"product_tag-capuchon-2","28":"product_tag-casquette-perlee","29":"product_tag-casquettes-perlees","30":"product_tag-caution","31":"product_tag-changer-2","32":"product_tag-cuivre","33":"product_tag-de","34":"product_tag-epingle","35":"product_tag-epoxy","36":"product_tag-fixation","37":"product_tag-fournitures","38":"product_tag-interchangeable","39":"product_tag-invisible-2","40":"product_tag-largent","41":"product_tag-largent-2","42":"product_tag-largent-3","43":"product_tag-mercerie","44":"product_tag-oeil-2","45":"product_tag-oeil-cache-en-pendentif","46":"product_tag-oeil-de-vis","47":"product_tag-oeillets-de-raccordement","48":"product_tag-pendentif","49":"product_tag-pendentif-3","50":"product_tag-pendentif-en-verre","51":"product_tag-pendentif-epoxy-bijoux-epoxy","52":"product_tag-pendentif-oeil","53":"product_tag-pendentif-oeil-2","54":"product_tag-pendentifs-diy","55":"product_tag-pendentifs-en-verre","56":"product_tag-perle","57":"product_tag-perle-4","58":"product_tag-perle-de-pierre-naturelle","59":"product_tag-pierres-precieuses-5","60":"product_tag-pour","61":"product_tag-pur-2","62":"product_tag-reel","63":"product_tag-renflouement","64":"product_tag-resine-3","65":"product_tag-resine-acrylique","66":"product_tag-ressort-de-saut","67":"product_tag-semi-perce-2","68":"product_tag-semi-perce","69":"product_tag-solide","70":"product_tag-sollid","71":"product_tag-sterling","72":"product_tag-vraiment","73":"product_shipping_class-standard","75":"first","76":"instock","77":"taxable","78":"shipping-taxable","79":"purchasable","80":"product-type-simple"},"acf":[],"_links":{"self":[{"href":"https:\/\/esquell.eu\/fr\/wp-json\/wp\/v2\/product\/19602","targetHints":{"allow":["GET"]}}],"collection":[{"href":"https:\/\/esquell.eu\/fr\/wp-json\/wp\/v2\/product"}],"about":[{"href":"https:\/\/esquell.eu\/fr\/wp-json\/wp\/v2\/types\/product"}],"replies":[{"embeddable":true,"href":"https:\/\/esquell.eu\/fr\/wp-json\/wp\/v2\/comments?post=19602"}],"wp:featuredmedia":[{"embeddable":true,"href":"https:\/\/esquell.eu\/fr\/wp-json\/wp\/v2\/media\/19604"}],"wp:attachment":[{"href":"https:\/\/esquell.eu\/fr\/wp-json\/wp\/v2\/media?parent=19602"}],"wp:term":[{"taxonomy":"more","embeddable":true,"href":"https:\/\/esquell.eu\/fr\/wp-json\/wp\/v2\/more?post=19602"},{"taxonomy":"product_brand","embeddable":true,"href":"https:\/\/esquell.eu\/fr\/wp-json\/wp\/v2\/product_brand?post=19602"},{"taxonomy":"product_cat","embeddable":true,"href":"https:\/\/esquell.eu\/fr\/wp-json\/wp\/v2\/product_cat?post=19602"},{"taxonomy":"product_tag","embeddable":true,"href":"https:\/\/esquell.eu\/fr\/wp-json\/wp\/v2\/product_tag?post=19602"}],"curies":[{"name":"wp","href":"https:\/\/api.w.org\/{rel}","templated":true}]}}