{"id":19574,"date":"2025-05-01T20:41:10","date_gmt":"2025-05-01T20:41:10","guid":{"rendered":"https:\/\/esquell.eu\/product\/pendentif-oeil-collant-oeil-argente-avec-surface-adhesive-11mm-5-5mm-emballe-par-5-pieces\/"},"modified":"2025-05-01T20:41:10","modified_gmt":"2025-05-01T20:41:10","slug":"pendentif-oeil-collant-oeil-argente-avec-surface-adhesive-11mm-5-5mm-emballe-par-5-pieces","status":"publish","type":"product","link":"https:\/\/esquell.eu\/fr\/produit\/pendentif-oeil-collant-oeil-argente-avec-surface-adhesive-11mm-5-5mm-emballe-par-5-pieces\/","title":{"rendered":"Pendentif Oeil collant Oeil argent\u00e9 avec surface adh\u00e9sive 11mm * 5.5mm Emball\u00e9 par 5 pi\u00e8ces"},"content":{"rendered":"<p>Oeil de pendentif avec surface adh\u00e9sive. Plaqu\u00e9 argent.<x id=\"gid_0\"><\/x>Hypoallerg\u00e9nique. Lot de 5 pi\u00e8ces.<br \/>\nTaille 11*5,5 mm. Diam\u00e8tre int\u00e9rieur de l&rsquo;\u0153il environ 7*4mm   <\/p>\n<p>Suspension adh\u00e9sive. Pour les pendentifs en verre, par exemple <\/p>\n<p>A fixer avec une colle pour bijoux solide, transparente et \u00e0 \u00e9lasticit\u00e9 permanente.<\/p>\n","protected":false},"excerpt":{"rendered":"<p>Oeillet avec capuchon et \u00e9pingle perl\u00e9s.<\/p>\n<p>Argent 925<\/p>\n<p>Convient \u00e0 la cocuisson dans l&rsquo;arguile d&rsquo;argent.<\/p>\n<p>Un paquet d&rsquo;\u0153illets en argent fin (SV990) \u00e0 double extr\u00e9mit\u00e9.<\/p>\n<p>Vous les utilisez de la m\u00eame mani\u00e8re que nos autres \u0153illets \u00e0 vis, mais vous pouvez utiliser l&rsquo;une ou l&rsquo;autre extr\u00e9mit\u00e9. Enfoncez simplement l&rsquo;extr\u00e9mit\u00e9 que vous ne voulez pas montrer dans votre argile. Vous pouvez ensuite attacher un anneau de saut \u00e0 l&rsquo;anneau visible. \u0152illets de 6 et 4 mm, avec des trous de 1 et 2 mm de diam\u00e8tre. Un paquet contient 10 pi\u00e8ces.    <\/p>\n","protected":false},"featured_media":6392,"comment_status":"closed","ping_status":"closed","template":"","meta":{"_acf_changed":false,"_seopress_robots_primary_cat":"none","_seopress_titles_title":"","_seopress_titles_desc":"","_seopress_robots_index":""},"more":[],"product_brand":[6398],"product_cat":[12319,7468],"product_tag":[6470,6960,7016,6641,6389,6796,16668,16667,8042,12322,12040,6635,6369,6550,6634,6708,10350,6774,14295,12552,9566,14398,11534,7506,6954,6778,12770,16670,16172,7786,6964,6919,6776],"class_list":{"0":"post-19574","1":"product","2":"type-product","3":"status-publish","4":"has-post-thumbnail","6":"product_brand-l1","7":"product_cat-oeillets-de-pendentifs-bails-et-oeillets-a-vis","8":"product_cat-outils-et-fournitures-pour-le-verre","9":"product_tag-6470","10":"product_tag-amende","11":"product_tag-amende-2","12":"product_tag-boucles-doreilles","13":"product_tag-boutique-en-ligne","14":"product_tag-boutique-en-ligne-2","15":"product_tag-capuchon-2","16":"product_tag-casquette-perlee","17":"product_tag-casquettes-perlees","18":"product_tag-caution","19":"product_tag-epingle","20":"product_tag-fournitures","21":"product_tag-largent","22":"product_tag-largent-2","23":"product_tag-largent-3","24":"product_tag-mercerie","25":"product_tag-oeillets-de-raccordement","26":"product_tag-pendentif","27":"product_tag-pendentif-3","28":"product_tag-pendentif-oeil-2","29":"product_tag-perle","30":"product_tag-perle-4","31":"product_tag-perle-de-pierre-naturelle","32":"product_tag-pour","33":"product_tag-pur-2","34":"product_tag-reel","35":"product_tag-ressort-de-saut","36":"product_tag-semi-perce-2","37":"product_tag-semi-perce","38":"product_tag-solide","39":"product_tag-sollid","40":"product_tag-sterling","41":"product_tag-vraiment","42":"product_shipping_class-standard","44":"first","45":"instock","46":"taxable","47":"shipping-taxable","48":"purchasable","49":"product-type-simple"},"acf":[],"_links":{"self":[{"href":"https:\/\/esquell.eu\/fr\/wp-json\/wp\/v2\/product\/19574","targetHints":{"allow":["GET"]}}],"collection":[{"href":"https:\/\/esquell.eu\/fr\/wp-json\/wp\/v2\/product"}],"about":[{"href":"https:\/\/esquell.eu\/fr\/wp-json\/wp\/v2\/types\/product"}],"replies":[{"embeddable":true,"href":"https:\/\/esquell.eu\/fr\/wp-json\/wp\/v2\/comments?post=19574"}],"wp:featuredmedia":[{"embeddable":true,"href":"https:\/\/esquell.eu\/fr\/wp-json\/wp\/v2\/media\/6392"}],"wp:attachment":[{"href":"https:\/\/esquell.eu\/fr\/wp-json\/wp\/v2\/media?parent=19574"}],"wp:term":[{"taxonomy":"more","embeddable":true,"href":"https:\/\/esquell.eu\/fr\/wp-json\/wp\/v2\/more?post=19574"},{"taxonomy":"product_brand","embeddable":true,"href":"https:\/\/esquell.eu\/fr\/wp-json\/wp\/v2\/product_brand?post=19574"},{"taxonomy":"product_cat","embeddable":true,"href":"https:\/\/esquell.eu\/fr\/wp-json\/wp\/v2\/product_cat?post=19574"},{"taxonomy":"product_tag","embeddable":true,"href":"https:\/\/esquell.eu\/fr\/wp-json\/wp\/v2\/product_tag?post=19574"}],"curies":[{"name":"wp","href":"https:\/\/api.w.org\/{rel}","templated":true}]}}