{"id":19533,"date":"2025-05-01T20:59:50","date_gmt":"2025-05-01T20:59:50","guid":{"rendered":"https:\/\/esquell.eu\/product\/oeil-a-vis-art-clay-plat-ouvert-grand-oeillet-premium-k-0084a-emballe-par-5\/"},"modified":"2025-12-22T10:49:28","modified_gmt":"2025-12-22T10:49:28","slug":"oeil-a-vis-art-clay-plat-ouvert-grand-oeillet-premium-k-0084a-emballe-par-5","status":"publish","type":"product","link":"https:\/\/esquell.eu\/fr\/produit\/oeil-a-vis-art-clay-plat-ouvert-grand-oeillet-premium-k-0084a-emballe-par-5\/","title":{"rendered":"Oeil \u00e0 vis Art Clay plat. ouvert. Grand \u0153illet. Premium (K-0084A) Emball\u00e9 par 5"},"content":{"rendered":"<p>Oeil \u00e0 vis Plat. ouvert. Grand \u0153il.  <\/p>\n<p>Qualit\u00e9 sup\u00e9rieure<\/p>\n<p>Taille de l&rsquo;\u0153illet : environ 4 mm<\/p>\n<p>Longueur totale : environ 12 mm<\/p>\n<p>Convient \u00e0 la cocuisson avec l&rsquo;argile argent\u00e9e.<\/p>\n<p>L&rsquo;\u0153illet peut \u00eatre ouvert et ferm\u00e9.<\/p>\n<p>Argent 980<\/p>\n<p>Emball\u00e9 par 5<\/p>\n","protected":false},"excerpt":{"rendered":"<p>Oeil \u00e0 vis Plat. ouvert. Grand \u0153il.  <\/p>\n<p>Qualit\u00e9 sup\u00e9rieure<\/p>\n<p>Taille de l&rsquo;\u0153illet : environ 4 mm<\/p>\n<p>Longueur totale : environ 12 mm<\/p>\n<p>Convient \u00e0 la cocuisson avec l&rsquo;argile argent\u00e9e.<\/p>\n<p>L&rsquo;\u0153illet peut \u00eatre ouvert et ferm\u00e9.<\/p>\n<p>Argent 980<\/p>\n<p>Emball\u00e9 par 5<\/p>\n","protected":false},"featured_media":19534,"comment_status":"closed","ping_status":"closed","template":"","meta":{"_acf_changed":false,"_seopress_robots_primary_cat":"none","_seopress_titles_title":"","_seopress_titles_desc":"","_seopress_robots_index":""},"more":[],"product_brand":[6382],"product_cat":[9873,12319,7468,10991],"product_tag":[6470,6960,7016,10954,16674,6641,6389,6796,6412,7546,14346,16668,16667,8042,12322,6423,12040,16669,6635,16672,6369,6550,6634,6708,12329,16671,12554,10350,6774,14295,8831,16673,12320,12552,12816,7794,9566,14398,11534,16675,7506,6954,6778,14316,12770,16172,16670,7786,6964,6919,6776],"class_list":{"0":"post-19533","1":"product","2":"type-product","3":"status-publish","4":"has-post-thumbnail","6":"product_brand-acs","7":"product_cat-led-et-resine-uv","8":"product_cat-oeillets-de-pendentifs-bails-et-oeillets-a-vis","9":"product_cat-outils-et-fournitures-pour-le-verre","10":"product_cat-pieces-adaptees-a-la-cocuisson-avec-de-largile-metallique","11":"product_tag-6470","12":"product_tag-amende","13":"product_tag-amende-2","14":"product_tag-bijoux-en-verre-2","15":"product_tag-bijoux-en-verre-3","16":"product_tag-boucles-doreilles","17":"product_tag-boutique-en-ligne","18":"product_tag-boutique-en-ligne-2","19":"product_tag-bronze","20":"product_tag-bronze-3","21":"product_tag-cache","22":"product_tag-capuchon-2","23":"product_tag-casquette-perlee","24":"product_tag-casquettes-perlees","25":"product_tag-caution","26":"product_tag-de","27":"product_tag-epingle","28":"product_tag-fixation","29":"product_tag-fournitures","30":"product_tag-invisible-2","31":"product_tag-largent","32":"product_tag-largent-2","33":"product_tag-largent-3","34":"product_tag-mercerie","35":"product_tag-oeil-2","36":"product_tag-oeil-cache-en-pendentif","37":"product_tag-oeil-de-vis","38":"product_tag-oeillets-de-raccordement","39":"product_tag-pendentif","40":"product_tag-pendentif-3","41":"product_tag-pendentif-en-verre","42":"product_tag-pendentif-epoxy-bijoux-epoxy","43":"product_tag-pendentif-oeil","44":"product_tag-pendentif-oeil-2","45":"product_tag-pendentifs-diy","46":"product_tag-pendentifs-en-verre","47":"product_tag-perle","48":"product_tag-perle-4","49":"product_tag-perle-de-pierre-naturelle","50":"product_tag-pierres-precieuses-5","51":"product_tag-pour","52":"product_tag-pur-2","53":"product_tag-reel","54":"product_tag-renflouement","55":"product_tag-ressort-de-saut","56":"product_tag-semi-perce","57":"product_tag-semi-perce-2","58":"product_tag-solide","59":"product_tag-sollid","60":"product_tag-sterling","61":"product_tag-vraiment","62":"product_shipping_class-standard","64":"first","65":"instock","66":"taxable","67":"shipping-taxable","68":"purchasable","69":"product-type-simple"},"acf":[],"_links":{"self":[{"href":"https:\/\/esquell.eu\/fr\/wp-json\/wp\/v2\/product\/19533","targetHints":{"allow":["GET"]}}],"collection":[{"href":"https:\/\/esquell.eu\/fr\/wp-json\/wp\/v2\/product"}],"about":[{"href":"https:\/\/esquell.eu\/fr\/wp-json\/wp\/v2\/types\/product"}],"replies":[{"embeddable":true,"href":"https:\/\/esquell.eu\/fr\/wp-json\/wp\/v2\/comments?post=19533"}],"wp:featuredmedia":[{"embeddable":true,"href":"https:\/\/esquell.eu\/fr\/wp-json\/wp\/v2\/media\/19534"}],"wp:attachment":[{"href":"https:\/\/esquell.eu\/fr\/wp-json\/wp\/v2\/media?parent=19533"}],"wp:term":[{"taxonomy":"more","embeddable":true,"href":"https:\/\/esquell.eu\/fr\/wp-json\/wp\/v2\/more?post=19533"},{"taxonomy":"product_brand","embeddable":true,"href":"https:\/\/esquell.eu\/fr\/wp-json\/wp\/v2\/product_brand?post=19533"},{"taxonomy":"product_cat","embeddable":true,"href":"https:\/\/esquell.eu\/fr\/wp-json\/wp\/v2\/product_cat?post=19533"},{"taxonomy":"product_tag","embeddable":true,"href":"https:\/\/esquell.eu\/fr\/wp-json\/wp\/v2\/product_tag?post=19533"}],"curies":[{"name":"wp","href":"https:\/\/api.w.org\/{rel}","templated":true}]}}