{"id":19470,"date":"2025-05-01T21:18:06","date_gmt":"2025-05-01T21:18:06","guid":{"rendered":"https:\/\/esquell.eu\/product\/base-filetee-art-clay-pour-bijoux-interchangeables-k-1007-emballe-par-10-pieces\/"},"modified":"2026-03-23T20:01:44","modified_gmt":"2026-03-23T20:01:44","slug":"base-filetee-art-clay-pour-bijoux-interchangeables-k-1007-emballe-par-10-pieces","status":"publish","type":"product","link":"https:\/\/esquell.eu\/fr\/produit\/base-filetee-art-clay-pour-bijoux-interchangeables-k-1007-emballe-par-10-pieces\/","title":{"rendered":"Base filet\u00e9e Art Clay pour bijoux interchangeables. K-1007 Emball\u00e9 par 5 pi\u00e8ces"},"content":{"rendered":"<p>Oeil \u00e0 vis plat (petit) en argent fin (SV990),<br \/>\nSachet de 10 pi\u00e8ces.<\/p>\n<p>Base de fil \u00e0 vis Art Clay pour bijoux interchangeables.<\/p>\n<p>SV 1000<\/p>\n<p>Ce fil \u00e0 vis en argent fin peut \u00eatre co-cuit dans l&rsquo;argile \u00e0 l&rsquo;argent et l&rsquo;argile au cuivre.<\/p>\n","protected":false},"excerpt":{"rendered":"<p>Oeillet \u00e0 vis plat (petit) en argent fin (SV990), sachet de 10 pi\u00e8ces.<\/p>\n<p>Longueur totale 6 mm, oeillet 1 mm.<\/p>\n<p>Convient pour la co-cuisson dans l&rsquo;argile argent\u00e9e, l&rsquo;argile m\u00e9tallique, d&rsquo;autres types d&rsquo;argile et le traitement dans les bijoux en r\u00e9sine, entre autres.<\/p>\n<p>10 Pi\u00e8ces<\/p>\n<p>Regardez la vid\u00e9o pour une explication d\u00e9taill\u00e9e.<\/p>\n","protected":false},"featured_media":19473,"comment_status":"closed","ping_status":"closed","template":"","meta":{"_acf_changed":false,"_seopress_robots_primary_cat":"none","_seopress_titles_title":"","_seopress_titles_desc":"","_seopress_robots_index":""},"more":[],"product_brand":[6382],"product_cat":[9873,12319,7468,10991],"product_tag":[6470,6960,7016,12945,16678,16677,10954,16674,6641,6389,6796,6412,7546,14346,16668,16667,8042,12322,6650,6423,12040,9797,16669,6635,16672,6369,6550,6634,6708,12329,16671,12554,10350,6774,14295,8831,16673,12320,12552,12816,7794,9566,14398,11534,16675,7506,6954,6778,14316,16676,9896,12770,16172,16670,7786,6964,6919,6776],"class_list":{"0":"post-19470","1":"product","2":"type-product","3":"status-publish","4":"has-post-thumbnail","6":"product_brand-acs","7":"product_cat-led-et-resine-uv","8":"product_cat-oeillets-de-pendentifs-bails-et-oeillets-a-vis","9":"product_cat-outils-et-fournitures-pour-le-verre","10":"product_cat-pieces-adaptees-a-la-cocuisson-avec-de-largile-metallique","11":"product_tag-6470","12":"product_tag-amende","13":"product_tag-amende-2","14":"product_tag-bijoux-en-bronze-3","15":"product_tag-bijoux-en-bronze-4","16":"product_tag-bijoux-en-cuivre","17":"product_tag-bijoux-en-verre-2","18":"product_tag-bijoux-en-verre-3","19":"product_tag-boucles-doreilles","20":"product_tag-boutique-en-ligne","21":"product_tag-boutique-en-ligne-2","22":"product_tag-bronze","23":"product_tag-bronze-3","24":"product_tag-cache","25":"product_tag-capuchon-2","26":"product_tag-casquette-perlee","27":"product_tag-casquettes-perlees","28":"product_tag-caution","29":"product_tag-cuivre","30":"product_tag-de","31":"product_tag-epingle","32":"product_tag-epoxy","33":"product_tag-fixation","34":"product_tag-fournitures","35":"product_tag-invisible-2","36":"product_tag-largent","37":"product_tag-largent-2","38":"product_tag-largent-3","39":"product_tag-mercerie","40":"product_tag-oeil-2","41":"product_tag-oeil-cache-en-pendentif","42":"product_tag-oeil-de-vis","43":"product_tag-oeillets-de-raccordement","44":"product_tag-pendentif","45":"product_tag-pendentif-3","46":"product_tag-pendentif-en-verre","47":"product_tag-pendentif-epoxy-bijoux-epoxy","48":"product_tag-pendentif-oeil","49":"product_tag-pendentif-oeil-2","50":"product_tag-pendentifs-diy","51":"product_tag-pendentifs-en-verre","52":"product_tag-perle","53":"product_tag-perle-4","54":"product_tag-perle-de-pierre-naturelle","55":"product_tag-pierres-precieuses-5","56":"product_tag-pour","57":"product_tag-pur-2","58":"product_tag-reel","59":"product_tag-renflouement","60":"product_tag-resine-3","61":"product_tag-resine-acrylique","62":"product_tag-ressort-de-saut","63":"product_tag-semi-perce","64":"product_tag-semi-perce-2","65":"product_tag-solide","66":"product_tag-sollid","67":"product_tag-sterling","68":"product_tag-vraiment","69":"product_shipping_class-standard","71":"first","72":"instock","73":"taxable","74":"shipping-taxable","75":"purchasable","76":"product-type-simple"},"acf":[],"_links":{"self":[{"href":"https:\/\/esquell.eu\/fr\/wp-json\/wp\/v2\/product\/19470","targetHints":{"allow":["GET"]}}],"collection":[{"href":"https:\/\/esquell.eu\/fr\/wp-json\/wp\/v2\/product"}],"about":[{"href":"https:\/\/esquell.eu\/fr\/wp-json\/wp\/v2\/types\/product"}],"replies":[{"embeddable":true,"href":"https:\/\/esquell.eu\/fr\/wp-json\/wp\/v2\/comments?post=19470"}],"wp:featuredmedia":[{"embeddable":true,"href":"https:\/\/esquell.eu\/fr\/wp-json\/wp\/v2\/media\/19473"}],"wp:attachment":[{"href":"https:\/\/esquell.eu\/fr\/wp-json\/wp\/v2\/media?parent=19470"}],"wp:term":[{"taxonomy":"more","embeddable":true,"href":"https:\/\/esquell.eu\/fr\/wp-json\/wp\/v2\/more?post=19470"},{"taxonomy":"product_brand","embeddable":true,"href":"https:\/\/esquell.eu\/fr\/wp-json\/wp\/v2\/product_brand?post=19470"},{"taxonomy":"product_cat","embeddable":true,"href":"https:\/\/esquell.eu\/fr\/wp-json\/wp\/v2\/product_cat?post=19470"},{"taxonomy":"product_tag","embeddable":true,"href":"https:\/\/esquell.eu\/fr\/wp-json\/wp\/v2\/product_tag?post=19470"}],"curies":[{"name":"wp","href":"https:\/\/api.w.org\/{rel}","templated":true}]}}