{"id":19442,"date":"2025-05-01T21:43:49","date_gmt":"2025-05-01T21:43:49","guid":{"rendered":"https:\/\/esquell.eu\/product\/bouchon-en-argent-925-interieur-en-caoutchouc\/"},"modified":"2025-05-01T21:43:49","modified_gmt":"2025-05-01T21:43:49","slug":"bouchon-en-argent-925-interieur-en-caoutchouc","status":"publish","type":"product","link":"https:\/\/esquell.eu\/fr\/produit\/bouchon-en-argent-925-interieur-en-caoutchouc\/","title":{"rendered":"Bouchon en argent 925. Int\u00e9rieur en caoutchouc"},"content":{"rendered":"<p>Perle, bouchon,<\/p>\n<p>Enti\u00e8rement lisse et rhodi\u00e9e<br \/>\nTaille 7,5x4mm, trou filet\u00e9 environ 3mm<\/p>\n<p>Argent 925<br \/>\nLe trou filet\u00e9 est flexible gr\u00e2ce au caoutchouc \u00e0 l&rsquo;int\u00e9rieur<\/p>\n<p>Le caoutchouc \u00e0 l&rsquo;int\u00e9rieur permet \u00e0 cette perle d&rsquo;\u00eatre utilis\u00e9e pour maintenir un pendentif en place.<\/p>\n","protected":false},"excerpt":{"rendered":"<p>Perle, bouchon, tous lisses et rhodi\u00e9s<br \/>\nTaille 7,5x4mm, trou d&rsquo;environ 3mm<\/p>\n<p>Argent 925<br \/>\nLe trou est flexible gr\u00e2ce au caoutchouc \u00e0 l&rsquo;int\u00e9rieur<\/p>\n<p>Argent 925<\/p>\n<p>&nbsp;<\/p>\n","protected":false},"featured_media":6433,"comment_status":"closed","ping_status":"closed","template":"","meta":{"_acf_changed":false,"_seopress_robots_primary_cat":"none","_seopress_titles_title":"","_seopress_titles_desc":"","_seopress_robots_index":""},"more":[],"product_brand":[6521],"product_cat":[12319],"product_tag":[6470,6960,7016,6718,12945,16678,16677,10954,16674,16679,6641,6389,6796,6412,7546,14346,16668,16667,8042,12322,14298,6650,6423,12040,9797,16669,6635,8832,16672,6369,6550,6634,6708,12329,16671,12554,10350,14295,6774,8831,16673,12320,12552,12816,7794,9566,14398,11534,16675,7506,6954,6778,14316,16676,9896,12770,16172,16670,7786,6964,6919,6776],"class_list":{"0":"post-19442","1":"product","2":"type-product","3":"status-publish","4":"has-post-thumbnail","6":"product_brand-promethee","7":"product_cat-oeillets-de-pendentifs-bails-et-oeillets-a-vis","8":"product_tag-6470","9":"product_tag-amende","10":"product_tag-amende-2","11":"product_tag-bijoux-3","12":"product_tag-bijoux-en-bronze-3","13":"product_tag-bijoux-en-bronze-4","14":"product_tag-bijoux-en-cuivre","15":"product_tag-bijoux-en-verre-2","16":"product_tag-bijoux-en-verre-3","17":"product_tag-bijoux-interchangeables","18":"product_tag-boucles-doreilles","19":"product_tag-boutique-en-ligne","20":"product_tag-boutique-en-ligne-2","21":"product_tag-bronze","22":"product_tag-bronze-3","23":"product_tag-cache","24":"product_tag-capuchon-2","25":"product_tag-casquette-perlee","26":"product_tag-casquettes-perlees","27":"product_tag-caution","28":"product_tag-changer-2","29":"product_tag-cuivre","30":"product_tag-de","31":"product_tag-epingle","32":"product_tag-epoxy","33":"product_tag-fixation","34":"product_tag-fournitures","35":"product_tag-interchangeable","36":"product_tag-invisible-2","37":"product_tag-largent","38":"product_tag-largent-2","39":"product_tag-largent-3","40":"product_tag-mercerie","41":"product_tag-oeil-2","42":"product_tag-oeil-cache-en-pendentif","43":"product_tag-oeil-de-vis","44":"product_tag-oeillets-de-raccordement","45":"product_tag-pendentif-3","46":"product_tag-pendentif","47":"product_tag-pendentif-en-verre","48":"product_tag-pendentif-epoxy-bijoux-epoxy","49":"product_tag-pendentif-oeil","50":"product_tag-pendentif-oeil-2","51":"product_tag-pendentifs-diy","52":"product_tag-pendentifs-en-verre","53":"product_tag-perle","54":"product_tag-perle-4","55":"product_tag-perle-de-pierre-naturelle","56":"product_tag-pierres-precieuses-5","57":"product_tag-pour","58":"product_tag-pur-2","59":"product_tag-reel","60":"product_tag-renflouement","61":"product_tag-resine-3","62":"product_tag-resine-acrylique","63":"product_tag-ressort-de-saut","64":"product_tag-semi-perce","65":"product_tag-semi-perce-2","66":"product_tag-solide","67":"product_tag-sollid","68":"product_tag-sterling","69":"product_tag-vraiment","70":"product_shipping_class-standard","72":"first","73":"instock","74":"taxable","75":"shipping-taxable","76":"purchasable","77":"product-type-simple"},"acf":[],"_links":{"self":[{"href":"https:\/\/esquell.eu\/fr\/wp-json\/wp\/v2\/product\/19442","targetHints":{"allow":["GET"]}}],"collection":[{"href":"https:\/\/esquell.eu\/fr\/wp-json\/wp\/v2\/product"}],"about":[{"href":"https:\/\/esquell.eu\/fr\/wp-json\/wp\/v2\/types\/product"}],"replies":[{"embeddable":true,"href":"https:\/\/esquell.eu\/fr\/wp-json\/wp\/v2\/comments?post=19442"}],"wp:featuredmedia":[{"embeddable":true,"href":"https:\/\/esquell.eu\/fr\/wp-json\/wp\/v2\/media\/6433"}],"wp:attachment":[{"href":"https:\/\/esquell.eu\/fr\/wp-json\/wp\/v2\/media?parent=19442"}],"wp:term":[{"taxonomy":"more","embeddable":true,"href":"https:\/\/esquell.eu\/fr\/wp-json\/wp\/v2\/more?post=19442"},{"taxonomy":"product_brand","embeddable":true,"href":"https:\/\/esquell.eu\/fr\/wp-json\/wp\/v2\/product_brand?post=19442"},{"taxonomy":"product_cat","embeddable":true,"href":"https:\/\/esquell.eu\/fr\/wp-json\/wp\/v2\/product_cat?post=19442"},{"taxonomy":"product_tag","embeddable":true,"href":"https:\/\/esquell.eu\/fr\/wp-json\/wp\/v2\/product_tag?post=19442"}],"curies":[{"name":"wp","href":"https:\/\/api.w.org\/{rel}","templated":true}]}}