{"id":19405,"date":"2025-05-03T14:01:11","date_gmt":"2025-05-03T14:01:11","guid":{"rendered":"https:\/\/esquell.eu\/product\/fil-de-galerie-fil-de-fixation-laiton-10-cm-2\/"},"modified":"2025-11-08T09:45:26","modified_gmt":"2025-11-08T09:45:26","slug":"fil-de-galerie-fil-de-fixation-laiton-10-cm-2","status":"publish","type":"product","link":"https:\/\/esquell.eu\/fr\/produit\/fil-de-galerie-fil-de-fixation-laiton-10-cm-2\/","title":{"rendered":"Fil de galerie, fil de fixation Laiton 10 cm"},"content":{"rendered":"<p>Ce fil \u00e0 sertir en laiton peut \u00eatre co-cuit avec de la p\u00e2te de cuivre<br \/>\nPeut \u00e9galement \u00eatre soud\u00e9 avec de la soudure argent\u00e9e \u00e0 basse temp\u00e9rature ou de la p\u00e2te de soudure au cuivre<br \/>\nLongueur 10 cm<br \/>\nHauteur 2,5 mm<\/p>\n","protected":false},"excerpt":{"rendered":"<p>Fil de galerie, fil \u00e0 sertir Argent 925 Feuille<\/p>\n<p>Convient \u00e0 la cuisson de l&rsquo;arguile d&rsquo;argent<\/p>\n<p>&nbsp;<\/p>\n<p>Longueur 10 cm<\/p>\n<p>Hauteur 5 mm<\/p>\n<p>&nbsp;<\/p>\n<p>La longueur command\u00e9e sera livr\u00e9e, dans la mesure du possible, \u00e0 1 longueur.<br \/>\nSi 1 longueur est vraiment une exigence, veuillez l&rsquo;indiquer dans le champ commentaires lors de la commande.<\/p>\n<p>&nbsp;<\/p>\n<p>Pas assez en stock ? Envoyez un e-mail \u00e0 info@esquell. Si possible, nous le commanderons pour vous. <\/p>\n<p>&nbsp;<\/p>\n","protected":false},"featured_media":19407,"comment_status":"closed","ping_status":"closed","template":"","meta":{"_acf_changed":false,"_seopress_robots_primary_cat":"none","_seopress_titles_title":"","_seopress_titles_desc":"","_seopress_robots_index":""},"more":[],"product_brand":[6736],"product_cat":[12426],"product_tag":[6470,6476,6645,16800,6646,6404,6378,6390,6405,7567,6376,6389,6409,7400,12400,6650,7104,6374,12394,16801,12634,14380,8507,12392,12396,12390,12398,6745,12402,6563,6381,6369,6559,6478,12404,6643,6483,7029,6751,7426],"class_list":{"0":"post-19405","1":"product","2":"type-product","3":"status-publish","4":"has-post-thumbnail","6":"product_brand-des-outils-sympas","7":"product_cat-cuivre-bronze-laiton-acier-inoxydable","8":"product_tag-6470","9":"product_tag-6476","10":"product_tag-a","11":"product_tag-a-motifs","12":"product_tag-acheter","13":"product_tag-argile-argentee","14":"product_tag-argile-metallique","15":"product_tag-argile-metallique-2","16":"product_tag-artclay","17":"product_tag-artclayacademy","18":"product_tag-artclaysilver","19":"product_tag-boutique-en-ligne","20":"product_tag-bricolage","21":"product_tag-cabochons","22":"product_tag-certifie-certifie","23":"product_tag-cuivre","24":"product_tag-cuivre-2","25":"product_tag-faire","26":"product_tag-fantaisie","27":"product_tag-fil-a-broder","28":"product_tag-fil-de-cuivre","29":"product_tag-fil-de-cuivre-2","30":"product_tag-fil-de-fer","31":"product_tag-fil-de-fer-2","32":"product_tag-fil-de-la-galerie","33":"product_tag-fil-de-reglage","34":"product_tag-gracieux","35":"product_tag-instructeur","36":"product_tag-instructeur-3","37":"product_tag-instructeurs","38":"product_tag-japon","39":"product_tag-largent","40":"product_tag-lignes-dartisanat","41":"product_tag-lunette","42":"product_tag-lunette-2","43":"product_tag-ou","44":"product_tag-pierre-naturelle","45":"product_tag-pmc","46":"product_tag-reduction","47":"product_tag-reglage","48":"product_shipping_class-standard","50":"first","51":"instock","52":"taxable","53":"shipping-taxable","54":"purchasable","55":"product-type-simple"},"acf":[],"_links":{"self":[{"href":"https:\/\/esquell.eu\/fr\/wp-json\/wp\/v2\/product\/19405","targetHints":{"allow":["GET"]}}],"collection":[{"href":"https:\/\/esquell.eu\/fr\/wp-json\/wp\/v2\/product"}],"about":[{"href":"https:\/\/esquell.eu\/fr\/wp-json\/wp\/v2\/types\/product"}],"replies":[{"embeddable":true,"href":"https:\/\/esquell.eu\/fr\/wp-json\/wp\/v2\/comments?post=19405"}],"wp:featuredmedia":[{"embeddable":true,"href":"https:\/\/esquell.eu\/fr\/wp-json\/wp\/v2\/media\/19407"}],"wp:attachment":[{"href":"https:\/\/esquell.eu\/fr\/wp-json\/wp\/v2\/media?parent=19405"}],"wp:term":[{"taxonomy":"more","embeddable":true,"href":"https:\/\/esquell.eu\/fr\/wp-json\/wp\/v2\/more?post=19405"},{"taxonomy":"product_brand","embeddable":true,"href":"https:\/\/esquell.eu\/fr\/wp-json\/wp\/v2\/product_brand?post=19405"},{"taxonomy":"product_cat","embeddable":true,"href":"https:\/\/esquell.eu\/fr\/wp-json\/wp\/v2\/product_cat?post=19405"},{"taxonomy":"product_tag","embeddable":true,"href":"https:\/\/esquell.eu\/fr\/wp-json\/wp\/v2\/product_tag?post=19405"}],"curies":[{"name":"wp","href":"https:\/\/api.w.org\/{rel}","templated":true}]}}