{"id":19394,"date":"2025-05-03T13:21:46","date_gmt":"2025-05-03T13:21:46","guid":{"rendered":"https:\/\/esquell.eu\/product\/fil-de-laiton-diametre-de-la-corde-16-mm-15-cm\/"},"modified":"2025-05-03T13:21:46","modified_gmt":"2025-05-03T13:21:46","slug":"fil-de-laiton-diametre-de-la-corde-16-mm-15-cm","status":"publish","type":"product","link":"https:\/\/esquell.eu\/fr\/produit\/fil-de-laiton-diametre-de-la-corde-16-mm-15-cm\/","title":{"rendered":"Fil de laiton Diam\u00e8tre de la corde 1,6 mm 15 cm"},"content":{"rendered":"<p>Fil de laiton Corde. diam\u00e8tre 1,6 mm <\/p>\n<p>Longueur 15 cm.<\/p>\n<p>Convient \u00e0 la cuisson avec de l&rsquo;argile de bronze<\/p>\n<p>A souder avec de la p\u00e2te \u00e0 braser au cuivre ou de la p\u00e2te \u00e0 braser basse temp\u00e9rature.  <u><strong><br \/>\n<\/strong><\/u><\/p>\n<p>La longueur command\u00e9e sera livr\u00e9e, dans la mesure du possible, \u00e0 1 longueur.<br \/>\nSi 1 longueur est vraiment une exigence, veuillez l&rsquo;indiquer dans le champ commentaires lors de la commande.<\/p>\n","protected":false},"excerpt":{"rendered":"<p>Fil de cuivre Corde. diam\u00e8tre 1.6 mm <\/p>\n<p>Longueur 15 cm.<\/p>\n<p>Fil de cuivre Corde. diam\u00e8tre 1.6 mm <\/p>\n<p>Longueur 15 cm.<\/p>\n<p>Convient \u00e0 la cuisson de l&rsquo;argile au cuivre.<\/p>\n<p>A souder avec de la p\u00e2te \u00e0 braser au cuivre ou de la p\u00e2te \u00e0 braser basse temp\u00e9rature<u><strong><br \/>\n<\/strong><\/u><\/p>\n<p>La longueur command\u00e9e sera livr\u00e9e, dans la mesure du possible, \u00e0 1 longueur.<br \/>\nSi 1 longueur est vraiment une exigence, veuillez l&rsquo;indiquer dans le champ commentaires lors de la commande.<\/p>\n<p><u><strong> <\/strong><\/u><\/p>\n<p>La longueur command\u00e9e sera livr\u00e9e, dans la mesure du possible, \u00e0 1 longueur.<br \/>\nSi 1 longueur est vraiment une exigence, veuillez l&rsquo;indiquer dans le champ commentaires lors de la commande.<\/p>\n<p>&nbsp;<\/p>\n<p>&nbsp;<\/p>\n<p>&nbsp;<\/p>\n","protected":false},"featured_media":6631,"comment_status":"closed","ping_status":"closed","template":"","meta":{"_acf_changed":false,"_seopress_robots_primary_cat":"none","_seopress_titles_title":"","_seopress_titles_desc":"","_seopress_robots_index":""},"more":[],"product_brand":[6736],"product_cat":[12426],"product_tag":[6645,8048,7675,7760,6939,6646,6397,12440,6923,7668,12639,6404,7141,7028,6378,6376,7100,6575,6393,6372,10347,12642,12446,6402,12629,6958,8735,12632,6941,6792,12635,6409,6412,6794,6962,6649,12654,16802,16803,7104,7498,6650,7114,6655,6647,6724,6763,6374,6798,12634,14380,14384,8507,12631,12427,6785,8031,6653,7679,6712,6651,12439,12006,6801,6761,6369,6550,8682,7681,6640,6708,12651,6661,6643,6657,6391,6665,6774,6644,12633,12648,12645,6751,6407,6805,6663,7102,6803,6408,7032],"class_list":{"0":"post-19394","1":"product","2":"type-product","3":"status-publish","4":"has-post-thumbnail","6":"product_brand-des-outils-sympas","7":"product_cat-cuivre-bronze-laiton-acier-inoxydable","8":"product_tag-a","9":"product_tag-a-vendre","10":"product_tag-achats","11":"product_tag-achats-2","12":"product_tag-acheter-2","13":"product_tag-acheter","14":"product_tag-allemagne","15":"product_tag-allergene","16":"product_tag-amsterdam","17":"product_tag-argenterie-2","18":"product_tag-argenterie-artclay","19":"product_tag-argile-argentee","20":"product_tag-argile-cuivree","21":"product_tag-argile-cuivreuse","22":"product_tag-argile-metallique","23":"product_tag-artclaysilver","24":"product_tag-artclaysilvershop","25":"product_tag-ateliers","26":"product_tag-belgique","27":"product_tag-bijoux","28":"product_tag-bijoux-en-fil-de-fer","29":"product_tag-bijoux-en-fil-de-fer-2","30":"product_tag-bijoux-mercerie","31":"product_tag-bon-marche","32":"product_tag-boucles-doreilles-en-fil-metallique","33":"product_tag-boutique","34":"product_tag-boutique-2","35":"product_tag-boutique-3","36":"product_tag-brabant","37":"product_tag-bracelet","38":"product_tag-bracelet-en-fil-de-fer","39":"product_tag-bricolage","40":"product_tag-bronze","41":"product_tag-chaine","42":"product_tag-collier","43":"product_tag-commande","44":"product_tag-corde","45":"product_tag-corde-2","46":"product_tag-corde-en-laiton","47":"product_tag-cuivre-2","48":"product_tag-cuivre-3","49":"product_tag-cuivre","50":"product_tag-cuivre-malleable","51":"product_tag-drenthe","52":"product_tag-en-ligne","53":"product_tag-envoyer","54":"product_tag-facebook","55":"product_tag-faire","56":"product_tag-faire-2","57":"product_tag-fil-de-cuivre","58":"product_tag-fil-de-cuivre-2","59":"product_tag-fil-de-cuivre-3","60":"product_tag-fil-de-fer","61":"product_tag-fil-de-fer-3","62":"product_tag-fil-metallique","63":"product_tag-flevoland","64":"product_tag-fournitures-pour-bijoux","65":"product_tag-frise","66":"product_tag-google","67":"product_tag-gratuit","68":"product_tag-groningue","69":"product_tag-hypo","70":"product_tag-hypoallergenique","71":"product_tag-il","72":"product_tag-instagram","73":"product_tag-largent","74":"product_tag-largent-2","75":"product_tag-laiton","76":"product_tag-magasin-de-perles","77":"product_tag-maison","78":"product_tag-mercerie","79":"product_tag-mercerie-en-laiton","80":"product_tag-nord","81":"product_tag-ou","82":"product_tag-overijssel","83":"product_tag-pays-bas","84":"product_tag-pays-bas-2","85":"product_tag-pendentif","86":"product_tag-pieces","87":"product_tag-pieces-de-bijouterie-3","88":"product_tag-pieces-en-cuivre","89":"product_tag-pinteres","90":"product_tag-reduction","91":"product_tag-silverclay-co-uk","92":"product_tag-soi","93":"product_tag-sud","94":"product_tag-vasieres","95":"product_tag-votre","96":"product_tag-vous","97":"product_tag-zwolle","98":"product_shipping_class-standard","100":"first","101":"instock","102":"taxable","103":"shipping-taxable","104":"purchasable","105":"product-type-simple"},"acf":[],"_links":{"self":[{"href":"https:\/\/esquell.eu\/fr\/wp-json\/wp\/v2\/product\/19394","targetHints":{"allow":["GET"]}}],"collection":[{"href":"https:\/\/esquell.eu\/fr\/wp-json\/wp\/v2\/product"}],"about":[{"href":"https:\/\/esquell.eu\/fr\/wp-json\/wp\/v2\/types\/product"}],"replies":[{"embeddable":true,"href":"https:\/\/esquell.eu\/fr\/wp-json\/wp\/v2\/comments?post=19394"}],"wp:featuredmedia":[{"embeddable":true,"href":"https:\/\/esquell.eu\/fr\/wp-json\/wp\/v2\/media\/6631"}],"wp:attachment":[{"href":"https:\/\/esquell.eu\/fr\/wp-json\/wp\/v2\/media?parent=19394"}],"wp:term":[{"taxonomy":"more","embeddable":true,"href":"https:\/\/esquell.eu\/fr\/wp-json\/wp\/v2\/more?post=19394"},{"taxonomy":"product_brand","embeddable":true,"href":"https:\/\/esquell.eu\/fr\/wp-json\/wp\/v2\/product_brand?post=19394"},{"taxonomy":"product_cat","embeddable":true,"href":"https:\/\/esquell.eu\/fr\/wp-json\/wp\/v2\/product_cat?post=19394"},{"taxonomy":"product_tag","embeddable":true,"href":"https:\/\/esquell.eu\/fr\/wp-json\/wp\/v2\/product_tag?post=19394"}],"curies":[{"name":"wp","href":"https:\/\/api.w.org\/{rel}","templated":true}]}}