{"id":19324,"date":"2025-05-03T12:23:56","date_gmt":"2025-05-03T12:23:56","guid":{"rendered":"https:\/\/esquell.eu\/product\/fil-rond-en-laiton-differentes-epaisseurs-prix-au-metre\/"},"modified":"2025-12-22T10:50:56","modified_gmt":"2025-12-22T10:50:56","slug":"fil-rond-en-laiton-differentes-epaisseurs-prix-au-metre","status":"publish","type":"product","link":"https:\/\/esquell.eu\/fr\/produit\/fil-rond-en-laiton-differentes-epaisseurs-prix-au-metre\/","title":{"rendered":"Fil rond en laiton, diff\u00e9rentes \u00e9paisseurs Prix au m\u00e8tre"},"content":{"rendered":"<p>Fil rond en laiton Diff\u00e9rentes \u00e9paisseurs<\/p>\n<p>Longueur 1 m\u00e8tre<\/p>\n<p>Le laiton est dor\u00e9.<\/p>\n<p>Sans plomb ni nickel.<\/p>\n<p>Le <strong>laiton<\/strong> ou cuivre jaune est un <strong>alliage de<\/strong> <strong>cuivre<\/strong> (55-70%) et de <strong>zinc<\/strong> (45-30%).<\/p>\n<p>La longueur command\u00e9e sera livr\u00e9e, dans la mesure du possible, \u00e0 1 longueur.<br \/>\nSi 1 longueur est vraiment une exigence, veuillez l&rsquo;indiquer dans le champ commentaires lors de la commande.<\/p>\n<p>Vous n&rsquo;avez pas assez de produits en stock ? Envoyez un e-mail \u00e0 info@esquell.eu. Si possible, nous le commanderons pour vous. <\/p>\n","protected":false},"excerpt":{"rendered":"<p>Fil de laiton rond de 1,5 mm de diam\u00e8tre.<\/p>\n<p>Longueur 1 m\u00e8tre<\/p>\n<p>Le laiton est de couleur dor\u00e9e.<\/p>\n<p>Sans plomb ni nickel.<\/p>\n<p><strong>Le laiton<\/strong> ou cuivre jaune est un <strong>alliage de<\/strong> <strong>cuivre<\/strong> (55-70%) et de <strong>zinc<\/strong> (45-30%).<\/p>\n","protected":false},"featured_media":19333,"comment_status":"closed","ping_status":"closed","template":"","meta":{"_acf_changed":false,"_seopress_robots_primary_cat":"none","_seopress_titles_title":"","_seopress_titles_desc":"","_seopress_robots_index":""},"more":[],"product_brand":[6363],"product_cat":[12426],"product_tag":[6645,8048,7675,6939,6646,6945,10186,7024,7036,6923,7339,6388,6404,6420,7141,6390,12437,6376,6949,6393,6372,9352,6658,12429,6958,6389,6941,6409,6412,12431,7546,6528,7544,6649,15726,7104,6650,7114,6655,7038,10344,6647,7043,7766,10080,7677,6798,6374,7671,12435,12634,14384,16718,12392,8507,16739,20669,12427,16717,12433,6815,6785,6653,7679,6651,6659,7659,7662,6801,9016,10177,8682,16740,7026,6789,6643,6657,6816,6391,10183,7029,6418,6443,6805,6787,6803,7032],"class_list":{"0":"post-19324","1":"product","2":"type-product","3":"status-publish","4":"has-post-thumbnail","6":"product_brand-bm","7":"product_cat-cuivre-bronze-laiton-acier-inoxydable","8":"product_tag-a","9":"product_tag-a-vendre","10":"product_tag-achats","11":"product_tag-acheter-2","12":"product_tag-acheter","13":"product_tag-alkmaar","14":"product_tag-alliage","15":"product_tag-almere","16":"product_tag-amersfoort","17":"product_tag-amsterdam","18":"product_tag-argent-malleable","19":"product_tag-argile","20":"product_tag-argile-argentee","21":"product_tag-argile-bronze","22":"product_tag-argile-cuivree","23":"product_tag-argile-metallique-2","24":"product_tag-arhnem","25":"product_tag-artclaysilver","26":"product_tag-assen","27":"product_tag-belgique","28":"product_tag-bijoux","29":"product_tag-bijoux-diy","30":"product_tag-bijoux-en-argile","31":"product_tag-bijoux-en-polymere","32":"product_tag-boutique","33":"product_tag-boutique-en-ligne","34":"product_tag-brabant","35":"product_tag-bricolage","36":"product_tag-bronze","37":"product_tag-bronze-5","38":"product_tag-bronze-3","39":"product_tag-bronze-2","40":"product_tag-bronze-malleable","41":"product_tag-commande","42":"product_tag-couleur-or-2","43":"product_tag-cuivre-2","44":"product_tag-cuivre","45":"product_tag-cuivre-malleable","46":"product_tag-drenthe","47":"product_tag-eindhoven","48":"product_tag-emballage-en-fil-metallique","49":"product_tag-en-ligne","50":"product_tag-enschede","51":"product_tag-etreilen","52":"product_tag-fabrication-de-bijoux-2","53":"product_tag-fabrication-de-bijoux-par-soi-meme","54":"product_tag-faire-2","55":"product_tag-faire","56":"product_tag-faire-soi-meme","57":"product_tag-fil-de-bronze","58":"product_tag-fil-de-cuivre","59":"product_tag-fil-de-cuivre-3","60":"product_tag-fil-de-cuivre-4","61":"product_tag-fil-de-fer-2","62":"product_tag-fil-de-fer","63":"product_tag-fil-de-laiton","64":"product_tag-fil-de-laiton-2","65":"product_tag-fil-metallique","66":"product_tag-fil-metallique-2","67":"product_tag-fil-pour-bijoux","68":"product_tag-fimo","69":"product_tag-flevoland","70":"product_tag-frise","71":"product_tag-google","72":"product_tag-groningue","73":"product_tag-gueldre","74":"product_tag-hollande-du-nord","75":"product_tag-hollande-du-sud","76":"product_tag-il","77":"product_tag-journees-de-largile","78":"product_tag-laiton-2","79":"product_tag-laiton","80":"product_tag-le-zinc","81":"product_tag-lelystad","82":"product_tag-limbourg","83":"product_tag-ou","84":"product_tag-overijssel","85":"product_tag-pate-polymere","86":"product_tag-pays-bas","87":"product_tag-plaque-en-laiton","88":"product_tag-pmc","89":"product_tag-promethee","90":"product_tag-resine-uv","91":"product_tag-soi","92":"product_tag-utrecht","93":"product_tag-votre","94":"product_tag-zwolle","95":"product_shipping_class-standard","96":"pa_draaddikte-02-mm","97":"pa_draaddikte-05-mm","98":"pa_draaddikte-07-mm","99":"pa_draaddikte-08-mm","100":"pa_draaddikte-1-mm","101":"pa_draaddikte-15-mm","103":"first","104":"instock","105":"taxable","106":"shipping-taxable","107":"purchasable","108":"product-type-variable"},"acf":[],"_links":{"self":[{"href":"https:\/\/esquell.eu\/fr\/wp-json\/wp\/v2\/product\/19324","targetHints":{"allow":["GET"]}}],"collection":[{"href":"https:\/\/esquell.eu\/fr\/wp-json\/wp\/v2\/product"}],"about":[{"href":"https:\/\/esquell.eu\/fr\/wp-json\/wp\/v2\/types\/product"}],"replies":[{"embeddable":true,"href":"https:\/\/esquell.eu\/fr\/wp-json\/wp\/v2\/comments?post=19324"}],"wp:featuredmedia":[{"embeddable":true,"href":"https:\/\/esquell.eu\/fr\/wp-json\/wp\/v2\/media\/19333"}],"wp:attachment":[{"href":"https:\/\/esquell.eu\/fr\/wp-json\/wp\/v2\/media?parent=19324"}],"wp:term":[{"taxonomy":"more","embeddable":true,"href":"https:\/\/esquell.eu\/fr\/wp-json\/wp\/v2\/more?post=19324"},{"taxonomy":"product_brand","embeddable":true,"href":"https:\/\/esquell.eu\/fr\/wp-json\/wp\/v2\/product_brand?post=19324"},{"taxonomy":"product_cat","embeddable":true,"href":"https:\/\/esquell.eu\/fr\/wp-json\/wp\/v2\/product_cat?post=19324"},{"taxonomy":"product_tag","embeddable":true,"href":"https:\/\/esquell.eu\/fr\/wp-json\/wp\/v2\/product_tag?post=19324"}],"curies":[{"name":"wp","href":"https:\/\/api.w.org\/{rel}","templated":true}]}}