{"id":19294,"date":"2025-05-03T12:13:21","date_gmt":"2025-05-03T12:13:21","guid":{"rendered":"https:\/\/esquell.eu\/product\/fil-de-cuivre-differentes-epaisseurs-prix-au-metre\/"},"modified":"2026-01-04T10:54:07","modified_gmt":"2026-01-04T10:54:07","slug":"fil-de-cuivre-differentes-epaisseurs-prix-au-metre","status":"publish","type":"product","link":"https:\/\/esquell.eu\/fr\/produit\/fil-de-cuivre-differentes-epaisseurs-prix-au-metre\/","title":{"rendered":"Fil de cuivre Diff\u00e9rentes \u00e9paisseurs Prix au m\u00e8tre"},"content":{"rendered":"<p>Fil de cuivre pur \u00e0 99,9 %. Prix et achat par m\u00e8tre <\/p>\n<p>La longueur command\u00e9e sera livr\u00e9e, dans la mesure du possible, \u00e0 1 longueur.<br \/>\nSi 1 longueur est vraiment une exigence, veuillez l&rsquo;indiquer dans le champ commentaires lors de la commande.<\/p>\n<p>Vous n&rsquo;avez pas assez de produits en stock ? Envoyez un e-mail \u00e0 info@esquell.eu. Si possible, nous le commanderons pour vous. <\/p>\n","protected":false},"excerpt":{"rendered":"<p>Fil de cuivre pur \u00e0 99,9 %. Prix et achat par m\u00e8tre <\/p>\n<p>La longueur command\u00e9e sera livr\u00e9e, dans la mesure du possible, \u00e0 1 longueur.<br \/>\nSi 1 longueur est vraiment une exigence, veuillez l&rsquo;indiquer dans le champ commentaires lors de la commande.<\/p>\n<p>Vous n&rsquo;avez pas assez de produits en stock ? Envoyez un e-mail \u00e0 info@esquell.eu. Si possible, nous le commanderons pour vous. <\/p>\n","protected":false},"featured_media":6587,"comment_status":"closed","ping_status":"closed","template":"","meta":{"_acf_changed":false,"_seopress_robots_primary_cat":"none","_seopress_titles_title":"","_seopress_titles_desc":"","_seopress_robots_index":""},"more":[],"product_brand":[6363],"product_cat":[12426],"product_tag":[6645,8048,7675,6646,6939,6945,7024,7036,6923,7339,6388,6404,6420,7141,6390,12437,6376,6949,6393,6372,9352,6658,12429,6958,6389,6941,6409,6412,6528,7546,12431,7544,6649,6650,7104,7114,6655,7038,10344,6647,7043,7766,10080,7677,6374,6798,7671,12435,12634,14384,16718,8507,12392,12427,16717,12433,6815,6785,6653,7679,6651,6659,7659,7662,6801,9016,7026,6789,6643,6657,6816,6391,7029,6418,6443,6805,6787,6803,7032],"class_list":{"0":"post-19294","1":"product","2":"type-product","3":"status-publish","4":"has-post-thumbnail","6":"product_brand-bm","7":"product_cat-cuivre-bronze-laiton-acier-inoxydable","8":"product_tag-a","9":"product_tag-a-vendre","10":"product_tag-achats","11":"product_tag-acheter","12":"product_tag-acheter-2","13":"product_tag-alkmaar","14":"product_tag-almere","15":"product_tag-amersfoort","16":"product_tag-amsterdam","17":"product_tag-argent-malleable","18":"product_tag-argile","19":"product_tag-argile-argentee","20":"product_tag-argile-bronze","21":"product_tag-argile-cuivree","22":"product_tag-argile-metallique-2","23":"product_tag-arhnem","24":"product_tag-artclaysilver","25":"product_tag-assen","26":"product_tag-belgique","27":"product_tag-bijoux","28":"product_tag-bijoux-diy","29":"product_tag-bijoux-en-argile","30":"product_tag-bijoux-en-polymere","31":"product_tag-boutique","32":"product_tag-boutique-en-ligne","33":"product_tag-brabant","34":"product_tag-bricolage","35":"product_tag-bronze","36":"product_tag-bronze-2","37":"product_tag-bronze-3","38":"product_tag-bronze-5","39":"product_tag-bronze-malleable","40":"product_tag-commande","41":"product_tag-cuivre","42":"product_tag-cuivre-2","43":"product_tag-cuivre-malleable","44":"product_tag-drenthe","45":"product_tag-eindhoven","46":"product_tag-emballage-en-fil-metallique","47":"product_tag-en-ligne","48":"product_tag-enschede","49":"product_tag-etreilen","50":"product_tag-fabrication-de-bijoux-2","51":"product_tag-fabrication-de-bijoux-par-soi-meme","52":"product_tag-faire","53":"product_tag-faire-2","54":"product_tag-faire-soi-meme","55":"product_tag-fil-de-bronze","56":"product_tag-fil-de-cuivre","57":"product_tag-fil-de-cuivre-3","58":"product_tag-fil-de-cuivre-4","59":"product_tag-fil-de-fer","60":"product_tag-fil-de-fer-2","61":"product_tag-fil-metallique","62":"product_tag-fil-metallique-2","63":"product_tag-fil-pour-bijoux","64":"product_tag-fimo","65":"product_tag-flevoland","66":"product_tag-frise","67":"product_tag-google","68":"product_tag-groningue","69":"product_tag-gueldre","70":"product_tag-hollande-du-nord","71":"product_tag-hollande-du-sud","72":"product_tag-il","73":"product_tag-journees-de-largile","74":"product_tag-lelystad","75":"product_tag-limbourg","76":"product_tag-ou","77":"product_tag-overijssel","78":"product_tag-pate-polymere","79":"product_tag-pays-bas","80":"product_tag-pmc","81":"product_tag-promethee","82":"product_tag-resine-uv","83":"product_tag-soi","84":"product_tag-utrecht","85":"product_tag-votre","86":"product_tag-zwolle","87":"product_shipping_class-standard","88":"pa_draaddikte-02-mm","89":"pa_draaddikte-05-mm","90":"pa_draaddikte-07-mm","91":"pa_draaddikte-08-mm","92":"pa_draaddikte-1-mm","93":"pa_draaddikte-15-mm","95":"first","96":"instock","97":"taxable","98":"shipping-taxable","99":"purchasable","100":"product-type-variable"},"acf":[],"_links":{"self":[{"href":"https:\/\/esquell.eu\/fr\/wp-json\/wp\/v2\/product\/19294","targetHints":{"allow":["GET"]}}],"collection":[{"href":"https:\/\/esquell.eu\/fr\/wp-json\/wp\/v2\/product"}],"about":[{"href":"https:\/\/esquell.eu\/fr\/wp-json\/wp\/v2\/types\/product"}],"replies":[{"embeddable":true,"href":"https:\/\/esquell.eu\/fr\/wp-json\/wp\/v2\/comments?post=19294"}],"wp:featuredmedia":[{"embeddable":true,"href":"https:\/\/esquell.eu\/fr\/wp-json\/wp\/v2\/media\/6587"}],"wp:attachment":[{"href":"https:\/\/esquell.eu\/fr\/wp-json\/wp\/v2\/media?parent=19294"}],"wp:term":[{"taxonomy":"more","embeddable":true,"href":"https:\/\/esquell.eu\/fr\/wp-json\/wp\/v2\/more?post=19294"},{"taxonomy":"product_brand","embeddable":true,"href":"https:\/\/esquell.eu\/fr\/wp-json\/wp\/v2\/product_brand?post=19294"},{"taxonomy":"product_cat","embeddable":true,"href":"https:\/\/esquell.eu\/fr\/wp-json\/wp\/v2\/product_cat?post=19294"},{"taxonomy":"product_tag","embeddable":true,"href":"https:\/\/esquell.eu\/fr\/wp-json\/wp\/v2\/product_tag?post=19294"}],"curies":[{"name":"wp","href":"https:\/\/api.w.org\/{rel}","templated":true}]}}