{"id":19023,"date":"2025-05-05T17:12:58","date_gmt":"2025-05-05T17:12:58","guid":{"rendered":"https:\/\/esquell.eu\/product\/fil-a-badigeonner-revetu-dacier-inoxydable-differents-diametres\/"},"modified":"2025-05-05T17:12:58","modified_gmt":"2025-05-05T17:12:58","slug":"fil-a-badigeonner-revetu-dacier-inoxydable-differents-diametres","status":"publish","type":"product","link":"https:\/\/esquell.eu\/fr\/produit\/fil-a-badigeonner-revetu-dacier-inoxydable-differents-diametres\/","title":{"rendered":"Fil \u00e0 badigeonner rev\u00eatu d&rsquo;acier inoxydable. Diff\u00e9rents diam\u00e8tres"},"content":{"rendered":"<p>Filetage rev\u00eatu d&rsquo;acier inoxydable. Fil d&rsquo;acier, cir\u00e9<\/p>\n<p>Diff\u00e9rents diam\u00e8tres<\/p>\n<p>Solide, flexible, ne se d\u00e9forme pas.<\/p>\n<p>L&rsquo;acier inoxydable ne provoque pas de r\u00e9action allergique. Les bijoux en acier inoxydable sont des bijoux parfaits car ils sont hypoallerg\u00e9niques, de sorte qu&rsquo;une r\u00e9action allergique se produit rarement. Il est \u00e9galement appel\u00e9 acier chirurgical ou acier inoxydable et est utilis\u00e9, par exemple, pour les boutons d&rsquo;ulc\u00e8re port\u00e9s apr\u00e8s les boucles d&rsquo;oreilles de tir. Les bijoux en acier inoxydable sont \u00e9galement appel\u00e9s bijoux m\u00e9dicaux.    Les bijoux en acier inoxydable ne se d\u00e9colorent pas.<\/p>\n","protected":false},"excerpt":{"rendered":"<p>Filetage rev\u00eatu d&rsquo;acier inoxydable. Fil d&rsquo;acier, cir\u00e9<\/p>\n<p>Diff\u00e9rentes \u00e9paisseurs : 0,3 &#8211; 0,45 &#8211; 0,5 &#8211; 0,6 &#8211; 0,7 &#8211; 0,8 et 1mm<\/p>\n<p>Solide, flexible, ne se d\u00e9forme pas.<\/p>\n<p>L&rsquo;acier inoxydable ne provoque pas de r\u00e9action allergique. Les bijoux en acier inoxydable sont des bijoux parfaits car ils sont hypoallerg\u00e9niques, de sorte qu&rsquo;une r\u00e9action allergique se produit rarement. Il est \u00e9galement appel\u00e9 acier chirurgical ou acier inoxydable et est utilis\u00e9, par exemple, pour les boutons d&rsquo;ulc\u00e8re port\u00e9s apr\u00e8s les boucles d&rsquo;oreilles de tir. Les bijoux en acier inoxydable sont \u00e9galement appel\u00e9s bijoux m\u00e9dicaux.    Les bijoux en acier inoxydable ne se d\u00e9colorent pas.<\/p>\n<p>&nbsp;<\/p>\n<p>&nbsp;<\/p>\n","protected":false},"featured_media":6928,"comment_status":"closed","ping_status":"closed","template":"","meta":{"_acf_changed":false,"_seopress_robots_primary_cat":"none","_seopress_titles_title":"","_seopress_titles_desc":"","_seopress_robots_index":""},"more":[],"product_brand":[6398],"product_cat":[8488],"product_tag":[6645,6646,6939,6847,6945,7045,7036,6923,6931,7096,6947,6949,9668,9645,6393,9666,6372,9292,6402,6641,6958,6389,6796,8026,9286,6792,16640,7360,6409,9660,9662,9665,7770,10848,11335,6794,9252,9263,7762,9656,6962,7780,14290,6649,9257,9256,9640,8519,9248,9642,9707,9676,9709,9711,16323,7778,11937,9650,8517,9244,9634,9704,9259,9273,9671,7047,8513,8489,9652,8503,8509,8492,6647,10234,6724,7766,7677,16639,6374,16638,8039,8507,8505,12607,6765,6933,9280,6712,9304,6951,7120,9289,7121,9643,8501,7042,7681,6640,8497,7040,9270,9658,7034,9674,6546,6643,6391,9278,6485,6966,10731,6483,8515,6927,8067,7506,9297,6925,9654,6943,8511,9300,7786,8499,9673,9295,9282,7764,9266,8521,8495,9648,6408,7032],"class_list":{"0":"post-19023","1":"product","2":"type-product","3":"status-publish","4":"has-post-thumbnail","6":"product_brand-l1","7":"product_cat-fil-corde-et-cuir","8":"product_tag-a","9":"product_tag-acheter","10":"product_tag-acheter-2","11":"product_tag-acier-inoxydable","12":"product_tag-alkmaar","13":"product_tag-almelo","14":"product_tag-amersfoort","15":"product_tag-amsterdam","16":"product_tag-anvers","17":"product_tag-apeldoorn","18":"product_tag-arnhem","19":"product_tag-assen","20":"product_tag-autour-de","21":"product_tag-bandeau-mobile","22":"product_tag-belgique","23":"product_tag-bergen-op-zoom","24":"product_tag-bijoux","25":"product_tag-boho","26":"product_tag-bon-marche","27":"product_tag-boucles-doreilles","28":"product_tag-boutique","29":"product_tag-boutique-en-ligne","30":"product_tag-boutique-en-ligne-2","31":"product_tag-boutons","32":"product_tag-boutons-2","33":"product_tag-bracelet","34":"product_tag-bracelet-diy","35":"product_tag-bracelets","36":"product_tag-bricolage","37":"product_tag-brun","38":"product_tag-brun-fonce","39":"product_tag-cafe","40":"product_tag-camps","41":"product_tag-caoutchouc","42":"product_tag-caoutchouc-2","43":"product_tag-chaine","44":"product_tag-chaine-3","45":"product_tag-chevre","46":"product_tag-coevorden","47":"product_tag-cognac","48":"product_tag-collier","49":"product_tag-collier-3","50":"product_tag-colliers-2","51":"product_tag-commande","52":"product_tag-cooleur","53":"product_tag-cordes","54":"product_tag-cordes-2","55":"product_tag-cordon","56":"product_tag-cordon-2","57":"product_tag-cordon-3","58":"product_tag-cordon-de-suede","59":"product_tag-cordon-en-daim","60":"product_tag-cordon-plat","61":"product_tag-cordon-rond","62":"product_tag-cordon-rond-2","63":"product_tag-corne","64":"product_tag-creux-2","65":"product_tag-cuik","66":"product_tag-cuir","67":"product_tag-cuir-2","68":"product_tag-cuir-3","69":"product_tag-cuir-4","70":"product_tag-cuir-de-chevre","71":"product_tag-cuir-de-mouton","72":"product_tag-daim","73":"product_tag-delft","74":"product_tag-delfzijl","75":"product_tag-den-bosch","76":"product_tag-den-helder","77":"product_tag-dronten","78":"product_tag-emmeloord","79":"product_tag-emmen","80":"product_tag-en-ligne","81":"product_tag-enrobe","82":"product_tag-envoyer","83":"product_tag-etreilen","84":"product_tag-fabrication-de-bijoux-par-soi-meme","85":"product_tag-fabriquer-vos-propres-ornements","86":"product_tag-faire","87":"product_tag-faites-le-vous-meme-3","88":"product_tag-fermetures","89":"product_tag-fil-de-fer","90":"product_tag-filetage","91":"product_tag-filetage-2","92":"product_tag-fort","93":"product_tag-gentilhomme","94":"product_tag-grand","95":"product_tag-gratuit","96":"product_tag-hardenberg","97":"product_tag-heerenveen","98":"product_tag-hoogeveen","99":"product_tag-ibiza","100":"product_tag-la-haye","101":"product_tag-leleystad","102":"product_tag-lemmer","103":"product_tag-maastricht","104":"product_tag-magasin-de-perles","105":"product_tag-maison","106":"product_tag-meppel","107":"product_tag-middelburg","108":"product_tag-mouton","109":"product_tag-naturel-2","110":"product_tag-nijmegen","111":"product_tag-noeud-coulant","112":"product_tag-noir","113":"product_tag-ou","114":"product_tag-pays-bas","115":"product_tag-peau-de-mouton","116":"product_tag-perles","117":"product_tag-perles-2","118":"product_tag-perles-de-verre","119":"product_tag-pierre-naturelle","120":"product_tag-plat","121":"product_tag-plomb","122":"product_tag-plus-durwijk","123":"product_tag-pour","124":"product_tag-roermond","125":"product_tag-rotterdam","126":"product_tag-schagen","127":"product_tag-scheveningen","128":"product_tag-se-faufiler","129":"product_tag-serrure","130":"product_tag-solide","131":"product_tag-steenwijk","132":"product_tag-suedine","133":"product_tag-tiel","134":"product_tag-trou","135":"product_tag-urk","136":"product_tag-vache","137":"product_tag-valkenburg","138":"product_tag-venlo","139":"product_tag-vollenhove","140":"product_tag-vous","141":"product_tag-zwolle","142":"product_shipping_class-standard","143":"pa_diameter-03mm","144":"pa_diameter-045mm","145":"pa_diameter-05mm","146":"pa_diameter-06mm","147":"pa_diameter-07mm","148":"pa_diameter-08mm","149":"pa_diameter-1mm","150":"pa_diameter-2mm","151":"pa_diameter-3mm","152":"pa_diameter-4mm","153":"pa_diameter-5mm","155":"first","156":"instock","157":"taxable","158":"shipping-taxable","159":"purchasable","160":"product-type-variable"},"acf":[],"_links":{"self":[{"href":"https:\/\/esquell.eu\/fr\/wp-json\/wp\/v2\/product\/19023","targetHints":{"allow":["GET"]}}],"collection":[{"href":"https:\/\/esquell.eu\/fr\/wp-json\/wp\/v2\/product"}],"about":[{"href":"https:\/\/esquell.eu\/fr\/wp-json\/wp\/v2\/types\/product"}],"replies":[{"embeddable":true,"href":"https:\/\/esquell.eu\/fr\/wp-json\/wp\/v2\/comments?post=19023"}],"wp:featuredmedia":[{"embeddable":true,"href":"https:\/\/esquell.eu\/fr\/wp-json\/wp\/v2\/media\/6928"}],"wp:attachment":[{"href":"https:\/\/esquell.eu\/fr\/wp-json\/wp\/v2\/media?parent=19023"}],"wp:term":[{"taxonomy":"more","embeddable":true,"href":"https:\/\/esquell.eu\/fr\/wp-json\/wp\/v2\/more?post=19023"},{"taxonomy":"product_brand","embeddable":true,"href":"https:\/\/esquell.eu\/fr\/wp-json\/wp\/v2\/product_brand?post=19023"},{"taxonomy":"product_cat","embeddable":true,"href":"https:\/\/esquell.eu\/fr\/wp-json\/wp\/v2\/product_cat?post=19023"},{"taxonomy":"product_tag","embeddable":true,"href":"https:\/\/esquell.eu\/fr\/wp-json\/wp\/v2\/product_tag?post=19023"}],"curies":[{"name":"wp","href":"https:\/\/api.w.org\/{rel}","templated":true}]}}