{"id":18983,"date":"2025-05-04T21:44:43","date_gmt":"2025-05-04T21:44:43","guid":{"rendered":"https:\/\/esquell.eu\/product\/epingle-a-broche-epingle-a-revers-epingle-a-chapeau-acier-inoxydable-disque\/"},"modified":"2025-12-22T10:52:13","modified_gmt":"2025-12-22T10:52:13","slug":"epingle-a-broche-epingle-a-revers-epingle-a-chapeau-acier-inoxydable-disque","status":"publish","type":"product","link":"https:\/\/esquell.eu\/fr\/produit\/epingle-a-broche-epingle-a-revers-epingle-a-chapeau-acier-inoxydable-disque\/","title":{"rendered":"Epingle \u00e0 broche, \u00e9pingle \u00e0 revers, \u00e9pingle \u00e0 chapeau. ACIER INOXYDABLE.  disque"},"content":{"rendered":"<div class=\"product-addition\">\n<div class=\"product-addition-content\">\n<p>\u00c9pingle en acier inoxydable, \u00e9pingle \u00e0 chapeau, \u00e9pingle \u00e0 revers, broche avec bouchon. Couleur argent\u00e9e. Avec disque adh\u00e9sif.  <\/p>\n<p>Convient \u00e9galement \u00e0 la cocuisson avec l&rsquo;argile argent\u00e9e.<\/p>\n<p>Hypoallerg\u00e9nique.<\/p>\n<p>Longueur 7,6 cm<\/p>\n<\/div>\n<\/div>\n","protected":false},"excerpt":{"rendered":"<p>\u00c9pingle en acier inoxydable, \u00e9pingle \u00e0 chapeau, \u00e9pingle \u00e0 revers, broche avec bouchon. Couleur argent <\/p>\n<p>L&rsquo;acier inoxydable peut \u00eatre co-cuit dans l&rsquo;argile argent\u00e9e<\/p>\n<p>Hypoallerg\u00e9nique.<\/p>\n<p>Longueur : 5,6 cm.<\/p>\n","protected":false},"featured_media":18984,"comment_status":"closed","ping_status":"closed","template":"","meta":{"_acf_changed":false,"_seopress_robots_primary_cat":"none","_seopress_titles_title":"","_seopress_titles_desc":"","_seopress_robots_index":""},"more":[],"product_brand":[6398],"product_cat":[12511],"product_tag":[6470,6477,6476,12517,6645,6646,6847,6473,6404,7500,6378,6405,7567,7572,6393,8238,6372,6958,8735,6409,8358,8592,9045,12514,8236,11289,6706,6743,9384,12040,12516,6374,11153,6401,7479,12512,6745,6369,6550,6634,6472,6656,12519,6708,6643,6391,6644,7506,6751,12513,12515,6919,11291,6408],"class_list":{"0":"post-18983","1":"product","2":"type-product","3":"status-publish","4":"has-post-thumbnail","6":"product_brand-l1","7":"product_cat-broches-et-pieces","8":"product_tag-6470","9":"product_tag-6477","10":"product_tag-6476","11":"product_tag-999-broche","12":"product_tag-a","13":"product_tag-acheter","14":"product_tag-acier-inoxydable","15":"product_tag-argile-2","16":"product_tag-argile-argentee","17":"product_tag-argile-argentee-3","18":"product_tag-argile-metallique","19":"product_tag-artclay","20":"product_tag-artclayacademy","21":"product_tag-avec","22":"product_tag-belgique","23":"product_tag-benelux","24":"product_tag-bijoux","25":"product_tag-boutique","26":"product_tag-boutique-2","27":"product_tag-bricolage","28":"product_tag-broche-2","29":"product_tag-broche-3","30":"product_tag-broche-4","31":"product_tag-broche-5","32":"product_tag-broches","33":"product_tag-certifie-2","34":"product_tag-commerce-de-gros","35":"product_tag-distributeur","36":"product_tag-divers","37":"product_tag-epingle","38":"product_tag-epingles","39":"product_tag-faire","40":"product_tag-fermeture","41":"product_tag-france","42":"product_tag-france-2","43":"product_tag-frite-le-long-de-la-route","44":"product_tag-instructeur","45":"product_tag-largent","46":"product_tag-largent-2","47":"product_tag-largent-3","48":"product_tag-lart","49":"product_tag-luxembourg-2","50":"product_tag-luxembourgh","51":"product_tag-mercerie","52":"product_tag-ou","53":"product_tag-pays-bas","54":"product_tag-pieces","55":"product_tag-pour","56":"product_tag-reduction","57":"product_tag-revers","58":"product_tag-reverspin","59":"product_tag-sterling","60":"product_tag-tailles","61":"product_tag-vous","62":"product_shipping_class-standard","64":"first","65":"instock","66":"taxable","67":"shipping-taxable","68":"purchasable","69":"product-type-simple"},"acf":[],"_links":{"self":[{"href":"https:\/\/esquell.eu\/fr\/wp-json\/wp\/v2\/product\/18983","targetHints":{"allow":["GET"]}}],"collection":[{"href":"https:\/\/esquell.eu\/fr\/wp-json\/wp\/v2\/product"}],"about":[{"href":"https:\/\/esquell.eu\/fr\/wp-json\/wp\/v2\/types\/product"}],"replies":[{"embeddable":true,"href":"https:\/\/esquell.eu\/fr\/wp-json\/wp\/v2\/comments?post=18983"}],"wp:featuredmedia":[{"embeddable":true,"href":"https:\/\/esquell.eu\/fr\/wp-json\/wp\/v2\/media\/18984"}],"wp:attachment":[{"href":"https:\/\/esquell.eu\/fr\/wp-json\/wp\/v2\/media?parent=18983"}],"wp:term":[{"taxonomy":"more","embeddable":true,"href":"https:\/\/esquell.eu\/fr\/wp-json\/wp\/v2\/more?post=18983"},{"taxonomy":"product_brand","embeddable":true,"href":"https:\/\/esquell.eu\/fr\/wp-json\/wp\/v2\/product_brand?post=18983"},{"taxonomy":"product_cat","embeddable":true,"href":"https:\/\/esquell.eu\/fr\/wp-json\/wp\/v2\/product_cat?post=18983"},{"taxonomy":"product_tag","embeddable":true,"href":"https:\/\/esquell.eu\/fr\/wp-json\/wp\/v2\/product_tag?post=18983"}],"curies":[{"name":"wp","href":"https:\/\/api.w.org\/{rel}","templated":true}]}}