{"id":18970,"date":"2025-05-04T21:25:32","date_gmt":"2025-05-04T21:25:32","guid":{"rendered":"https:\/\/esquell.eu\/product\/broche-exclusive-55-mm-base-en-argent-999-k-0059\/"},"modified":"2025-12-22T10:51:27","modified_gmt":"2025-12-22T10:51:27","slug":"broche-exclusive-55-mm-base-en-argent-999-k-0059","status":"publish","type":"product","link":"https:\/\/esquell.eu\/fr\/produit\/broche-exclusive-55-mm-base-en-argent-999-k-0059\/","title":{"rendered":"Broche exclusive 55 mm Base en argent 999 (K-0059)"},"content":{"rendered":"<p>Broche.<\/p>\n<p>Broche 55 mm<br \/>\nLa base est en argent pur 999 et convient donc \u00e0 la cuisson en argile argent\u00e9e \/ argile m\u00e9tallique.<br \/>\nLa broche et le fermoir sont en alliage de cuivre et de nickel.<\/p>\n<p>La broche peut \u00eatre personnalis\u00e9e \u00e0 l&rsquo;aide d&rsquo;une lime si vous le souhaitez.<\/p>\n","protected":false},"excerpt":{"rendered":"<p>La base est en argent pur 999 et convient donc \u00e0 la cuisson en argile argent\u00e9e \/ argile m\u00e9tallique. L&rsquo;\u00e9pingle et le fermoir sont en alliage de cuivre et de nickel. <\/p>\n<p>La broche peut \u00eatre personnalis\u00e9e \u00e0 l&rsquo;aide d&rsquo;une lime.<\/p>\n","protected":false},"featured_media":14404,"comment_status":"closed","ping_status":"closed","template":"","meta":{"_acf_changed":false,"_seopress_robots_primary_cat":"none","_seopress_titles_title":"","_seopress_titles_desc":"","_seopress_robots_index":""},"more":[],"product_brand":[6382],"product_cat":[12511],"product_tag":[6470,6477,6476,12517,6645,6646,6473,7500,6404,6378,6405,7567,7572,6393,8238,8735,6958,6409,12514,8358,8592,11289,6706,6743,9384,12040,12516,6374,11153,7479,6401,12512,6745,6634,6550,6369,6472,6656,12519,6708,6643,6391,6644,7506,6751,12513,12515,6919,11291,6408],"class_list":{"0":"post-18970","1":"product","2":"type-product","3":"status-publish","4":"has-post-thumbnail","6":"product_brand-acs","7":"product_cat-broches-et-pieces","8":"product_tag-6470","9":"product_tag-6477","10":"product_tag-6476","11":"product_tag-999-broche","12":"product_tag-a","13":"product_tag-acheter","14":"product_tag-argile-2","15":"product_tag-argile-argentee-3","16":"product_tag-argile-argentee","17":"product_tag-argile-metallique","18":"product_tag-artclay","19":"product_tag-artclayacademy","20":"product_tag-avec","21":"product_tag-belgique","22":"product_tag-benelux","23":"product_tag-boutique-2","24":"product_tag-boutique","25":"product_tag-bricolage","26":"product_tag-broche-5","27":"product_tag-broche-2","28":"product_tag-broche-3","29":"product_tag-certifie-2","30":"product_tag-commerce-de-gros","31":"product_tag-distributeur","32":"product_tag-divers","33":"product_tag-epingle","34":"product_tag-epingles","35":"product_tag-faire","36":"product_tag-fermeture","37":"product_tag-france-2","38":"product_tag-france","39":"product_tag-frite-le-long-de-la-route","40":"product_tag-instructeur","41":"product_tag-largent-3","42":"product_tag-largent-2","43":"product_tag-largent","44":"product_tag-lart","45":"product_tag-luxembourg-2","46":"product_tag-luxembourgh","47":"product_tag-mercerie","48":"product_tag-ou","49":"product_tag-pays-bas","50":"product_tag-pieces","51":"product_tag-pour","52":"product_tag-reduction","53":"product_tag-revers","54":"product_tag-reverspin","55":"product_tag-sterling","56":"product_tag-tailles","57":"product_tag-vous","58":"product_shipping_class-standard","60":"first","61":"instock","62":"taxable","63":"shipping-taxable","64":"purchasable","65":"product-type-simple"},"acf":[],"_links":{"self":[{"href":"https:\/\/esquell.eu\/fr\/wp-json\/wp\/v2\/product\/18970","targetHints":{"allow":["GET"]}}],"collection":[{"href":"https:\/\/esquell.eu\/fr\/wp-json\/wp\/v2\/product"}],"about":[{"href":"https:\/\/esquell.eu\/fr\/wp-json\/wp\/v2\/types\/product"}],"replies":[{"embeddable":true,"href":"https:\/\/esquell.eu\/fr\/wp-json\/wp\/v2\/comments?post=18970"}],"wp:featuredmedia":[{"embeddable":true,"href":"https:\/\/esquell.eu\/fr\/wp-json\/wp\/v2\/media\/14404"}],"wp:attachment":[{"href":"https:\/\/esquell.eu\/fr\/wp-json\/wp\/v2\/media?parent=18970"}],"wp:term":[{"taxonomy":"more","embeddable":true,"href":"https:\/\/esquell.eu\/fr\/wp-json\/wp\/v2\/more?post=18970"},{"taxonomy":"product_brand","embeddable":true,"href":"https:\/\/esquell.eu\/fr\/wp-json\/wp\/v2\/product_brand?post=18970"},{"taxonomy":"product_cat","embeddable":true,"href":"https:\/\/esquell.eu\/fr\/wp-json\/wp\/v2\/product_cat?post=18970"},{"taxonomy":"product_tag","embeddable":true,"href":"https:\/\/esquell.eu\/fr\/wp-json\/wp\/v2\/product_tag?post=18970"}],"curies":[{"name":"wp","href":"https:\/\/api.w.org\/{rel}","templated":true}]}}