{"id":18925,"date":"2025-05-04T20:16:53","date_gmt":"2025-05-04T20:16:53","guid":{"rendered":"https:\/\/esquell.eu\/product\/oeillets-en-argent-925-oeillet-connecteur-ferme-differentes-tailles-par-10-pieces\/"},"modified":"2025-05-04T20:16:53","modified_gmt":"2025-05-04T20:16:53","slug":"oeillets-en-argent-925-oeillet-connecteur-ferme-differentes-tailles-par-10-pieces","status":"publish","type":"product","link":"https:\/\/esquell.eu\/fr\/produit\/oeillets-en-argent-925-oeillet-connecteur-ferme-differentes-tailles-par-10-pieces\/","title":{"rendered":"\u0152illets en argent 925. Oeillet connecteur ferm\u00e9 Diff\u00e9rentes tailles Par 10 pi\u00e8ces"},"content":{"rendered":"<p>Anneau de connexion en argent 925 ferm\u00e9<\/p>\n<p>Emball\u00e9 par 10 pi\u00e8ces<\/p>\n<p>Anneau de connexion, anneau, sautoir, anneau, argent, sautoir, anneau de serrage<\/p>\n<p>&nbsp;<\/p>\n<p>&nbsp;<\/p>\n<p>&nbsp;<\/p>\n","protected":false},"excerpt":{"rendered":"<p>Anneau de connexion en argent 925 ferm\u00e9<\/p>\n<p>Emball\u00e9 par 10 pi\u00e8ces<\/p>\n<p>anneau de connexion ouvert<\/p>\n<p>Anneau, anneau, jumpring, anneau de saut, anneau en argent, jumpring, anneau de serrage<\/p>\n<p>&nbsp;<\/p>\n<p>&nbsp;<\/p>\n","protected":false},"featured_media":6838,"comment_status":"closed","ping_status":"closed","template":"","meta":{"_acf_changed":false,"_seopress_robots_primary_cat":"none","_seopress_titles_title":"","_seopress_titles_desc":"","_seopress_robots_index":""},"more":[],"product_brand":[6914],"product_cat":[12767],"product_tag":[6645,8048,6646,7409,6847,10091,16376,6397,12440,16370,7024,7098,14750,16426,16443,16423,16431,16383,6638,8034,16367,16441,16389,16386,6388,9943,6393,6372,6642,6718,16409,12856,6402,6641,7814,6958,6389,6796,6716,7116,6409,6412,16413,13011,6649,6706,7600,8989,9945,11842,6650,16401,6395,6647,6724,7677,6763,6374,6798,16420,8505,6815,6635,6712,12024,12439,12006,7648,6801,16407,13858,6761,16434,12768,6369,8996,6403,6640,6708,10137,12329,14292,16397,12769,16379,16435,10352,10350,6643,16433,6816,6391,6710,6966,6644,7670,7486,12667,7506,6443,12770,12020,16404,16373,6805,16429,7055,10094,6803,6408,6776,8037,16393],"class_list":{"0":"post-18925","1":"product","2":"type-product","3":"status-publish","4":"has-post-thumbnail","6":"product_brand-ayu","7":"product_cat-argent","8":"product_tag-a","9":"product_tag-a-vendre","10":"product_tag-acheter","11":"product_tag-acier","12":"product_tag-acier-inoxydable","13":"product_tag-acier-inoxydable-3","14":"product_tag-acier-inoxydable-4","15":"product_tag-allemagne","16":"product_tag-allergene","17":"product_tag-allergie","18":"product_tag-almere","19":"product_tag-anneau","20":"product_tag-anneau-2","21":"product_tag-anneau-de-raccordement-2","22":"product_tag-anneau-de-raccordement-3","23":"product_tag-anneau-de-saut","24":"product_tag-anneau-de-securite","25":"product_tag-anneau-fendu","26":"product_tag-anneaux","27":"product_tag-anneaux-2","28":"product_tag-anneaux-de-deviation","29":"product_tag-anneaux-de-deviation-2","30":"product_tag-anneaux-de-raccordement","31":"product_tag-anneaux-fendus","32":"product_tag-argile","33":"product_tag-bague-de-serrage","34":"product_tag-belgique","35":"product_tag-bijoux","36":"product_tag-bijoux-2","37":"product_tag-bijoux-3","38":"product_tag-bijoux-en-acier-inoxydable","39":"product_tag-bijoux-en-argent-5","40":"product_tag-bon-marche","41":"product_tag-boucles-doreilles","42":"product_tag-boucles-doreilles-2","43":"product_tag-boutique","44":"product_tag-boutique-en-ligne","45":"product_tag-boutique-en-ligne-2","46":"product_tag-breloques","47":"product_tag-breloques-2","48":"product_tag-bricolage","49":"product_tag-bronze","50":"product_tag-charnieres-2","51":"product_tag-colore","52":"product_tag-commande","53":"product_tag-commerce-de-gros","54":"product_tag-confirmer","55":"product_tag-connecter","56":"product_tag-connecteur","57":"product_tag-couleur","58":"product_tag-cuivre","59":"product_tag-de-3","60":"product_tag-deutsland","61":"product_tag-en-ligne","62":"product_tag-envoyer","63":"product_tag-fabrication-de-bijoux-par-soi-meme","64":"product_tag-facebook","65":"product_tag-faire","66":"product_tag-faire-2","67":"product_tag-fil-de-serrage","68":"product_tag-filetage","69":"product_tag-fimo","70":"product_tag-fournitures","71":"product_tag-gratuit","72":"product_tag-gratuit-2","73":"product_tag-hypo","74":"product_tag-hypoallergenique","75":"product_tag-idees","76":"product_tag-il","77":"product_tag-inalterable","78":"product_tag-inoxydable-2","79":"product_tag-instagram","80":"product_tag-jumpring-ferme","81":"product_tag-jumprings","82":"product_tag-largent","83":"product_tag-linspiration","84":"product_tag-lor","85":"product_tag-maison","86":"product_tag-mercerie","87":"product_tag-metal-precieux","88":"product_tag-oeil-2","89":"product_tag-oeil-3","90":"product_tag-oeil-de-biche","91":"product_tag-oeil-de-connexion","92":"product_tag-oeil-de-connexion-2","93":"product_tag-oeil-de-connexion-ferme","94":"product_tag-oeil-de-connexion-ouvert","95":"product_tag-oeillets-de-raccordement","96":"product_tag-ou","97":"product_tag-ouvrir-jumpring","98":"product_tag-pate-polymere","99":"product_tag-pays-bas","100":"product_tag-pendentifs","101":"product_tag-perles-2","102":"product_tag-pieces","103":"product_tag-pinterest","104":"product_tag-porcelaine","105":"product_tag-porte-cles","106":"product_tag-pour","107":"product_tag-resine-uv","108":"product_tag-ressort-de-saut","109":"product_tag-rouille","110":"product_tag-sestomper","111":"product_tag-serrer","112":"product_tag-soi","113":"product_tag-touto","114":"product_tag-verre","115":"product_tag-voler","116":"product_tag-votre","117":"product_tag-vous","118":"product_tag-vraiment","119":"product_tag-yeux","120":"product_tag-yeux-brides","121":"product_shipping_class-standard","122":"pa_diameter-10mm","123":"pa_diameter-15mm","124":"pa_diameter-25mm-2","125":"pa_diameter-3mm","126":"pa_diameter-4mm","127":"pa_diameter-5mm","128":"pa_diameter-6mm","129":"pa_diameter-7mm","130":"pa_diameter-8mm","132":"first","133":"instock","134":"taxable","135":"shipping-taxable","136":"purchasable","137":"product-type-variable"},"acf":[],"_links":{"self":[{"href":"https:\/\/esquell.eu\/fr\/wp-json\/wp\/v2\/product\/18925","targetHints":{"allow":["GET"]}}],"collection":[{"href":"https:\/\/esquell.eu\/fr\/wp-json\/wp\/v2\/product"}],"about":[{"href":"https:\/\/esquell.eu\/fr\/wp-json\/wp\/v2\/types\/product"}],"replies":[{"embeddable":true,"href":"https:\/\/esquell.eu\/fr\/wp-json\/wp\/v2\/comments?post=18925"}],"wp:featuredmedia":[{"embeddable":true,"href":"https:\/\/esquell.eu\/fr\/wp-json\/wp\/v2\/media\/6838"}],"wp:attachment":[{"href":"https:\/\/esquell.eu\/fr\/wp-json\/wp\/v2\/media?parent=18925"}],"wp:term":[{"taxonomy":"more","embeddable":true,"href":"https:\/\/esquell.eu\/fr\/wp-json\/wp\/v2\/more?post=18925"},{"taxonomy":"product_brand","embeddable":true,"href":"https:\/\/esquell.eu\/fr\/wp-json\/wp\/v2\/product_brand?post=18925"},{"taxonomy":"product_cat","embeddable":true,"href":"https:\/\/esquell.eu\/fr\/wp-json\/wp\/v2\/product_cat?post=18925"},{"taxonomy":"product_tag","embeddable":true,"href":"https:\/\/esquell.eu\/fr\/wp-json\/wp\/v2\/product_tag?post=18925"}],"curies":[{"name":"wp","href":"https:\/\/api.w.org\/{rel}","templated":true}]}}