{"id":18888,"date":"2025-05-04T19:46:38","date_gmt":"2025-05-04T19:46:38","guid":{"rendered":"https:\/\/esquell.eu\/product\/anneaux-de-saut-en-acier-inoxydable-anneaux-de-connexion-de-differentes-tailles-par-100-pieces\/"},"modified":"2025-05-04T19:46:38","modified_gmt":"2025-05-04T19:46:38","slug":"anneaux-de-saut-en-acier-inoxydable-anneaux-de-connexion-de-differentes-tailles-par-100-pieces","status":"publish","type":"product","link":"https:\/\/esquell.eu\/fr\/produit\/anneaux-de-saut-en-acier-inoxydable-anneaux-de-connexion-de-differentes-tailles-par-100-pieces\/","title":{"rendered":"Anneaux de saut en acier inoxydable, anneaux de connexion de diff\u00e9rentes tailles par 100 pi\u00e8ces"},"content":{"rendered":"<p>Acier inoxydable Hypoallerg\u00e9nique<\/p>\n<p>Jumpring, anneau de serrage ouvert<br \/>\nPour relier des pi\u00e8ces telles que des fermoirs, des pendentifs, des breloques et des entretoises.<br \/>\nIndispensable pour tous ceux qui fabriquent leurs propres bijoux.<\/p>\n","protected":false},"excerpt":{"rendered":"<p>Acier inoxydable Anneaux ouverts hypoallerg\u00e9niques pour relier des \u00e9l\u00e9ments tels que des fermoirs, des pendentifs, des breloques et des entretoises.<br \/>\nIndispensable pour tous ceux qui fabriquent leurs propres bijoux.<\/p>\n<p>&nbsp;<\/p>\n","protected":false},"featured_media":6811,"comment_status":"closed","ping_status":"closed","template":"","meta":{"_acf_changed":false,"_seopress_robots_primary_cat":"none","_seopress_titles_title":"","_seopress_titles_desc":"","_seopress_robots_index":""},"more":[],"product_brand":[6398],"product_cat":[12592],"product_tag":[6645,8048,6646,7409,6847,10091,16376,6397,12440,16370,7024,7098,14750,16426,16443,16423,6638,8034,16441,16386,6388,9943,6393,6372,6642,6718,16409,12856,6402,6641,7814,6958,6389,6796,6716,7116,6409,6412,16413,13011,6649,6706,7600,8989,9945,11842,6650,16401,6395,6647,6724,7677,6763,6374,6798,16420,8505,6815,6635,6712,12024,12439,12006,7648,6801,16407,13858,6761,12768,6369,8996,6403,6640,6708,10137,12329,14292,16397,12769,16379,10350,6643,6816,6391,6710,6966,6644,7670,7486,7506,6443,12770,12020,16404,16373,6805,16429,7055,10094,6803,6408,6776,8037,16393],"class_list":{"0":"post-18888","1":"product","2":"type-product","3":"status-publish","4":"has-post-thumbnail","6":"product_brand-l1","7":"product_cat-autres-metaux-2","8":"product_tag-a","9":"product_tag-a-vendre","10":"product_tag-acheter","11":"product_tag-acier","12":"product_tag-acier-inoxydable","13":"product_tag-acier-inoxydable-3","14":"product_tag-acier-inoxydable-4","15":"product_tag-allemagne","16":"product_tag-allergene","17":"product_tag-allergie","18":"product_tag-almere","19":"product_tag-anneau","20":"product_tag-anneau-2","21":"product_tag-anneau-de-raccordement-2","22":"product_tag-anneau-de-raccordement-3","23":"product_tag-anneau-de-saut","24":"product_tag-anneaux","25":"product_tag-anneaux-2","26":"product_tag-anneaux-de-deviation-2","27":"product_tag-anneaux-fendus","28":"product_tag-argile","29":"product_tag-bague-de-serrage","30":"product_tag-belgique","31":"product_tag-bijoux","32":"product_tag-bijoux-2","33":"product_tag-bijoux-3","34":"product_tag-bijoux-en-acier-inoxydable","35":"product_tag-bijoux-en-argent-5","36":"product_tag-bon-marche","37":"product_tag-boucles-doreilles","38":"product_tag-boucles-doreilles-2","39":"product_tag-boutique","40":"product_tag-boutique-en-ligne","41":"product_tag-boutique-en-ligne-2","42":"product_tag-breloques","43":"product_tag-breloques-2","44":"product_tag-bricolage","45":"product_tag-bronze","46":"product_tag-charnieres-2","47":"product_tag-colore","48":"product_tag-commande","49":"product_tag-commerce-de-gros","50":"product_tag-confirmer","51":"product_tag-connecter","52":"product_tag-connecteur","53":"product_tag-couleur","54":"product_tag-cuivre","55":"product_tag-de-3","56":"product_tag-deutsland","57":"product_tag-en-ligne","58":"product_tag-envoyer","59":"product_tag-fabrication-de-bijoux-par-soi-meme","60":"product_tag-facebook","61":"product_tag-faire","62":"product_tag-faire-2","63":"product_tag-fil-de-serrage","64":"product_tag-filetage","65":"product_tag-fimo","66":"product_tag-fournitures","67":"product_tag-gratuit","68":"product_tag-gratuit-2","69":"product_tag-hypo","70":"product_tag-hypoallergenique","71":"product_tag-idees","72":"product_tag-il","73":"product_tag-inalterable","74":"product_tag-inoxydable-2","75":"product_tag-instagram","76":"product_tag-jumprings","77":"product_tag-largent","78":"product_tag-linspiration","79":"product_tag-lor","80":"product_tag-maison","81":"product_tag-mercerie","82":"product_tag-metal-precieux","83":"product_tag-oeil-2","84":"product_tag-oeil-3","85":"product_tag-oeil-de-biche","86":"product_tag-oeil-de-connexion","87":"product_tag-oeil-de-connexion-2","88":"product_tag-oeillets-de-raccordement","89":"product_tag-ou","90":"product_tag-pate-polymere","91":"product_tag-pays-bas","92":"product_tag-pendentifs","93":"product_tag-perles-2","94":"product_tag-pieces","95":"product_tag-pinterest","96":"product_tag-porcelaine","97":"product_tag-pour","98":"product_tag-resine-uv","99":"product_tag-ressort-de-saut","100":"product_tag-rouille","101":"product_tag-sestomper","102":"product_tag-serrer","103":"product_tag-soi","104":"product_tag-touto","105":"product_tag-verre","106":"product_tag-voler","107":"product_tag-votre","108":"product_tag-vous","109":"product_tag-vraiment","110":"product_tag-yeux","111":"product_tag-yeux-brides","112":"product_shipping_class-standard","113":"pa_diameter-10mm","114":"pa_diameter-3mm","115":"pa_diameter-4mm","116":"pa_diameter-5mm","117":"pa_diameter-6mm","118":"pa_diameter-7mm","119":"pa_diameter-8mm","121":"first","122":"instock","123":"taxable","124":"shipping-taxable","125":"purchasable","126":"product-type-variable"},"acf":[],"_links":{"self":[{"href":"https:\/\/esquell.eu\/fr\/wp-json\/wp\/v2\/product\/18888","targetHints":{"allow":["GET"]}}],"collection":[{"href":"https:\/\/esquell.eu\/fr\/wp-json\/wp\/v2\/product"}],"about":[{"href":"https:\/\/esquell.eu\/fr\/wp-json\/wp\/v2\/types\/product"}],"replies":[{"embeddable":true,"href":"https:\/\/esquell.eu\/fr\/wp-json\/wp\/v2\/comments?post=18888"}],"wp:featuredmedia":[{"embeddable":true,"href":"https:\/\/esquell.eu\/fr\/wp-json\/wp\/v2\/media\/6811"}],"wp:attachment":[{"href":"https:\/\/esquell.eu\/fr\/wp-json\/wp\/v2\/media?parent=18888"}],"wp:term":[{"taxonomy":"more","embeddable":true,"href":"https:\/\/esquell.eu\/fr\/wp-json\/wp\/v2\/more?post=18888"},{"taxonomy":"product_brand","embeddable":true,"href":"https:\/\/esquell.eu\/fr\/wp-json\/wp\/v2\/product_brand?post=18888"},{"taxonomy":"product_cat","embeddable":true,"href":"https:\/\/esquell.eu\/fr\/wp-json\/wp\/v2\/product_cat?post=18888"},{"taxonomy":"product_tag","embeddable":true,"href":"https:\/\/esquell.eu\/fr\/wp-json\/wp\/v2\/product_tag?post=18888"}],"curies":[{"name":"wp","href":"https:\/\/api.w.org\/{rel}","templated":true}]}}