{"id":18794,"date":"2025-05-04T19:10:46","date_gmt":"2025-05-04T19:10:46","guid":{"rendered":"https:\/\/esquell.eu\/product\/crochet-en-s-fermoir-en-acier-inoxydable-hypoallergenique-7-13-mm-emballe-par-10-sets\/"},"modified":"2025-05-04T19:10:46","modified_gmt":"2025-05-04T19:10:46","slug":"crochet-en-s-fermoir-en-acier-inoxydable-hypoallergenique-7-13-mm-emballe-par-10-sets","status":"publish","type":"product","link":"https:\/\/esquell.eu\/fr\/produit\/crochet-en-s-fermoir-en-acier-inoxydable-hypoallergenique-7-13-mm-emballe-par-10-sets\/","title":{"rendered":"Crochet en S, fermoir en acier inoxydable Hypoallerg\u00e9nique 7* 13 mm. Emball\u00e9 par 10 sets"},"content":{"rendered":"<p>Fermoir \u00e0 crochet en S pour collier ou bracelet.<\/p>\n<p>ACIER INOXYDABLE. 304 Hypoallerg\u00e9nique <\/p>\n<p>Argent<\/p>\n<p>Taille 7*13mm (longueur 13mm)<\/p>\n<p>Emballage et prix par 10 lots<\/p>\n<p>L&rsquo;acier inoxydable ne provoque pas de r\u00e9action allergique. Les bijoux en acier inoxydable sont des bijoux parfaits car ils sont hypoallerg\u00e9niques, de sorte qu&rsquo;une r\u00e9action allergique se produit rarement. Il est \u00e9galement appel\u00e9 acier chirurgical ou acier inoxydable et est utilis\u00e9, par exemple, pour les boutons d&rsquo;ulc\u00e8re port\u00e9s apr\u00e8s les boucles d&rsquo;oreilles de tir. Les bijoux en acier inoxydable sont \u00e9galement appel\u00e9s bijoux m\u00e9dicaux.   <\/p>\n","protected":false},"excerpt":{"rendered":"<p>Fermoir \u00e0 mousqueton, fermoir \u00e0 mousqueton, pour bracelet ou collier.<\/p>\n<p>ACIER INOXYDABLE. 304 Hypoallerg\u00e9nique <\/p>\n<p>Argent<\/p>\n<p>Longueur 13 mm<\/p>\n<p>Emballage et prix par 10<\/p>\n<p>L&rsquo;acier inoxydable ne provoque pas de r\u00e9action allergique. Les bijoux en acier inoxydable sont des bijoux parfaits car ils sont hypoallerg\u00e9niques, de sorte qu&rsquo;une r\u00e9action allergique se produit rarement. Il est \u00e9galement appel\u00e9 acier chirurgical ou acier inoxydable et est utilis\u00e9, par exemple, pour les boutons d&rsquo;ulc\u00e8re port\u00e9s apr\u00e8s les boucles d&rsquo;oreilles de tir. Les bijoux en acier inoxydable sont \u00e9galement appel\u00e9s bijoux m\u00e9dicaux.   <\/p>\n<p>&nbsp;<\/p>\n","protected":false},"featured_media":6789,"comment_status":"closed","ping_status":"closed","template":"","meta":{"_acf_changed":false,"_seopress_robots_primary_cat":"none","_seopress_titles_title":"","_seopress_titles_desc":"","_seopress_robots_index":""},"more":[],"product_brand":[6398],"product_cat":[11147],"product_tag":[15038,6470,6476,6645,6646,10187,6847,10091,16579,16598,6945,7024,6960,7016,6923,6931,16505,6473,6404,6420,7028,6378,6390,6405,6376,6949,16509,9668,6540,16508,6393,6372,6402,16602,16582,6941,6792,12603,6716,7116,6409,6935,16512,16520,6794,16580,16586,16585,6962,7018,7780,14290,7847,7047,6655,7038,7043,16499,6374,6798,14658,11153,16507,8039,16503,11839,6785,6635,6653,9392,6933,6651,6659,16497,16511,12006,6801,11992,13858,16129,6369,6550,6634,6472,6930,7026,7030,6789,7042,6426,11024,6708,7031,16506,7040,16583,6661,9223,6652,6937,6643,6636,6657,16584,6391,6665,7092,6966,6644,8028,8515,7094,6922,6954,9284,6751,6778,14171,6925,11154,16501,16510,16515,16504,6805,6964,6919,6663,13395,10139,6787,16581,16600,6803,6408,6807,6776,6667,7032],"class_list":{"0":"post-18794","1":"product","2":"type-product","3":"status-publish","4":"has-post-thumbnail","6":"product_brand-l1","7":"product_cat-autres-metaux","8":"product_tag-voici","9":"product_tag-6470","10":"product_tag-6476","11":"product_tag-a","12":"product_tag-acheter","13":"product_tag-acier-2","14":"product_tag-acier-inoxydable","15":"product_tag-acier-inoxydable-3","16":"product_tag-acier-inoxydable-5","17":"product_tag-acier-inoxydable-6","18":"product_tag-alkmaar","19":"product_tag-almere","20":"product_tag-amende","21":"product_tag-amende-2","22":"product_tag-amsterdam","23":"product_tag-anvers","24":"product_tag-applaudissements","25":"product_tag-argile-2","26":"product_tag-argile-argentee","27":"product_tag-argile-bronze","28":"product_tag-argile-cuivreuse","29":"product_tag-argile-metallique","30":"product_tag-argile-metallique-2","31":"product_tag-artclay","32":"product_tag-artclaysilver","33":"product_tag-assen","34":"product_tag-ateliers-de-pate-dargent","35":"product_tag-autour-de","36":"product_tag-avantageux","37":"product_tag-battements","38":"product_tag-belgique","39":"product_tag-bijoux","40":"product_tag-bon-marche","41":"product_tag-bord-decoratif","42":"product_tag-boue-de-homard","43":"product_tag-brabant","44":"product_tag-bracelet","45":"product_tag-bracelet-2","46":"product_tag-breloques","47":"product_tag-breloques-2","48":"product_tag-bricolage","49":"product_tag-bruxelles","50":"product_tag-calotte","51":"product_tag-capuchon-dextremite","52":"product_tag-chaine","53":"product_tag-chapitre","54":"product_tag-chapitre-fermoir","55":"product_tag-clabauds","56":"product_tag-collier","57":"product_tag-collier-2","58":"product_tag-collier-3","59":"product_tag-colliers-2","60":"product_tag-degagement","61":"product_tag-delft","62":"product_tag-drenthe","63":"product_tag-eindhoven","64":"product_tag-enschede","65":"product_tag-etendu","66":"product_tag-faire","67":"product_tag-faire-2","68":"product_tag-fait-a-la-main-2","69":"product_tag-fermeture","70":"product_tag-fermeture-en-homard","71":"product_tag-fermetures","72":"product_tag-fermoir-a-mousqueton","73":"product_tag-finition-2","74":"product_tag-flevoland","75":"product_tag-fournitures","76":"product_tag-frise","77":"product_tag-gamme","78":"product_tag-gentilhomme","79":"product_tag-groningue","80":"product_tag-gueldre","81":"product_tag-homard","82":"product_tag-homard-2","83":"product_tag-hypoallergenique","84":"product_tag-il","85":"product_tag-inoxydable","86":"product_tag-inoxydable-2","87":"product_tag-kallotje","88":"product_tag-largent","89":"product_tag-largent-2","90":"product_tag-largent-3","91":"product_tag-lart","92":"product_tag-leeuwarden","93":"product_tag-lelystad","94":"product_tag-liege","95":"product_tag-limbourg","96":"product_tag-maastricht","97":"product_tag-malleable","98":"product_tag-materiaux","99":"product_tag-mercerie","100":"product_tag-metal-2","101":"product_tag-metallurgie-4","102":"product_tag-middelburg","103":"product_tag-non-allergique","104":"product_tag-nord","105":"product_tag-offrir-2","106":"product_tag-orfevres","107":"product_tag-ostende","108":"product_tag-ou","109":"product_tag-outils","110":"product_tag-overijssel","111":"product_tag-pas-de-reaction-allergique","112":"product_tag-pays-bas","113":"product_tag-pays-bas-2","114":"product_tag-pendentif-2","115":"product_tag-perles-2","116":"product_tag-pieces","117":"product_tag-pieces-de-bijouterie","118":"product_tag-plat","119":"product_tag-pont","120":"product_tag-pur","121":"product_tag-pur-2","122":"product_tag-pur-3","123":"product_tag-reduction","124":"product_tag-reel","125":"product_tag-reponse","126":"product_tag-rotterdam","127":"product_tag-serrure-2","128":"product_tag-serrure-3","129":"product_tag-serrure-a-homard","130":"product_tag-serrure-a-homard-2","131":"product_tag-serrures-2","132":"product_tag-soi","133":"product_tag-sollid","134":"product_tag-sterling","135":"product_tag-sud","136":"product_tag-sur","137":"product_tag-unique","138":"product_tag-utrecht","139":"product_tag-verrouillage-du-chapitre","140":"product_tag-verrouillage-du-chapitre-2","141":"product_tag-votre","142":"product_tag-vous","143":"product_tag-vous-2","144":"product_tag-vraiment","145":"product_tag-zelande","146":"product_tag-zwolle","147":"product_shipping_class-standard","148":"pa_afmeting-15mm","149":"pa_afmeting-10-mm","150":"pa_afmeting-11mm","151":"pa_afmeting-16577","152":"pa_afmeting-12mm","153":"pa_afmeting-13mm","154":"pa_afmeting-16578","155":"pa_afmeting-14mm","156":"pa_afmeting-16mm","157":"pa_afmeting-18mm","158":"pa_afmeting-1mm","159":"pa_afmeting-22mm","160":"pa_afmeting-2mm","161":"pa_afmeting-35mm-2","162":"pa_afmeting-3mm","163":"pa_afmeting-4mm","164":"pa_afmeting-55mm","165":"pa_afmeting-5mm","166":"pa_afmeting-6mm","167":"pa_afmeting-8mm","168":"pa_afmeting-9mm","170":"first","171":"instock","172":"taxable","173":"shipping-taxable","174":"purchasable","175":"product-type-simple"},"acf":[],"_links":{"self":[{"href":"https:\/\/esquell.eu\/fr\/wp-json\/wp\/v2\/product\/18794","targetHints":{"allow":["GET"]}}],"collection":[{"href":"https:\/\/esquell.eu\/fr\/wp-json\/wp\/v2\/product"}],"about":[{"href":"https:\/\/esquell.eu\/fr\/wp-json\/wp\/v2\/types\/product"}],"replies":[{"embeddable":true,"href":"https:\/\/esquell.eu\/fr\/wp-json\/wp\/v2\/comments?post=18794"}],"wp:featuredmedia":[{"embeddable":true,"href":"https:\/\/esquell.eu\/fr\/wp-json\/wp\/v2\/media\/6789"}],"wp:attachment":[{"href":"https:\/\/esquell.eu\/fr\/wp-json\/wp\/v2\/media?parent=18794"}],"wp:term":[{"taxonomy":"more","embeddable":true,"href":"https:\/\/esquell.eu\/fr\/wp-json\/wp\/v2\/more?post=18794"},{"taxonomy":"product_brand","embeddable":true,"href":"https:\/\/esquell.eu\/fr\/wp-json\/wp\/v2\/product_brand?post=18794"},{"taxonomy":"product_cat","embeddable":true,"href":"https:\/\/esquell.eu\/fr\/wp-json\/wp\/v2\/product_cat?post=18794"},{"taxonomy":"product_tag","embeddable":true,"href":"https:\/\/esquell.eu\/fr\/wp-json\/wp\/v2\/product_tag?post=18794"}],"curies":[{"name":"wp","href":"https:\/\/api.w.org\/{rel}","templated":true}]}}