{"id":18782,"date":"2025-05-04T18:40:21","date_gmt":"2025-05-04T18:40:21","guid":{"rendered":"https:\/\/esquell.eu\/product\/fermoir-a-bascule-fermoir-a-chapiteau-en-acier-inoxydable-differentes-tailles-prix-par-5-ensembles\/"},"modified":"2025-05-04T18:40:21","modified_gmt":"2025-05-04T18:40:21","slug":"fermoir-a-bascule-fermoir-a-chapiteau-en-acier-inoxydable-differentes-tailles-prix-par-5-ensembles","status":"publish","type":"product","link":"https:\/\/esquell.eu\/fr\/produit\/fermoir-a-bascule-fermoir-a-chapiteau-en-acier-inoxydable-differentes-tailles-prix-par-5-ensembles\/","title":{"rendered":"Fermoir \u00e0 bascule, fermoir \u00e0 chapiteau en acier inoxydable Diff\u00e9rentes tailles Prix par 5 ensembles"},"content":{"rendered":"<p>Fermeture \u00e0 glissi\u00e8re,<\/p>\n<p>Serrure de chapitre en acier inoxydable 304<\/p>\n<p>Hypoallerg\u00e9nique<\/p>\n<p>L&rsquo;acier inoxydable ne provoque pas de r\u00e9action allergique. Les bijoux en acier inoxydable sont des bijoux parfaits car ils sont hypoallerg\u00e9niques, de sorte qu&rsquo;une r\u00e9action allergique se produit rarement. Il est \u00e9galement appel\u00e9 acier chirurgical ou acier inoxydable et est utilis\u00e9, par exemple, pour les boutons d&rsquo;ulc\u00e8re port\u00e9s apr\u00e8s les boucles d&rsquo;oreilles de tir. Les bijoux en acier inoxydable sont \u00e9galement appel\u00e9s bijoux m\u00e9dicaux.   <\/p>\n","protected":false},"excerpt":{"rendered":"<p>Fermeture \u00e0 glissi\u00e8re,<\/p>\n<p>Serrure de chapitre en acier inoxydable 304<\/p>\n<p>Hypoallerg\u00e9nique<\/p>\n<p>5 fermetures<\/p>\n<p>14*20mm<\/p>\n<p>L&rsquo;acier inoxydable ne provoque pas de r\u00e9action allergique. Les bijoux en acier inoxydable sont des bijoux parfaits car ils sont hypoallerg\u00e9niques, de sorte qu&rsquo;une r\u00e9action allergique se produit rarement. Il est \u00e9galement appel\u00e9 acier chirurgical ou acier inoxydable et est utilis\u00e9, par exemple, pour les boutons d&rsquo;ulc\u00e8re port\u00e9s apr\u00e8s les boucles d&rsquo;oreilles de tir. Les bijoux en acier inoxydable sont \u00e9galement appel\u00e9s bijoux m\u00e9dicaux.   <\/p>\n<p>&nbsp;<\/p>\n<p>&nbsp;<\/p>\n","protected":false},"featured_media":6762,"comment_status":"closed","ping_status":"closed","template":"","meta":{"_acf_changed":false,"_seopress_robots_primary_cat":"none","_seopress_titles_title":"","_seopress_titles_desc":"","_seopress_robots_index":""},"more":[],"product_brand":[6398],"product_cat":[11147],"product_tag":[15038,6470,6476,6645,6646,10187,6847,10091,16579,6945,7024,6960,7016,6923,6931,16505,6473,6404,6420,7028,6378,6390,6405,6376,6949,16509,9668,6540,16508,6393,6372,6402,16582,6941,6792,12603,6716,7116,6409,6935,6794,16580,16586,16585,6962,7018,7847,7047,6655,7038,7043,16499,6374,6798,14658,11153,16507,8039,16503,6785,6635,6653,9392,6933,6651,6659,16497,16511,12006,6801,11992,13858,6369,6550,6634,6472,6930,7026,7030,6789,7042,6426,11024,6708,7031,16506,7040,16583,6661,9223,6652,6937,6643,6636,6657,16584,6391,6665,7092,6966,6644,8028,8515,7094,6922,6954,9284,6751,6778,14171,6925,16501,11154,16510,16515,16504,6805,6964,6919,6663,13395,10139,6787,16581,6803,6408,6807,6776,6667,7032],"class_list":{"0":"post-18782","1":"product","2":"type-product","3":"status-publish","4":"has-post-thumbnail","6":"product_brand-l1","7":"product_cat-autres-metaux","8":"product_tag-voici","9":"product_tag-6470","10":"product_tag-6476","11":"product_tag-a","12":"product_tag-acheter","13":"product_tag-acier-2","14":"product_tag-acier-inoxydable","15":"product_tag-acier-inoxydable-3","16":"product_tag-acier-inoxydable-5","17":"product_tag-alkmaar","18":"product_tag-almere","19":"product_tag-amende","20":"product_tag-amende-2","21":"product_tag-amsterdam","22":"product_tag-anvers","23":"product_tag-applaudissements","24":"product_tag-argile-2","25":"product_tag-argile-argentee","26":"product_tag-argile-bronze","27":"product_tag-argile-cuivreuse","28":"product_tag-argile-metallique","29":"product_tag-argile-metallique-2","30":"product_tag-artclay","31":"product_tag-artclaysilver","32":"product_tag-assen","33":"product_tag-ateliers-de-pate-dargent","34":"product_tag-autour-de","35":"product_tag-avantageux","36":"product_tag-battements","37":"product_tag-belgique","38":"product_tag-bijoux","39":"product_tag-bon-marche","40":"product_tag-boue-de-homard","41":"product_tag-brabant","42":"product_tag-bracelet","43":"product_tag-bracelet-2","44":"product_tag-breloques","45":"product_tag-breloques-2","46":"product_tag-bricolage","47":"product_tag-bruxelles","48":"product_tag-chaine","49":"product_tag-chapitre","50":"product_tag-chapitre-fermoir","51":"product_tag-clabauds","52":"product_tag-collier","53":"product_tag-collier-2","54":"product_tag-degagement","55":"product_tag-delft","56":"product_tag-drenthe","57":"product_tag-eindhoven","58":"product_tag-enschede","59":"product_tag-etendu","60":"product_tag-faire","61":"product_tag-faire-2","62":"product_tag-fait-a-la-main-2","63":"product_tag-fermeture","64":"product_tag-fermeture-en-homard","65":"product_tag-fermetures","66":"product_tag-fermoir-a-mousqueton","67":"product_tag-flevoland","68":"product_tag-fournitures","69":"product_tag-frise","70":"product_tag-gamme","71":"product_tag-gentilhomme","72":"product_tag-groningue","73":"product_tag-gueldre","74":"product_tag-homard","75":"product_tag-homard-2","76":"product_tag-hypoallergenique","77":"product_tag-il","78":"product_tag-inoxydable","79":"product_tag-inoxydable-2","80":"product_tag-largent","81":"product_tag-largent-2","82":"product_tag-largent-3","83":"product_tag-lart","84":"product_tag-leeuwarden","85":"product_tag-lelystad","86":"product_tag-liege","87":"product_tag-limbourg","88":"product_tag-maastricht","89":"product_tag-malleable","90":"product_tag-materiaux","91":"product_tag-mercerie","92":"product_tag-metal-2","93":"product_tag-metallurgie-4","94":"product_tag-middelburg","95":"product_tag-non-allergique","96":"product_tag-nord","97":"product_tag-offrir-2","98":"product_tag-orfevres","99":"product_tag-ostende","100":"product_tag-ou","101":"product_tag-outils","102":"product_tag-overijssel","103":"product_tag-pas-de-reaction-allergique","104":"product_tag-pays-bas","105":"product_tag-pays-bas-2","106":"product_tag-pendentif-2","107":"product_tag-perles-2","108":"product_tag-pieces","109":"product_tag-pieces-de-bijouterie","110":"product_tag-plat","111":"product_tag-pont","112":"product_tag-pur","113":"product_tag-pur-2","114":"product_tag-pur-3","115":"product_tag-reduction","116":"product_tag-reel","117":"product_tag-reponse","118":"product_tag-rotterdam","119":"product_tag-serrure-3","120":"product_tag-serrure-2","121":"product_tag-serrure-a-homard","122":"product_tag-serrure-a-homard-2","123":"product_tag-serrures-2","124":"product_tag-soi","125":"product_tag-sollid","126":"product_tag-sterling","127":"product_tag-sud","128":"product_tag-sur","129":"product_tag-unique","130":"product_tag-utrecht","131":"product_tag-verrouillage-du-chapitre","132":"product_tag-votre","133":"product_tag-vous","134":"product_tag-vous-2","135":"product_tag-vraiment","136":"product_tag-zelande","137":"product_tag-zwolle","138":"product_shipping_class-standard","139":"pa_afmeting-15mm","140":"pa_afmeting-10-mm","141":"pa_afmeting-11mm","142":"pa_afmeting-16577","143":"pa_afmeting-12mm","144":"pa_afmeting-13mm","145":"pa_afmeting-16578","146":"pa_afmeting-14mm","147":"pa_afmeting-16mm","148":"pa_afmeting-18mm","149":"pa_afmeting-1mm","150":"pa_afmeting-22mm","151":"pa_afmeting-2mm","152":"pa_afmeting-35mm-2","153":"pa_afmeting-3mm","154":"pa_afmeting-4mm","155":"pa_afmeting-55mm","156":"pa_afmeting-5mm","157":"pa_afmeting-6mm","158":"pa_afmeting-8mm","159":"pa_afmeting-9mm","161":"first","162":"instock","163":"taxable","164":"shipping-taxable","165":"purchasable","166":"product-type-variable"},"acf":[],"_links":{"self":[{"href":"https:\/\/esquell.eu\/fr\/wp-json\/wp\/v2\/product\/18782","targetHints":{"allow":["GET"]}}],"collection":[{"href":"https:\/\/esquell.eu\/fr\/wp-json\/wp\/v2\/product"}],"about":[{"href":"https:\/\/esquell.eu\/fr\/wp-json\/wp\/v2\/types\/product"}],"replies":[{"embeddable":true,"href":"https:\/\/esquell.eu\/fr\/wp-json\/wp\/v2\/comments?post=18782"}],"wp:featuredmedia":[{"embeddable":true,"href":"https:\/\/esquell.eu\/fr\/wp-json\/wp\/v2\/media\/6762"}],"wp:attachment":[{"href":"https:\/\/esquell.eu\/fr\/wp-json\/wp\/v2\/media?parent=18782"}],"wp:term":[{"taxonomy":"more","embeddable":true,"href":"https:\/\/esquell.eu\/fr\/wp-json\/wp\/v2\/more?post=18782"},{"taxonomy":"product_brand","embeddable":true,"href":"https:\/\/esquell.eu\/fr\/wp-json\/wp\/v2\/product_brand?post=18782"},{"taxonomy":"product_cat","embeddable":true,"href":"https:\/\/esquell.eu\/fr\/wp-json\/wp\/v2\/product_cat?post=18782"},{"taxonomy":"product_tag","embeddable":true,"href":"https:\/\/esquell.eu\/fr\/wp-json\/wp\/v2\/product_tag?post=18782"}],"curies":[{"name":"wp","href":"https:\/\/api.w.org\/{rel}","templated":true}]}}