{"id":18757,"date":"2025-05-04T12:17:53","date_gmt":"2025-05-04T12:17:53","guid":{"rendered":"https:\/\/esquell.eu\/product\/bouton-de-manchette-en-argent-925-avec-surface-adhesive-soudee-en-argent-925-prix-par-paire\/"},"modified":"2025-05-04T12:17:53","modified_gmt":"2025-05-04T12:17:53","slug":"bouton-de-manchette-en-argent-925-avec-surface-adhesive-soudee-en-argent-925-prix-par-paire","status":"publish","type":"product","link":"https:\/\/esquell.eu\/fr\/produit\/bouton-de-manchette-en-argent-925-avec-surface-adhesive-soudee-en-argent-925-prix-par-paire\/","title":{"rendered":"Bouton de manchette en argent 925 avec surface adh\u00e9sive\/soud\u00e9e en argent 925 Prix par paire"},"content":{"rendered":"<p>Bouton de manchette, longueur totale 23mm<br \/>\nTaille de la plaque 9mm, \u00e9paisseur 0.7mm<br \/>\nFinition brillante<\/p>\n<p>Particuli\u00e8rement adapt\u00e9 pour souder des m\u00e9taux ou coller des cabochons en verre ou d&rsquo;autres mat\u00e9riaux<\/p>\n","protected":false},"excerpt":{"rendered":"<p>Bouton de manchette, longueur totale 23mm<br \/>\nTaille de la plaque 9mm, \u00e9paisseur 0.7mm<br \/>\nFinition brillante<\/p>\n<p>Particuli\u00e8rement adapt\u00e9 pour souder des m\u00e9taux ou coller des cabochons en verre ou d&rsquo;autres mat\u00e9riaux<\/p>\n<p>&nbsp;<\/p>\n","protected":false},"featured_media":6666,"comment_status":"closed","ping_status":"closed","template":"","meta":{"_acf_changed":false,"_seopress_robots_primary_cat":"none","_seopress_titles_title":"","_seopress_titles_desc":"","_seopress_robots_index":""},"more":[],"product_brand":[6953],"product_cat":[11146],"product_tag":[15038,6470,6476,6645,6646,6945,16516,7024,6960,7016,6923,8074,6931,16505,6473,6404,6420,7028,6378,6390,6405,6376,8077,6949,16509,9668,6540,16508,6393,6372,6658,7792,6402,6958,6389,16561,16562,6941,6792,12603,6716,7116,6409,16550,6935,16512,16520,6794,16547,6962,7018,7780,16548,8519,16536,10820,7847,7047,6395,6655,7038,7043,16499,6374,6798,14658,11153,16507,8039,16503,10198,11839,6785,6635,6401,7479,6653,9392,6933,6651,6659,16497,16511,6801,8029,16513,6369,6550,6634,6472,6930,7026,7030,6789,6400,7042,6426,11024,6708,7031,16506,7040,16549,6661,14292,6567,9223,6652,6937,6643,6636,6657,6665,6391,7092,16514,6966,16523,6644,8028,16526,16529,8515,7094,7506,6922,6954,9284,6751,6778,6925,16546,11154,16501,16538,16510,16515,16504,6805,6964,6919,6663,10139,6787,6803,6807,6408,6776,6667,7032],"class_list":{"0":"post-18757","1":"product","2":"type-product","3":"status-publish","4":"has-post-thumbnail","6":"product_brand-925-artisanat","7":"product_cat-argent-925","8":"product_tag-voici","9":"product_tag-6470","10":"product_tag-6476","11":"product_tag-a","12":"product_tag-acheter","13":"product_tag-alkmaar","14":"product_tag-allemagneh","15":"product_tag-almere","16":"product_tag-amende","17":"product_tag-amende-2","18":"product_tag-amsterdam","19":"product_tag-antique","20":"product_tag-anvers","21":"product_tag-applaudissements","22":"product_tag-argile-2","23":"product_tag-argile-argentee","24":"product_tag-argile-bronze","25":"product_tag-argile-cuivreuse","26":"product_tag-argile-metallique","27":"product_tag-argile-metallique-2","28":"product_tag-artclay","29":"product_tag-artclaysilver","30":"product_tag-aspect-antique","31":"product_tag-assen","32":"product_tag-ateliers-de-pate-dargent","33":"product_tag-autour-de","34":"product_tag-avantageux","35":"product_tag-battements","36":"product_tag-belgique","37":"product_tag-bijoux","38":"product_tag-bijoux-en-argile","39":"product_tag-bijoux-en-verre","40":"product_tag-bon-marche","41":"product_tag-boutique","42":"product_tag-boutique-en-ligne","43":"product_tag-bouton-de-manchette","44":"product_tag-boutons-de-manchette","45":"product_tag-brabant","46":"product_tag-bracelet","47":"product_tag-bracelet-2","48":"product_tag-breloques","49":"product_tag-breloques-2","50":"product_tag-bricolage","51":"product_tag-brins","52":"product_tag-bruxelles","53":"product_tag-calotte","54":"product_tag-capuchon-dextremite","55":"product_tag-chaine","56":"product_tag-chaine-de-couches","57":"product_tag-collier","58":"product_tag-collier-2","59":"product_tag-collier-3","60":"product_tag-collier-a-couches","61":"product_tag-cordon","62":"product_tag-crochet","63":"product_tag-de-haute-qualite","64":"product_tag-degagement","65":"product_tag-delft","66":"product_tag-deutsland","67":"product_tag-drenthe","68":"product_tag-eindhoven","69":"product_tag-enschede","70":"product_tag-etendu","71":"product_tag-faire","72":"product_tag-faire-2","73":"product_tag-fait-a-la-main-2","74":"product_tag-fermeture","75":"product_tag-fermeture-en-homard","76":"product_tag-fermetures","77":"product_tag-fermoir-a-mousqueton","78":"product_tag-finition","79":"product_tag-finition-2","80":"product_tag-flevoland","81":"product_tag-fournitures","82":"product_tag-france","83":"product_tag-france-2","84":"product_tag-frise","85":"product_tag-gamme","86":"product_tag-gentilhomme","87":"product_tag-groningue","88":"product_tag-gueldre","89":"product_tag-homard","90":"product_tag-homard-2","91":"product_tag-il","92":"product_tag-kumihimo","93":"product_tag-largent-5","94":"product_tag-largent","95":"product_tag-largent-2","96":"product_tag-largent-3","97":"product_tag-lart","98":"product_tag-leeuwarden","99":"product_tag-lelystad","100":"product_tag-liege","101":"product_tag-limbourg","102":"product_tag-luxembourg","103":"product_tag-maastricht","104":"product_tag-malleable","105":"product_tag-materiaux","106":"product_tag-mercerie","107":"product_tag-metal-2","108":"product_tag-metallurgie-4","109":"product_tag-middelburg","110":"product_tag-multiples","111":"product_tag-nord","112":"product_tag-oeil-3","113":"product_tag-offrir","114":"product_tag-offrir-2","115":"product_tag-orfevres","116":"product_tag-ostende","117":"product_tag-ou","118":"product_tag-outils","119":"product_tag-overijssel","120":"product_tag-pays-bas-2","121":"product_tag-pays-bas","122":"product_tag-pendentif-2","123":"product_tag-perle-pincee","124":"product_tag-perles-2","125":"product_tag-piece-dextremite","126":"product_tag-pieces","127":"product_tag-pieces-de-bijouterie","128":"product_tag-pince-a-dentelle","129":"product_tag-pince-de-cordon","130":"product_tag-plat","131":"product_tag-pont","132":"product_tag-pour","133":"product_tag-pur","134":"product_tag-pur-2","135":"product_tag-pur-3","136":"product_tag-reduction","137":"product_tag-reel","138":"product_tag-rotterdam","139":"product_tag-separateur-de-fils","140":"product_tag-serrure-2","141":"product_tag-serrure-3","142":"product_tag-serrure-a-crochet","143":"product_tag-serrure-a-homard","144":"product_tag-serrure-a-homard-2","145":"product_tag-serrures-2","146":"product_tag-soi","147":"product_tag-sollid","148":"product_tag-sterling","149":"product_tag-sud","150":"product_tag-unique","151":"product_tag-utrecht","152":"product_tag-votre","153":"product_tag-vous-2","154":"product_tag-vous","155":"product_tag-vraiment","156":"product_tag-zelande","157":"product_tag-zwolle","158":"product_shipping_class-standard","159":"pa_afmeting-15mm","160":"pa_afmeting-10-mm","161":"pa_afmeting-11mm","162":"pa_afmeting-12mm","163":"pa_afmeting-13mm","164":"pa_afmeting-14mm","165":"pa_afmeting-16mm","166":"pa_afmeting-18mm","167":"pa_afmeting-1mm","168":"pa_afmeting-22mm","169":"pa_afmeting-2mm","170":"pa_afmeting-35mm-2","171":"pa_afmeting-3mm","172":"pa_afmeting-4mm","173":"pa_afmeting-55mm","174":"pa_afmeting-5mm","175":"pa_afmeting-6mm","176":"pa_afmeting-8mm","177":"pa_afmeting-9mm","179":"first","180":"instock","181":"taxable","182":"shipping-taxable","183":"purchasable","184":"product-type-simple"},"acf":[],"_links":{"self":[{"href":"https:\/\/esquell.eu\/fr\/wp-json\/wp\/v2\/product\/18757","targetHints":{"allow":["GET"]}}],"collection":[{"href":"https:\/\/esquell.eu\/fr\/wp-json\/wp\/v2\/product"}],"about":[{"href":"https:\/\/esquell.eu\/fr\/wp-json\/wp\/v2\/types\/product"}],"replies":[{"embeddable":true,"href":"https:\/\/esquell.eu\/fr\/wp-json\/wp\/v2\/comments?post=18757"}],"wp:featuredmedia":[{"embeddable":true,"href":"https:\/\/esquell.eu\/fr\/wp-json\/wp\/v2\/media\/6666"}],"wp:attachment":[{"href":"https:\/\/esquell.eu\/fr\/wp-json\/wp\/v2\/media?parent=18757"}],"wp:term":[{"taxonomy":"more","embeddable":true,"href":"https:\/\/esquell.eu\/fr\/wp-json\/wp\/v2\/more?post=18757"},{"taxonomy":"product_brand","embeddable":true,"href":"https:\/\/esquell.eu\/fr\/wp-json\/wp\/v2\/product_brand?post=18757"},{"taxonomy":"product_cat","embeddable":true,"href":"https:\/\/esquell.eu\/fr\/wp-json\/wp\/v2\/product_cat?post=18757"},{"taxonomy":"product_tag","embeddable":true,"href":"https:\/\/esquell.eu\/fr\/wp-json\/wp\/v2\/product_tag?post=18757"}],"curies":[{"name":"wp","href":"https:\/\/api.w.org\/{rel}","templated":true}]}}