{"id":18748,"date":"2025-05-04T12:15:32","date_gmt":"2025-05-04T12:15:32","guid":{"rendered":"https:\/\/esquell.eu\/product\/separateur-de-fil-en-argent-pour-collier-a-etages-argent-925-prix-par-set\/"},"modified":"2025-05-04T12:15:32","modified_gmt":"2025-05-04T12:15:32","slug":"separateur-de-fil-en-argent-pour-collier-a-etages-argent-925-prix-par-set","status":"publish","type":"product","link":"https:\/\/esquell.eu\/fr\/produit\/separateur-de-fil-en-argent-pour-collier-a-etages-argent-925-prix-par-set\/","title":{"rendered":"S\u00e9parateur de fil en argent pour collier \u00e0 \u00e9tages Argent 925 Prix par set"},"content":{"rendered":"<p>S\u00e9parateur en fil d&rsquo;argent.<\/p>\n<p>Pour collier \u00e0 couches, collier \u00e0 couches<\/p>\n<p>Largeur 12.5mm<br \/>\nAnneau en haut 4mm 3 fils, anneaux 4mm<br \/>\nFinition brillante<\/p>\n<p>Transition de diff\u00e9rents cordons\/cha\u00eenes vers 1 fermoir<\/p>\n<p>Assure que les cordons ne s&#8217;emm\u00ealent pas les uns dans les autres.<\/p>\n","protected":false},"excerpt":{"rendered":"<p>S\u00e9parateur en fil d&rsquo;argent.<\/p>\n<p>Pour collier en couches, collier en couches<\/p>\n<p>Largeur 12.5mm<br \/>\nAnneau en haut 4mm 3 fils, anneaux 4mm<br \/>\nFinition brillante<\/p>\n<p>Transition de diff\u00e9rents cordons\/cha\u00eenes \u00e0 1 fermoir<\/p>\n<p>Assurez-vous que les cordons ne s&#8217;emm\u00ealent pas ensemble.<\/p>\n<p>&nbsp;<\/p>\n","protected":false},"featured_media":6665,"comment_status":"closed","ping_status":"closed","template":"","meta":{"_acf_changed":false,"_seopress_robots_primary_cat":"none","_seopress_titles_title":"","_seopress_titles_desc":"","_seopress_robots_index":""},"more":[],"product_brand":[6914],"product_cat":[11146],"product_tag":[15038,6470,6476,6645,6646,6945,16516,7024,6960,7016,6923,8074,6931,16505,6473,6404,6420,7028,6378,6390,6405,6376,8077,6949,16509,9668,6540,16508,6393,6372,6402,6958,6389,6941,6792,12603,6716,7116,6409,16550,6935,16512,16520,6794,16547,6962,7018,7780,16548,8519,16536,10820,7847,7047,6395,6655,7038,7043,16499,6374,6798,14658,11153,16507,8039,16503,10198,11839,6785,6635,6401,7479,6653,9392,6933,6651,6659,16497,16511,6801,8029,6369,6550,6634,16513,6472,6930,7026,7030,6789,6400,7042,6426,11024,6708,7031,16506,7040,16549,6661,14292,6567,9223,6652,6937,6643,6636,6657,6391,6665,7092,16514,6966,16523,6644,8028,16526,16529,8515,7094,7506,6922,6954,9284,6751,6778,6925,16546,11154,16501,16538,16510,16515,16504,6805,6964,6919,6663,10139,6787,6803,6408,6807,6776,6667,7032],"class_list":{"0":"post-18748","1":"product","2":"type-product","3":"status-publish","4":"has-post-thumbnail","6":"product_brand-ayu","7":"product_cat-argent-925","8":"product_tag-voici","9":"product_tag-6470","10":"product_tag-6476","11":"product_tag-a","12":"product_tag-acheter","13":"product_tag-alkmaar","14":"product_tag-allemagneh","15":"product_tag-almere","16":"product_tag-amende","17":"product_tag-amende-2","18":"product_tag-amsterdam","19":"product_tag-antique","20":"product_tag-anvers","21":"product_tag-applaudissements","22":"product_tag-argile-2","23":"product_tag-argile-argentee","24":"product_tag-argile-bronze","25":"product_tag-argile-cuivreuse","26":"product_tag-argile-metallique","27":"product_tag-argile-metallique-2","28":"product_tag-artclay","29":"product_tag-artclaysilver","30":"product_tag-aspect-antique","31":"product_tag-assen","32":"product_tag-ateliers-de-pate-dargent","33":"product_tag-autour-de","34":"product_tag-avantageux","35":"product_tag-battements","36":"product_tag-belgique","37":"product_tag-bijoux","38":"product_tag-bon-marche","39":"product_tag-boutique","40":"product_tag-boutique-en-ligne","41":"product_tag-brabant","42":"product_tag-bracelet","43":"product_tag-bracelet-2","44":"product_tag-breloques","45":"product_tag-breloques-2","46":"product_tag-bricolage","47":"product_tag-brins","48":"product_tag-bruxelles","49":"product_tag-calotte","50":"product_tag-capuchon-dextremite","51":"product_tag-chaine","52":"product_tag-chaine-de-couches","53":"product_tag-collier","54":"product_tag-collier-2","55":"product_tag-collier-3","56":"product_tag-collier-a-couches","57":"product_tag-cordon","58":"product_tag-crochet","59":"product_tag-de-haute-qualite","60":"product_tag-degagement","61":"product_tag-delft","62":"product_tag-deutsland","63":"product_tag-drenthe","64":"product_tag-eindhoven","65":"product_tag-enschede","66":"product_tag-etendu","67":"product_tag-faire","68":"product_tag-faire-2","69":"product_tag-fait-a-la-main-2","70":"product_tag-fermeture","71":"product_tag-fermeture-en-homard","72":"product_tag-fermetures","73":"product_tag-fermoir-a-mousqueton","74":"product_tag-finition","75":"product_tag-finition-2","76":"product_tag-flevoland","77":"product_tag-fournitures","78":"product_tag-france","79":"product_tag-france-2","80":"product_tag-frise","81":"product_tag-gamme","82":"product_tag-gentilhomme","83":"product_tag-groningue","84":"product_tag-gueldre","85":"product_tag-homard","86":"product_tag-homard-2","87":"product_tag-il","88":"product_tag-kumihimo","89":"product_tag-largent","90":"product_tag-largent-2","91":"product_tag-largent-3","92":"product_tag-largent-5","93":"product_tag-lart","94":"product_tag-leeuwarden","95":"product_tag-lelystad","96":"product_tag-liege","97":"product_tag-limbourg","98":"product_tag-luxembourg","99":"product_tag-maastricht","100":"product_tag-malleable","101":"product_tag-materiaux","102":"product_tag-mercerie","103":"product_tag-metal-2","104":"product_tag-metallurgie-4","105":"product_tag-middelburg","106":"product_tag-multiples","107":"product_tag-nord","108":"product_tag-oeil-3","109":"product_tag-offrir","110":"product_tag-offrir-2","111":"product_tag-orfevres","112":"product_tag-ostende","113":"product_tag-ou","114":"product_tag-outils","115":"product_tag-overijssel","116":"product_tag-pays-bas","117":"product_tag-pays-bas-2","118":"product_tag-pendentif-2","119":"product_tag-perle-pincee","120":"product_tag-perles-2","121":"product_tag-piece-dextremite","122":"product_tag-pieces","123":"product_tag-pieces-de-bijouterie","124":"product_tag-pince-a-dentelle","125":"product_tag-pince-de-cordon","126":"product_tag-plat","127":"product_tag-pont","128":"product_tag-pour","129":"product_tag-pur","130":"product_tag-pur-2","131":"product_tag-pur-3","132":"product_tag-reduction","133":"product_tag-reel","134":"product_tag-rotterdam","135":"product_tag-separateur-de-fils","136":"product_tag-serrure-2","137":"product_tag-serrure-3","138":"product_tag-serrure-a-crochet","139":"product_tag-serrure-a-homard","140":"product_tag-serrure-a-homard-2","141":"product_tag-serrures-2","142":"product_tag-soi","143":"product_tag-sollid","144":"product_tag-sterling","145":"product_tag-sud","146":"product_tag-unique","147":"product_tag-utrecht","148":"product_tag-votre","149":"product_tag-vous","150":"product_tag-vous-2","151":"product_tag-vraiment","152":"product_tag-zelande","153":"product_tag-zwolle","154":"product_shipping_class-standard","155":"pa_afmeting-15mm","156":"pa_afmeting-10-mm","157":"pa_afmeting-11mm","158":"pa_afmeting-12mm","159":"pa_afmeting-13mm","160":"pa_afmeting-14mm","161":"pa_afmeting-16mm","162":"pa_afmeting-18mm","163":"pa_afmeting-1mm","164":"pa_afmeting-22mm","165":"pa_afmeting-2mm","166":"pa_afmeting-35mm-2","167":"pa_afmeting-3mm","168":"pa_afmeting-4mm","169":"pa_afmeting-55mm","170":"pa_afmeting-5mm","171":"pa_afmeting-6mm","172":"pa_afmeting-8mm","173":"pa_afmeting-9mm","175":"first","176":"instock","177":"taxable","178":"shipping-taxable","179":"purchasable","180":"product-type-simple"},"acf":[],"_links":{"self":[{"href":"https:\/\/esquell.eu\/fr\/wp-json\/wp\/v2\/product\/18748","targetHints":{"allow":["GET"]}}],"collection":[{"href":"https:\/\/esquell.eu\/fr\/wp-json\/wp\/v2\/product"}],"about":[{"href":"https:\/\/esquell.eu\/fr\/wp-json\/wp\/v2\/types\/product"}],"replies":[{"embeddable":true,"href":"https:\/\/esquell.eu\/fr\/wp-json\/wp\/v2\/comments?post=18748"}],"wp:featuredmedia":[{"embeddable":true,"href":"https:\/\/esquell.eu\/fr\/wp-json\/wp\/v2\/media\/6665"}],"wp:attachment":[{"href":"https:\/\/esquell.eu\/fr\/wp-json\/wp\/v2\/media?parent=18748"}],"wp:term":[{"taxonomy":"more","embeddable":true,"href":"https:\/\/esquell.eu\/fr\/wp-json\/wp\/v2\/more?post=18748"},{"taxonomy":"product_brand","embeddable":true,"href":"https:\/\/esquell.eu\/fr\/wp-json\/wp\/v2\/product_brand?post=18748"},{"taxonomy":"product_cat","embeddable":true,"href":"https:\/\/esquell.eu\/fr\/wp-json\/wp\/v2\/product_cat?post=18748"},{"taxonomy":"product_tag","embeddable":true,"href":"https:\/\/esquell.eu\/fr\/wp-json\/wp\/v2\/product_tag?post=18748"}],"curies":[{"name":"wp","href":"https:\/\/api.w.org\/{rel}","templated":true}]}}