{"id":18726,"date":"2025-05-04T11:38:40","date_gmt":"2025-05-04T11:38:40","guid":{"rendered":"https:\/\/esquell.eu\/product\/fermoir-crochet-oeil-argent-925-argent-925-argent-sterling-prix-par-set\/"},"modified":"2025-12-22T10:50:39","modified_gmt":"2025-12-22T10:50:39","slug":"fermoir-crochet-oeil-argent-925-argent-925-argent-sterling-prix-par-set","status":"publish","type":"product","link":"https:\/\/esquell.eu\/fr\/produit\/fermoir-crochet-oeil-argent-925-argent-925-argent-sterling-prix-par-set\/","title":{"rendered":"Fermoir Crochet &amp; Oeil Argent 925 Argent 925 Argent Sterling Prix par set."},"content":{"rendered":"<p>Fermoir crochet et oeil en argent 925.<br \/>\nCes embouts conviennent pour le fil kumihimo, le cordon en cuir, le caoutchouc ou le tissu, entre autres.<br \/>\nLes dimensions sont les suivantes :<br \/>\nLongueur par partie du fermoir environ 18,mm,<br \/>\nTaille int\u00e9rieure de l&rsquo;oeil o\u00f9 le crochet tombe 5,3mm<\/p>\n<p>Le trou pour le cordon est l\u00e9g\u00e8rement ovale, 3,3*2,9mm<\/p>\n<p>Poids 1,5 grammes<\/p>\n","protected":false},"excerpt":{"rendered":"<p>Fermoir crochet et \u0153il en argent 925.<br \/>\nCes embouts conviennent pour le fil kumihimo, le cordon en cuir, le caoutchouc ou le tissu, entre autres.<br \/>\nLes dimensions sont les suivantes :<br \/>\nLongueur par partie du fermoir environ 18,mm,<br \/>\nTaille int\u00e9rieure de l&rsquo;\u0153il o\u00f9 tombe le crochet 5,3mm.<\/p>\n<p>&nbsp;<\/p>\n<p>&nbsp;<\/p>\n","protected":false},"featured_media":18729,"comment_status":"closed","ping_status":"closed","template":"","meta":{"_acf_changed":false,"_seopress_robots_primary_cat":"none","_seopress_titles_title":"","_seopress_titles_desc":"","_seopress_robots_index":""},"more":[],"product_brand":[6953],"product_cat":[11146],"product_tag":[15038,6470,6476,6645,6646,6945,16516,7024,6960,7016,6923,6931,16505,6473,6404,6420,7028,6378,6390,6405,6376,6949,16509,9668,6540,16508,6393,6372,6402,6958,6389,6941,12603,6792,6716,7116,6409,6935,16512,16520,6794,6962,7018,7780,8519,16536,10820,7847,7047,6395,6655,7038,7043,16499,6374,6798,14658,11153,16507,8039,16503,10198,11839,6785,6635,6401,7479,6653,9392,6933,6651,6659,16497,16511,6801,8029,6369,6550,6634,16513,6472,6930,7026,7030,6789,6400,7042,6426,11024,6708,7031,16506,7040,6661,14292,6567,9223,6652,6937,6643,6636,6657,6391,6665,7092,16514,6966,16523,6644,8028,16526,16529,8515,7094,7506,6922,6954,9284,6751,6778,6925,11154,16501,16510,16515,16504,6805,6964,6919,6663,10139,6787,6803,6408,6807,6776,6667,7032],"class_list":{"0":"post-18726","1":"product","2":"type-product","3":"status-publish","4":"has-post-thumbnail","6":"product_brand-925-artisanat","7":"product_cat-argent-925","8":"product_tag-voici","9":"product_tag-6470","10":"product_tag-6476","11":"product_tag-a","12":"product_tag-acheter","13":"product_tag-alkmaar","14":"product_tag-allemagneh","15":"product_tag-almere","16":"product_tag-amende","17":"product_tag-amende-2","18":"product_tag-amsterdam","19":"product_tag-anvers","20":"product_tag-applaudissements","21":"product_tag-argile-2","22":"product_tag-argile-argentee","23":"product_tag-argile-bronze","24":"product_tag-argile-cuivreuse","25":"product_tag-argile-metallique","26":"product_tag-argile-metallique-2","27":"product_tag-artclay","28":"product_tag-artclaysilver","29":"product_tag-assen","30":"product_tag-ateliers-de-pate-dargent","31":"product_tag-autour-de","32":"product_tag-avantageux","33":"product_tag-battements","34":"product_tag-belgique","35":"product_tag-bijoux","36":"product_tag-bon-marche","37":"product_tag-boutique","38":"product_tag-boutique-en-ligne","39":"product_tag-brabant","40":"product_tag-bracelet-2","41":"product_tag-bracelet","42":"product_tag-breloques","43":"product_tag-breloques-2","44":"product_tag-bricolage","45":"product_tag-bruxelles","46":"product_tag-calotte","47":"product_tag-capuchon-dextremite","48":"product_tag-chaine","49":"product_tag-collier","50":"product_tag-collier-2","51":"product_tag-collier-3","52":"product_tag-cordon","53":"product_tag-crochet","54":"product_tag-de-haute-qualite","55":"product_tag-degagement","56":"product_tag-delft","57":"product_tag-deutsland","58":"product_tag-drenthe","59":"product_tag-eindhoven","60":"product_tag-enschede","61":"product_tag-etendu","62":"product_tag-faire","63":"product_tag-faire-2","64":"product_tag-fait-a-la-main-2","65":"product_tag-fermeture","66":"product_tag-fermeture-en-homard","67":"product_tag-fermetures","68":"product_tag-fermoir-a-mousqueton","69":"product_tag-finition","70":"product_tag-finition-2","71":"product_tag-flevoland","72":"product_tag-fournitures","73":"product_tag-france","74":"product_tag-france-2","75":"product_tag-frise","76":"product_tag-gamme","77":"product_tag-gentilhomme","78":"product_tag-groningue","79":"product_tag-gueldre","80":"product_tag-homard","81":"product_tag-homard-2","82":"product_tag-il","83":"product_tag-kumihimo","84":"product_tag-largent","85":"product_tag-largent-2","86":"product_tag-largent-3","87":"product_tag-largent-5","88":"product_tag-lart","89":"product_tag-leeuwarden","90":"product_tag-lelystad","91":"product_tag-liege","92":"product_tag-limbourg","93":"product_tag-luxembourg","94":"product_tag-maastricht","95":"product_tag-malleable","96":"product_tag-materiaux","97":"product_tag-mercerie","98":"product_tag-metal-2","99":"product_tag-metallurgie-4","100":"product_tag-middelburg","101":"product_tag-nord","102":"product_tag-oeil-3","103":"product_tag-offrir","104":"product_tag-offrir-2","105":"product_tag-orfevres","106":"product_tag-ostende","107":"product_tag-ou","108":"product_tag-outils","109":"product_tag-overijssel","110":"product_tag-pays-bas","111":"product_tag-pays-bas-2","112":"product_tag-pendentif-2","113":"product_tag-perle-pincee","114":"product_tag-perles-2","115":"product_tag-piece-dextremite","116":"product_tag-pieces","117":"product_tag-pieces-de-bijouterie","118":"product_tag-pince-a-dentelle","119":"product_tag-pince-de-cordon","120":"product_tag-plat","121":"product_tag-pont","122":"product_tag-pour","123":"product_tag-pur","124":"product_tag-pur-2","125":"product_tag-pur-3","126":"product_tag-reduction","127":"product_tag-reel","128":"product_tag-rotterdam","129":"product_tag-serrure-2","130":"product_tag-serrure-3","131":"product_tag-serrure-a-homard","132":"product_tag-serrure-a-homard-2","133":"product_tag-serrures-2","134":"product_tag-soi","135":"product_tag-sollid","136":"product_tag-sterling","137":"product_tag-sud","138":"product_tag-unique","139":"product_tag-utrecht","140":"product_tag-votre","141":"product_tag-vous","142":"product_tag-vous-2","143":"product_tag-vraiment","144":"product_tag-zelande","145":"product_tag-zwolle","146":"product_shipping_class-standard","147":"pa_afmeting-15mm","148":"pa_afmeting-10-mm","149":"pa_afmeting-11mm","150":"pa_afmeting-12mm","151":"pa_afmeting-13mm","152":"pa_afmeting-14mm","153":"pa_afmeting-16mm","154":"pa_afmeting-18mm","155":"pa_afmeting-1mm","156":"pa_afmeting-22mm","157":"pa_afmeting-2mm","158":"pa_afmeting-35mm-2","159":"pa_afmeting-3mm","160":"pa_afmeting-4mm","161":"pa_afmeting-55mm","162":"pa_afmeting-5mm","163":"pa_afmeting-6mm","164":"pa_afmeting-8mm","165":"pa_afmeting-9mm","167":"first","168":"instock","169":"taxable","170":"shipping-taxable","171":"purchasable","172":"product-type-simple"},"acf":[],"_links":{"self":[{"href":"https:\/\/esquell.eu\/fr\/wp-json\/wp\/v2\/product\/18726","targetHints":{"allow":["GET"]}}],"collection":[{"href":"https:\/\/esquell.eu\/fr\/wp-json\/wp\/v2\/product"}],"about":[{"href":"https:\/\/esquell.eu\/fr\/wp-json\/wp\/v2\/types\/product"}],"replies":[{"embeddable":true,"href":"https:\/\/esquell.eu\/fr\/wp-json\/wp\/v2\/comments?post=18726"}],"wp:featuredmedia":[{"embeddable":true,"href":"https:\/\/esquell.eu\/fr\/wp-json\/wp\/v2\/media\/18729"}],"wp:attachment":[{"href":"https:\/\/esquell.eu\/fr\/wp-json\/wp\/v2\/media?parent=18726"}],"wp:term":[{"taxonomy":"more","embeddable":true,"href":"https:\/\/esquell.eu\/fr\/wp-json\/wp\/v2\/more?post=18726"},{"taxonomy":"product_brand","embeddable":true,"href":"https:\/\/esquell.eu\/fr\/wp-json\/wp\/v2\/product_brand?post=18726"},{"taxonomy":"product_cat","embeddable":true,"href":"https:\/\/esquell.eu\/fr\/wp-json\/wp\/v2\/product_cat?post=18726"},{"taxonomy":"product_tag","embeddable":true,"href":"https:\/\/esquell.eu\/fr\/wp-json\/wp\/v2\/product_tag?post=18726"}],"curies":[{"name":"wp","href":"https:\/\/api.w.org\/{rel}","templated":true}]}}