{"id":18694,"date":"2025-05-04T11:28:30","date_gmt":"2025-05-04T11:28:30","guid":{"rendered":"https:\/\/esquell.eu\/product\/calotte-en-argent-perle-de-terminaison-anneau-double-de-3-mm-en-argent-925-paire\/"},"modified":"2025-05-04T11:28:30","modified_gmt":"2025-05-04T11:28:30","slug":"calotte-en-argent-perle-de-terminaison-anneau-double-de-3-mm-en-argent-925-paire","status":"publish","type":"product","link":"https:\/\/esquell.eu\/fr\/produit\/calotte-en-argent-perle-de-terminaison-anneau-double-de-3-mm-en-argent-925-paire\/","title":{"rendered":"Calotte en argent, perle de terminaison, anneau double de 3 mm en argent 925 Paire."},"content":{"rendered":"<p>Calotte en argent. Calotte Par paire ( 2 pi\u00e8ces) Coupe en argent 925 de 3mm. <\/p>\n<p>Pr\u00e9sente un anneau sur les deux coupes<\/p>\n<p>Finition brillante<\/p>\n<p>De jolis embouts pour les perles enfil\u00e9es. La calotte peut \u00eatre attach\u00e9e au fermoir. <\/p>\n<p>Pour l&rsquo;enfilage du m\u00e9tal : utilisez une perle pinc\u00e9e pour la finition dans la calotte.<\/p>\n<p>Avec du fil de coton ou un autre fil de b\u00e2ti, utilisez une petite perle pour la finition dans la calotte.<\/p>\n<p>&nbsp;<\/p>\n","protected":false},"excerpt":{"rendered":"<p>Calotte en argent. Calotte Par paire ( 2 pi\u00e8ces) Coupe en argent 925 de 3mm. <\/p>\n<p>Pr\u00e9sente un anneau sur les deux coupes<\/p>\n<p>Finition brillante<\/p>\n<p>De jolis embouts pour les perles enfil\u00e9es. La calotte peut \u00eatre attach\u00e9e au fermoir. <\/p>\n<p>&nbsp;<\/p>\n<p>&nbsp;<\/p>\n","protected":false},"featured_media":6739,"comment_status":"closed","ping_status":"closed","template":"","meta":{"_acf_changed":false,"_seopress_robots_primary_cat":"none","_seopress_titles_title":"","_seopress_titles_desc":"","_seopress_robots_index":""},"more":[],"product_brand":[6914],"product_cat":[11146],"product_tag":[15038,6470,6476,6645,6646,6945,16516,7024,6960,7016,6923,6931,16505,6473,6404,6420,7028,6378,6390,6405,6376,6949,16509,9668,6540,16508,6393,6372,6402,6958,6389,6941,6792,12603,7116,6716,6409,6935,16512,6794,6962,7018,10820,7847,7047,6395,6655,7038,7043,16499,6374,6798,14658,11153,16507,8039,16503,10198,6785,6635,6401,7479,6653,9392,6933,6651,6659,16497,16511,6801,6369,6550,6634,16513,6472,6930,7026,7030,6789,6400,7042,6426,11024,6708,7031,16506,7040,6661,9223,6567,6652,6937,6643,6636,6657,6391,6665,7092,16514,6966,6644,8028,8515,7094,6922,6954,9284,6751,6778,6925,11154,16501,16510,16515,16504,6805,6964,6919,6663,10139,6787,6803,6408,6807,6776,6667,7032],"class_list":{"0":"post-18694","1":"product","2":"type-product","3":"status-publish","4":"has-post-thumbnail","6":"product_brand-ayu","7":"product_cat-argent-925","8":"product_tag-voici","9":"product_tag-6470","10":"product_tag-6476","11":"product_tag-a","12":"product_tag-acheter","13":"product_tag-alkmaar","14":"product_tag-allemagneh","15":"product_tag-almere","16":"product_tag-amende","17":"product_tag-amende-2","18":"product_tag-amsterdam","19":"product_tag-anvers","20":"product_tag-applaudissements","21":"product_tag-argile-2","22":"product_tag-argile-argentee","23":"product_tag-argile-bronze","24":"product_tag-argile-cuivreuse","25":"product_tag-argile-metallique","26":"product_tag-argile-metallique-2","27":"product_tag-artclay","28":"product_tag-artclaysilver","29":"product_tag-assen","30":"product_tag-ateliers-de-pate-dargent","31":"product_tag-autour-de","32":"product_tag-avantageux","33":"product_tag-battements","34":"product_tag-belgique","35":"product_tag-bijoux","36":"product_tag-bon-marche","37":"product_tag-boutique","38":"product_tag-boutique-en-ligne","39":"product_tag-brabant","40":"product_tag-bracelet","41":"product_tag-bracelet-2","42":"product_tag-breloques-2","43":"product_tag-breloques","44":"product_tag-bricolage","45":"product_tag-bruxelles","46":"product_tag-calotte","47":"product_tag-chaine","48":"product_tag-collier","49":"product_tag-collier-2","50":"product_tag-de-haute-qualite","51":"product_tag-degagement","52":"product_tag-delft","53":"product_tag-deutsland","54":"product_tag-drenthe","55":"product_tag-eindhoven","56":"product_tag-enschede","57":"product_tag-etendu","58":"product_tag-faire","59":"product_tag-faire-2","60":"product_tag-fait-a-la-main-2","61":"product_tag-fermeture","62":"product_tag-fermeture-en-homard","63":"product_tag-fermetures","64":"product_tag-fermoir-a-mousqueton","65":"product_tag-finition","66":"product_tag-flevoland","67":"product_tag-fournitures","68":"product_tag-france","69":"product_tag-france-2","70":"product_tag-frise","71":"product_tag-gamme","72":"product_tag-gentilhomme","73":"product_tag-groningue","74":"product_tag-gueldre","75":"product_tag-homard","76":"product_tag-homard-2","77":"product_tag-il","78":"product_tag-largent","79":"product_tag-largent-2","80":"product_tag-largent-3","81":"product_tag-largent-5","82":"product_tag-lart","83":"product_tag-leeuwarden","84":"product_tag-lelystad","85":"product_tag-liege","86":"product_tag-limbourg","87":"product_tag-luxembourg","88":"product_tag-maastricht","89":"product_tag-malleable","90":"product_tag-materiaux","91":"product_tag-mercerie","92":"product_tag-metal-2","93":"product_tag-metallurgie-4","94":"product_tag-middelburg","95":"product_tag-nord","96":"product_tag-offrir-2","97":"product_tag-offrir","98":"product_tag-orfevres","99":"product_tag-ostende","100":"product_tag-ou","101":"product_tag-outils","102":"product_tag-overijssel","103":"product_tag-pays-bas","104":"product_tag-pays-bas-2","105":"product_tag-pendentif-2","106":"product_tag-perle-pincee","107":"product_tag-perles-2","108":"product_tag-pieces","109":"product_tag-pieces-de-bijouterie","110":"product_tag-plat","111":"product_tag-pont","112":"product_tag-pur","113":"product_tag-pur-2","114":"product_tag-pur-3","115":"product_tag-reduction","116":"product_tag-reel","117":"product_tag-rotterdam","118":"product_tag-serrure-2","119":"product_tag-serrure-3","120":"product_tag-serrure-a-homard","121":"product_tag-serrure-a-homard-2","122":"product_tag-serrures-2","123":"product_tag-soi","124":"product_tag-sollid","125":"product_tag-sterling","126":"product_tag-sud","127":"product_tag-unique","128":"product_tag-utrecht","129":"product_tag-votre","130":"product_tag-vous","131":"product_tag-vous-2","132":"product_tag-vraiment","133":"product_tag-zelande","134":"product_tag-zwolle","135":"product_shipping_class-standard","136":"pa_afmeting-15mm","137":"pa_afmeting-10-mm","138":"pa_afmeting-11mm","139":"pa_afmeting-12mm","140":"pa_afmeting-13mm","141":"pa_afmeting-14mm","142":"pa_afmeting-16mm","143":"pa_afmeting-18mm","144":"pa_afmeting-1mm","145":"pa_afmeting-22mm","146":"pa_afmeting-2mm","147":"pa_afmeting-35mm-2","148":"pa_afmeting-3mm","149":"pa_afmeting-4mm","150":"pa_afmeting-55mm","151":"pa_afmeting-5mm","152":"pa_afmeting-6mm","153":"pa_afmeting-8mm","154":"pa_afmeting-9mm","156":"first","157":"instock","158":"taxable","159":"shipping-taxable","160":"purchasable","161":"product-type-simple"},"acf":[],"_links":{"self":[{"href":"https:\/\/esquell.eu\/fr\/wp-json\/wp\/v2\/product\/18694","targetHints":{"allow":["GET"]}}],"collection":[{"href":"https:\/\/esquell.eu\/fr\/wp-json\/wp\/v2\/product"}],"about":[{"href":"https:\/\/esquell.eu\/fr\/wp-json\/wp\/v2\/types\/product"}],"replies":[{"embeddable":true,"href":"https:\/\/esquell.eu\/fr\/wp-json\/wp\/v2\/comments?post=18694"}],"wp:featuredmedia":[{"embeddable":true,"href":"https:\/\/esquell.eu\/fr\/wp-json\/wp\/v2\/media\/6739"}],"wp:attachment":[{"href":"https:\/\/esquell.eu\/fr\/wp-json\/wp\/v2\/media?parent=18694"}],"wp:term":[{"taxonomy":"more","embeddable":true,"href":"https:\/\/esquell.eu\/fr\/wp-json\/wp\/v2\/more?post=18694"},{"taxonomy":"product_brand","embeddable":true,"href":"https:\/\/esquell.eu\/fr\/wp-json\/wp\/v2\/product_brand?post=18694"},{"taxonomy":"product_cat","embeddable":true,"href":"https:\/\/esquell.eu\/fr\/wp-json\/wp\/v2\/product_cat?post=18694"},{"taxonomy":"product_tag","embeddable":true,"href":"https:\/\/esquell.eu\/fr\/wp-json\/wp\/v2\/product_tag?post=18694"}],"curies":[{"name":"wp","href":"https:\/\/api.w.org\/{rel}","templated":true}]}}