{"id":18675,"date":"2025-05-04T21:00:46","date_gmt":"2025-05-04T21:00:46","guid":{"rendered":"https:\/\/esquell.eu\/product\/epingle-a-chaine-en-argent-3cm-fil-0-8mm-argent-925-sterling-emballe-par-4\/"},"modified":"2025-05-04T21:00:46","modified_gmt":"2025-05-04T21:00:46","slug":"epingle-a-chaine-en-argent-3cm-fil-0-8mm-argent-925-sterling-emballe-par-4","status":"publish","type":"product","link":"https:\/\/esquell.eu\/fr\/produit\/epingle-a-chaine-en-argent-3cm-fil-0-8mm-argent-925-sterling-emballe-par-4\/","title":{"rendered":"Epingle \u00e0 cha\u00eene en argent, 3cm, fil 0.8mm. Argent 925 Sterling Emball\u00e9 par 4"},"content":{"rendered":"<p>Epingle \u00e0 cha\u00eene en argent, 3cm,<\/p>\n<p>Fil de fer 0.8mm,<br \/>\nArgent 925<br \/>\nFinition brillante<\/p>\n<p>Aiguille avec chas<\/p>\n<p>Emball\u00e9 par 4 pi\u00e8ces<\/p>\n","protected":false},"excerpt":{"rendered":"<p>Emballage 4 pi\u00e8ces.<\/p>\n<p>Anneau ferm\u00e9 en argent, taille 11mm<br \/>\nFil torsad\u00e9 1.2mm<br \/>\nFinition antique<\/p>\n<p>925 argent<\/p>\n","protected":false},"featured_media":6890,"comment_status":"closed","ping_status":"closed","template":"","meta":{"_acf_changed":false,"_seopress_robots_primary_cat":"none","_seopress_titles_title":"","_seopress_titles_desc":"","_seopress_robots_index":""},"more":[],"product_brand":[6914],"product_cat":[12767],"product_tag":[6470,6645,8048,6646,7409,6847,10091,16376,16438,16440,6397,12440,16370,7024,7098,14750,16426,16443,16423,16431,16383,16436,6638,8034,16367,16441,16389,16386,6388,9943,6393,6372,6642,6718,16409,12856,6402,6641,7814,6958,6796,6389,6716,7116,6409,16416,6412,16445,16413,13011,6649,6706,7600,8989,9945,11842,6650,16401,6395,6647,6724,7677,6763,6798,6374,8507,12392,16420,16437,16444,8505,6815,6635,16439,16442,6712,12024,12439,12006,7648,6801,16407,13858,6761,16434,12768,6369,6550,8996,6403,6640,6708,10137,12329,14292,16397,12769,16379,16435,10352,10350,6643,16433,6816,6391,6710,6966,6644,7670,14252,9959,12003,7486,12667,7506,6443,12770,12020,16404,16373,6805,6919,12772,16429,7055,10094,6803,6408,6776,8037,16393],"class_list":{"0":"post-18675","1":"product","2":"type-product","3":"status-publish","4":"has-post-thumbnail","6":"product_brand-ayu","7":"product_cat-argent","8":"product_tag-6470","9":"product_tag-a","10":"product_tag-a-vendre","11":"product_tag-acheter","12":"product_tag-acier","13":"product_tag-acier-inoxydable","14":"product_tag-acier-inoxydable-3","15":"product_tag-acier-inoxydable-4","16":"product_tag-agrafe","17":"product_tag-agrafe-en-argent","18":"product_tag-allemagne","19":"product_tag-allergene","20":"product_tag-allergie","21":"product_tag-almere","22":"product_tag-anneau","23":"product_tag-anneau-2","24":"product_tag-anneau-de-raccordement-2","25":"product_tag-anneau-de-raccordement-3","26":"product_tag-anneau-de-saut","27":"product_tag-anneau-de-securite","28":"product_tag-anneau-fendu","29":"product_tag-anneau-fendu-en-argent","30":"product_tag-anneaux","31":"product_tag-anneaux-2","32":"product_tag-anneaux-de-deviation","33":"product_tag-anneaux-de-deviation-2","34":"product_tag-anneaux-de-raccordement","35":"product_tag-anneaux-fendus","36":"product_tag-argile","37":"product_tag-bague-de-serrage","38":"product_tag-belgique","39":"product_tag-bijoux","40":"product_tag-bijoux-2","41":"product_tag-bijoux-3","42":"product_tag-bijoux-en-acier-inoxydable","43":"product_tag-bijoux-en-argent-5","44":"product_tag-bon-marche","45":"product_tag-boucles-doreilles","46":"product_tag-boucles-doreilles-2","47":"product_tag-boutique","48":"product_tag-boutique-en-ligne-2","49":"product_tag-boutique-en-ligne","50":"product_tag-breloques","51":"product_tag-breloques-2","52":"product_tag-bricolage","53":"product_tag-broches-dagrafes","54":"product_tag-bronze","55":"product_tag-chaine-4","56":"product_tag-charnieres-2","57":"product_tag-colore","58":"product_tag-commande","59":"product_tag-commerce-de-gros","60":"product_tag-confirmer","61":"product_tag-connecter","62":"product_tag-connecteur","63":"product_tag-couleur","64":"product_tag-cuivre","65":"product_tag-de-3","66":"product_tag-deutsland","67":"product_tag-en-ligne","68":"product_tag-envoyer","69":"product_tag-fabrication-de-bijoux-par-soi-meme","70":"product_tag-facebook","71":"product_tag-faire-2","72":"product_tag-faire","73":"product_tag-fil-de-fer","74":"product_tag-fil-de-fer-2","75":"product_tag-fil-de-serrage","76":"product_tag-fil-torsade","77":"product_tag-fil-torsade-2","78":"product_tag-filetage","79":"product_tag-fimo","80":"product_tag-fournitures","81":"product_tag-goupille-de-chaine","82":"product_tag-goupilles-de-chaine","83":"product_tag-gratuit","84":"product_tag-gratuit-2","85":"product_tag-hypo","86":"product_tag-hypoallergenique","87":"product_tag-idees","88":"product_tag-il","89":"product_tag-inalterable","90":"product_tag-inoxydable-2","91":"product_tag-instagram","92":"product_tag-jumpring-ferme","93":"product_tag-jumprings","94":"product_tag-largent","95":"product_tag-largent-2","96":"product_tag-linspiration","97":"product_tag-lor","98":"product_tag-maison","99":"product_tag-mercerie","100":"product_tag-metal-precieux","101":"product_tag-oeil-2","102":"product_tag-oeil-3","103":"product_tag-oeil-de-biche","104":"product_tag-oeil-de-connexion","105":"product_tag-oeil-de-connexion-2","106":"product_tag-oeil-de-connexion-ferme","107":"product_tag-oeil-de-connexion-ouvert","108":"product_tag-oeillets-de-raccordement","109":"product_tag-ou","110":"product_tag-ouvrir-jumpring","111":"product_tag-pate-polymere","112":"product_tag-pays-bas","113":"product_tag-pendentifs","114":"product_tag-perles-2","115":"product_tag-pieces","116":"product_tag-pinterest","117":"product_tag-plaque-2","118":"product_tag-plaque-argent","119":"product_tag-plaque-argent-2","120":"product_tag-porcelaine","121":"product_tag-porte-cles","122":"product_tag-pour","123":"product_tag-resine-uv","124":"product_tag-ressort-de-saut","125":"product_tag-rouille","126":"product_tag-sestomper","127":"product_tag-serrer","128":"product_tag-soi","129":"product_tag-sterling","130":"product_tag-tordu","131":"product_tag-touto","132":"product_tag-verre","133":"product_tag-voler","134":"product_tag-votre","135":"product_tag-vous","136":"product_tag-vraiment","137":"product_tag-yeux","138":"product_tag-yeux-brides","139":"product_shipping_class-standard","140":"pa_diameter-10mm","141":"pa_diameter-15mm","142":"pa_diameter-25mm-2","143":"pa_diameter-3mm","144":"pa_diameter-4mm","145":"pa_diameter-5mm","146":"pa_diameter-6mm","147":"pa_diameter-7mm","148":"pa_diameter-8mm","149":"pa_diameter-9mm","151":"first","152":"instock","153":"taxable","154":"shipping-taxable","155":"purchasable","156":"product-type-simple"},"acf":[],"_links":{"self":[{"href":"https:\/\/esquell.eu\/fr\/wp-json\/wp\/v2\/product\/18675","targetHints":{"allow":["GET"]}}],"collection":[{"href":"https:\/\/esquell.eu\/fr\/wp-json\/wp\/v2\/product"}],"about":[{"href":"https:\/\/esquell.eu\/fr\/wp-json\/wp\/v2\/types\/product"}],"replies":[{"embeddable":true,"href":"https:\/\/esquell.eu\/fr\/wp-json\/wp\/v2\/comments?post=18675"}],"wp:featuredmedia":[{"embeddable":true,"href":"https:\/\/esquell.eu\/fr\/wp-json\/wp\/v2\/media\/6890"}],"wp:attachment":[{"href":"https:\/\/esquell.eu\/fr\/wp-json\/wp\/v2\/media?parent=18675"}],"wp:term":[{"taxonomy":"more","embeddable":true,"href":"https:\/\/esquell.eu\/fr\/wp-json\/wp\/v2\/more?post=18675"},{"taxonomy":"product_brand","embeddable":true,"href":"https:\/\/esquell.eu\/fr\/wp-json\/wp\/v2\/product_brand?post=18675"},{"taxonomy":"product_cat","embeddable":true,"href":"https:\/\/esquell.eu\/fr\/wp-json\/wp\/v2\/product_cat?post=18675"},{"taxonomy":"product_tag","embeddable":true,"href":"https:\/\/esquell.eu\/fr\/wp-json\/wp\/v2\/product_tag?post=18675"}],"curies":[{"name":"wp","href":"https:\/\/api.w.org\/{rel}","templated":true}]}}