{"id":18642,"date":"2025-05-04T21:26:28","date_gmt":"2025-05-04T21:26:28","guid":{"rendered":"https:\/\/esquell.eu\/product\/broche-epingle-en-argent-950-et-925-convient-pour-la-cuisson-au-four\/"},"modified":"2026-03-23T20:01:14","modified_gmt":"2026-03-23T20:01:14","slug":"broche-epingle-en-argent-950-et-925-convient-pour-la-cuisson-au-four","status":"publish","type":"product","link":"https:\/\/esquell.eu\/fr\/produit\/broche-epingle-en-argent-950-et-925-convient-pour-la-cuisson-au-four\/","title":{"rendered":"Broche \u00c9pingle en argent 950 et 925 Convient pour la cuisson au four."},"content":{"rendered":"<p>L&rsquo;\u00e9pingle de cette broche est en argent sterling 925 tremp\u00e9 de 55 mm.<br \/>\nLes pi\u00e8ces d\u00e9tach\u00e9es sont en argent 990.<br \/>\nConvient \u00e0 la co-cuisson dans la p\u00e2te d&rsquo;argent ou \u00e0 la soudure.<\/p>\n<p>Facile \u00e0 travailler<\/p>\n<p>L&rsquo;\u00e9pingle de cette broche peut \u00eatre facilement coup\u00e9e sur mesure.<\/p>\n<p>Coupez \u00e0 la longueur d\u00e9sir\u00e9e et limez simplement une nouvelle pointe sur celle-ci.<\/p>\n","protected":false},"excerpt":{"rendered":"<p>L&rsquo;\u00e9pingle de cette broche est en argent sterling tremp\u00e9 de 55 mm, 925.<br \/>\nLes pi\u00e8ces d\u00e9tach\u00e9es sont en argent 990. Convient pour la co-cuisson dans la p\u00e2te d&rsquo;argent ou pour la soudure. <\/p>\n<p>L&rsquo;\u00e9pingle de cette broche peut \u00eatre facilement personnalis\u00e9e.<\/p>\n<p>Coupez \u00e0 la longueur souhait\u00e9e et limez facilement une nouvelle pointe.<\/p>\n","protected":false},"featured_media":18645,"comment_status":"closed","ping_status":"closed","template":"","meta":{"_acf_changed":false,"_seopress_robots_primary_cat":"none","_seopress_titles_title":"","_seopress_titles_desc":"","_seopress_robots_index":""},"more":[],"product_brand":[6382],"product_cat":[12511],"product_tag":[6470,6477,6476,12517,6645,6646,6473,6404,7500,6378,6405,7567,7572,6393,8238,6958,8735,6409,8358,8592,12514,11289,6706,6743,9384,12040,12516,6374,11153,6401,7479,12512,6745,6369,6550,6634,6472,6656,12519,6708,6643,6391,6644,7506,6751,12513,12515,6919,11291,6408],"class_list":{"0":"post-18642","1":"product","2":"type-product","3":"status-publish","4":"has-post-thumbnail","6":"product_brand-acs","7":"product_cat-broches-et-pieces","8":"product_tag-6470","9":"product_tag-6477","10":"product_tag-6476","11":"product_tag-999-broche","12":"product_tag-a","13":"product_tag-acheter","14":"product_tag-argile-2","15":"product_tag-argile-argentee","16":"product_tag-argile-argentee-3","17":"product_tag-argile-metallique","18":"product_tag-artclay","19":"product_tag-artclayacademy","20":"product_tag-avec","21":"product_tag-belgique","22":"product_tag-benelux","23":"product_tag-boutique","24":"product_tag-boutique-2","25":"product_tag-bricolage","26":"product_tag-broche-2","27":"product_tag-broche-3","28":"product_tag-broche-5","29":"product_tag-certifie-2","30":"product_tag-commerce-de-gros","31":"product_tag-distributeur","32":"product_tag-divers","33":"product_tag-epingle","34":"product_tag-epingles","35":"product_tag-faire","36":"product_tag-fermeture","37":"product_tag-france","38":"product_tag-france-2","39":"product_tag-frite-le-long-de-la-route","40":"product_tag-instructeur","41":"product_tag-largent","42":"product_tag-largent-2","43":"product_tag-largent-3","44":"product_tag-lart","45":"product_tag-luxembourg-2","46":"product_tag-luxembourgh","47":"product_tag-mercerie","48":"product_tag-ou","49":"product_tag-pays-bas","50":"product_tag-pieces","51":"product_tag-pour","52":"product_tag-reduction","53":"product_tag-revers","54":"product_tag-reverspin","55":"product_tag-sterling","56":"product_tag-tailles","57":"product_tag-vous","58":"product_shipping_class-standard","60":"first","61":"instock","62":"taxable","63":"shipping-taxable","64":"purchasable","65":"product-type-simple"},"acf":[],"_links":{"self":[{"href":"https:\/\/esquell.eu\/fr\/wp-json\/wp\/v2\/product\/18642","targetHints":{"allow":["GET"]}}],"collection":[{"href":"https:\/\/esquell.eu\/fr\/wp-json\/wp\/v2\/product"}],"about":[{"href":"https:\/\/esquell.eu\/fr\/wp-json\/wp\/v2\/types\/product"}],"replies":[{"embeddable":true,"href":"https:\/\/esquell.eu\/fr\/wp-json\/wp\/v2\/comments?post=18642"}],"wp:featuredmedia":[{"embeddable":true,"href":"https:\/\/esquell.eu\/fr\/wp-json\/wp\/v2\/media\/18645"}],"wp:attachment":[{"href":"https:\/\/esquell.eu\/fr\/wp-json\/wp\/v2\/media?parent=18642"}],"wp:term":[{"taxonomy":"more","embeddable":true,"href":"https:\/\/esquell.eu\/fr\/wp-json\/wp\/v2\/more?post=18642"},{"taxonomy":"product_brand","embeddable":true,"href":"https:\/\/esquell.eu\/fr\/wp-json\/wp\/v2\/product_brand?post=18642"},{"taxonomy":"product_cat","embeddable":true,"href":"https:\/\/esquell.eu\/fr\/wp-json\/wp\/v2\/product_cat?post=18642"},{"taxonomy":"product_tag","embeddable":true,"href":"https:\/\/esquell.eu\/fr\/wp-json\/wp\/v2\/product_tag?post=18642"}],"curies":[{"name":"wp","href":"https:\/\/api.w.org\/{rel}","templated":true}]}}