{"id":18600,"date":"2025-05-05T17:05:57","date_gmt":"2025-05-05T17:05:57","guid":{"rendered":"https:\/\/esquell.eu\/product\/cordon-en-caoutchouc-solide-differents-diametres-noir-par-metre\/"},"modified":"2025-05-05T17:05:57","modified_gmt":"2025-05-05T17:05:57","slug":"cordon-en-caoutchouc-solide-differents-diametres-noir-par-metre","status":"publish","type":"product","link":"https:\/\/esquell.eu\/fr\/produit\/cordon-en-caoutchouc-solide-differents-diametres-noir-par-metre\/","title":{"rendered":"Cordon en caoutchouc. Solide. Diff\u00e9rents diam\u00e8tres. Noir.    Par m\u00e8tre"},"content":{"rendered":"<p>Cordon rond en caoutchouc noir.<\/p>\n<p>Diff\u00e9rents diam\u00e8tres<\/p>\n<p>Solid<\/p>\n<p>Les pointes peuvent \u00eatre finies, par exemple, avec des extr\u00e9mit\u00e9s de cordon en acier inoxydable ou en argent.<\/p>\n","protected":false},"excerpt":{"rendered":"<p>Cordon plat solide en cuir su\u00e9d\u00e9.<\/p>\n<p>Suedine<\/p>\n<p>Noir<\/p>\n<p>Diam\u00e8tre d&rsquo;environ 2,5 mm<\/p>\n<p>Emball\u00e9 par 10 mtr.<\/p>\n<p>&nbsp;<\/p>\n<p>Id\u00e9al pour enfiler des perles et fabriquer des bracelets.<\/p>\n<p>&nbsp;<\/p>\n<p>Contrairement au caoutchouc et au cuir v\u00e9ritable, le cordon en su\u00e9dine se noue facilement, bien et<\/p>\n<p>ferme.<\/p>\n<p>&nbsp;<\/p>\n<p>&nbsp;<\/p>\n","protected":false},"featured_media":6927,"comment_status":"closed","ping_status":"closed","template":"","meta":{"_acf_changed":false,"_seopress_robots_primary_cat":"none","_seopress_titles_title":"","_seopress_titles_desc":"","_seopress_robots_index":""},"more":[],"product_brand":[6363],"product_cat":[6915,8488],"product_tag":[6645,6646,6939,6945,7045,7036,6923,6931,7096,6947,6949,9668,9645,6393,9666,6372,9292,6402,6641,6958,6389,6796,8026,9286,6792,7360,6409,9660,9662,9665,7770,10848,11335,6794,9252,9263,7762,9656,6962,7780,6649,9257,9256,9640,8519,9248,9642,9707,9676,9709,9711,16323,7778,11937,9650,8517,9244,9634,9704,9259,9273,9671,7047,8513,8489,9652,8503,8509,8492,6647,6724,7766,7677,6374,8039,8507,8505,6933,9280,6712,9304,6951,7120,9289,7121,9643,8501,7042,7681,6640,8497,7040,9270,9658,7034,9674,6546,6643,6391,9278,6966,6485,6483,8515,6927,8067,7506,9297,6925,9654,6943,8511,9300,7786,8499,9673,9295,9282,7764,9266,8521,8495,9648,6408,7032],"class_list":{"0":"post-18600","1":"product","2":"type-product","3":"status-publish","4":"has-post-thumbnail","6":"product_brand-bm","7":"product_cat-colliers-chaines-bracelets","8":"product_cat-fil-corde-et-cuir","9":"product_tag-a","10":"product_tag-acheter","11":"product_tag-acheter-2","12":"product_tag-alkmaar","13":"product_tag-almelo","14":"product_tag-amersfoort","15":"product_tag-amsterdam","16":"product_tag-anvers","17":"product_tag-apeldoorn","18":"product_tag-arnhem","19":"product_tag-assen","20":"product_tag-autour-de","21":"product_tag-bandeau-mobile","22":"product_tag-belgique","23":"product_tag-bergen-op-zoom","24":"product_tag-bijoux","25":"product_tag-boho","26":"product_tag-bon-marche","27":"product_tag-boucles-doreilles","28":"product_tag-boutique","29":"product_tag-boutique-en-ligne","30":"product_tag-boutique-en-ligne-2","31":"product_tag-boutons","32":"product_tag-boutons-2","33":"product_tag-bracelet","34":"product_tag-bracelets","35":"product_tag-bricolage","36":"product_tag-brun","37":"product_tag-brun-fonce","38":"product_tag-cafe","39":"product_tag-camps","40":"product_tag-caoutchouc","41":"product_tag-caoutchouc-2","42":"product_tag-chaine","43":"product_tag-chaine-3","44":"product_tag-chevre","45":"product_tag-coevorden","46":"product_tag-cognac","47":"product_tag-collier","48":"product_tag-collier-3","49":"product_tag-commande","50":"product_tag-cooleur","51":"product_tag-cordes","52":"product_tag-cordes-2","53":"product_tag-cordon","54":"product_tag-cordon-2","55":"product_tag-cordon-3","56":"product_tag-cordon-de-suede","57":"product_tag-cordon-en-daim","58":"product_tag-cordon-plat","59":"product_tag-cordon-rond","60":"product_tag-cordon-rond-2","61":"product_tag-corne","62":"product_tag-creux-2","63":"product_tag-cuik","64":"product_tag-cuir","65":"product_tag-cuir-2","66":"product_tag-cuir-3","67":"product_tag-cuir-4","68":"product_tag-cuir-de-chevre","69":"product_tag-cuir-de-mouton","70":"product_tag-daim","71":"product_tag-delft","72":"product_tag-delfzijl","73":"product_tag-den-bosch","74":"product_tag-den-helder","75":"product_tag-dronten","76":"product_tag-emmeloord","77":"product_tag-emmen","78":"product_tag-en-ligne","79":"product_tag-envoyer","80":"product_tag-etreilen","81":"product_tag-fabrication-de-bijoux-par-soi-meme","82":"product_tag-faire","83":"product_tag-fermetures","84":"product_tag-fil-de-fer","85":"product_tag-filetage","86":"product_tag-gentilhomme","87":"product_tag-grand","88":"product_tag-gratuit","89":"product_tag-hardenberg","90":"product_tag-heerenveen","91":"product_tag-hoogeveen","92":"product_tag-ibiza","93":"product_tag-la-haye","94":"product_tag-leleystad","95":"product_tag-lemmer","96":"product_tag-maastricht","97":"product_tag-magasin-de-perles","98":"product_tag-maison","99":"product_tag-meppel","100":"product_tag-middelburg","101":"product_tag-mouton","102":"product_tag-naturel-2","103":"product_tag-nijmegen","104":"product_tag-noeud-coulant","105":"product_tag-noir","106":"product_tag-ou","107":"product_tag-pays-bas","108":"product_tag-peau-de-mouton","109":"product_tag-perles-2","110":"product_tag-perles","111":"product_tag-pierre-naturelle","112":"product_tag-plat","113":"product_tag-plomb","114":"product_tag-plus-durwijk","115":"product_tag-pour","116":"product_tag-roermond","117":"product_tag-rotterdam","118":"product_tag-schagen","119":"product_tag-scheveningen","120":"product_tag-se-faufiler","121":"product_tag-serrure","122":"product_tag-solide","123":"product_tag-steenwijk","124":"product_tag-suedine","125":"product_tag-tiel","126":"product_tag-trou","127":"product_tag-urk","128":"product_tag-vache","129":"product_tag-valkenburg","130":"product_tag-venlo","131":"product_tag-vollenhove","132":"product_tag-vous","133":"product_tag-zwolle","134":"product_shipping_class-standard","135":"pa_diameter-2mm","136":"pa_diameter-3mm","137":"pa_diameter-4mm","138":"pa_diameter-5mm","140":"first","141":"instock","142":"taxable","143":"shipping-taxable","144":"purchasable","145":"product-type-variable"},"acf":[],"_links":{"self":[{"href":"https:\/\/esquell.eu\/fr\/wp-json\/wp\/v2\/product\/18600","targetHints":{"allow":["GET"]}}],"collection":[{"href":"https:\/\/esquell.eu\/fr\/wp-json\/wp\/v2\/product"}],"about":[{"href":"https:\/\/esquell.eu\/fr\/wp-json\/wp\/v2\/types\/product"}],"replies":[{"embeddable":true,"href":"https:\/\/esquell.eu\/fr\/wp-json\/wp\/v2\/comments?post=18600"}],"wp:featuredmedia":[{"embeddable":true,"href":"https:\/\/esquell.eu\/fr\/wp-json\/wp\/v2\/media\/6927"}],"wp:attachment":[{"href":"https:\/\/esquell.eu\/fr\/wp-json\/wp\/v2\/media?parent=18600"}],"wp:term":[{"taxonomy":"more","embeddable":true,"href":"https:\/\/esquell.eu\/fr\/wp-json\/wp\/v2\/more?post=18600"},{"taxonomy":"product_brand","embeddable":true,"href":"https:\/\/esquell.eu\/fr\/wp-json\/wp\/v2\/product_brand?post=18600"},{"taxonomy":"product_cat","embeddable":true,"href":"https:\/\/esquell.eu\/fr\/wp-json\/wp\/v2\/product_cat?post=18600"},{"taxonomy":"product_tag","embeddable":true,"href":"https:\/\/esquell.eu\/fr\/wp-json\/wp\/v2\/product_tag?post=18600"}],"curies":[{"name":"wp","href":"https:\/\/api.w.org\/{rel}","templated":true}]}}