{"id":18382,"date":"2025-08-22T18:48:16","date_gmt":"2025-08-22T18:48:16","guid":{"rendered":"https:\/\/esquell.eu\/product\/fil-de-bronze-dead-soft-extra-soft-differentes-epaisseurs\/"},"modified":"2025-08-22T18:48:16","modified_gmt":"2025-08-22T18:48:16","slug":"fil-de-bronze-dead-soft-extra-soft-differentes-epaisseurs","status":"publish","type":"product","link":"https:\/\/esquell.eu\/fr\/produit\/fil-de-bronze-dead-soft-extra-soft-differentes-epaisseurs\/","title":{"rendered":"Fil de bronze Dead Soft Extra soft. Diff\u00e9rentes \u00e9paisseurs"},"content":{"rendered":"<p>Le fil de bronze Dead Soft est un v\u00e9ritable alliage d&rsquo;\u00e9tain et de cuivre.<br \/>\nLa plupart des soi-disant \u00ab\u00a0fils de bronze\u00a0\u00bb vendus sont en fait un alliage de cuivre et de zinc, qui est techniquement du laiton.<br \/>\nCe bronze se marie parfaitement avec la p\u00e2te \u00e0 modeler et peut \u00eatre cuit.<br \/>\nComme il contient un peu moins d&rsquo;\u00e9tain que d&rsquo;habitude, ce fil est plus mall\u00e9able et plus facile \u00e0 travailler.<\/p>\n<p>La souplesse du mat\u00e9riau le rend \u00e9galement tr\u00e8s appropri\u00e9 pour l&rsquo;enroulement de fils.<\/p>\n","protected":false},"excerpt":{"rendered":"<p>Le fil de bronze Dead Soft est un v\u00e9ritable alliage d&rsquo;\u00e9tain et de cuivre. La plupart des soi-disant \u00ab\u00a0fils de bronze\u00a0\u00bb vendus sont en fait un alliage de cuivre et de zinc, qui est techniquement du laiton. Ce bronze se marie parfaitement avec la p\u00e2te \u00e0 modeler et peut \u00eatre cuit. Comme il contient un&#8230;<\/p>\n","protected":false},"featured_media":8167,"comment_status":"closed","ping_status":"closed","template":"","meta":{"_acf_changed":false,"_seopress_robots_primary_cat":"none","_seopress_titles_title":"","_seopress_titles_desc":"","_seopress_robots_index":""},"more":[],"product_brand":[6736],"product_cat":[12426,12637,11931,10991],"product_tag":[16308,7523,6420,10347,16312,6412,6423,12679,11757,11826,16311,10344,16310,12435,16309,8507,12512,12682,6483,11491,7506],"class_list":{"0":"post-18382","1":"product","2":"type-product","3":"status-publish","4":"has-post-thumbnail","6":"product_brand-des-outils-sympas","7":"product_cat-cuivre-bronze-laiton-acier-inoxydable","8":"product_cat-fil-denroulement-fil-doux","9":"product_cat-nouveau","10":"product_cat-pieces-adaptees-a-la-cocuisson-avec-de-largile-metallique","11":"product_tag-a-9","12":"product_tag-adapte","13":"product_tag-argile-bronze","14":"product_tag-bijoux-en-fil-de-fer","15":"product_tag-bijoux-enveloppants","16":"product_tag-bronze","17":"product_tag-de","18":"product_tag-deadsoft","19":"product_tag-doux","20":"product_tag-doux-2","21":"product_tag-egalement","22":"product_tag-emballage-en-fil-metallique","23":"product_tag-envelopper","24":"product_tag-fil-de-bronze","25":"product_tag-fil-de-bronze-2","26":"product_tag-fil-de-fer","27":"product_tag-frite-le-long-de-la-route","28":"product_tag-morts","29":"product_tag-pierre-naturelle","30":"product_tag-pierre-naturelle-2","31":"product_tag-pour","32":"pa_diameter-03mm","33":"pa_diameter-05mm","34":"pa_diameter-08mm","35":"pa_diameter-1mm","36":"pa_diameter-25mm","38":"first","39":"instock","40":"taxable","41":"shipping-taxable","42":"purchasable","43":"product-type-variable"},"acf":[],"_links":{"self":[{"href":"https:\/\/esquell.eu\/fr\/wp-json\/wp\/v2\/product\/18382","targetHints":{"allow":["GET"]}}],"collection":[{"href":"https:\/\/esquell.eu\/fr\/wp-json\/wp\/v2\/product"}],"about":[{"href":"https:\/\/esquell.eu\/fr\/wp-json\/wp\/v2\/types\/product"}],"replies":[{"embeddable":true,"href":"https:\/\/esquell.eu\/fr\/wp-json\/wp\/v2\/comments?post=18382"}],"wp:featuredmedia":[{"embeddable":true,"href":"https:\/\/esquell.eu\/fr\/wp-json\/wp\/v2\/media\/8167"}],"wp:attachment":[{"href":"https:\/\/esquell.eu\/fr\/wp-json\/wp\/v2\/media?parent=18382"}],"wp:term":[{"taxonomy":"more","embeddable":true,"href":"https:\/\/esquell.eu\/fr\/wp-json\/wp\/v2\/more?post=18382"},{"taxonomy":"product_brand","embeddable":true,"href":"https:\/\/esquell.eu\/fr\/wp-json\/wp\/v2\/product_brand?post=18382"},{"taxonomy":"product_cat","embeddable":true,"href":"https:\/\/esquell.eu\/fr\/wp-json\/wp\/v2\/product_cat?post=18382"},{"taxonomy":"product_tag","embeddable":true,"href":"https:\/\/esquell.eu\/fr\/wp-json\/wp\/v2\/product_tag?post=18382"}],"curies":[{"name":"wp","href":"https:\/\/api.w.org\/{rel}","templated":true}]}}