{"id":18335,"date":"2025-07-28T08:37:51","date_gmt":"2025-07-28T08:37:51","guid":{"rendered":"https:\/\/esquell.eu\/product\/matrices-de-decoupe-pour-argile-bijoux-en-argile-set-de-5-pentagone-stylise\/"},"modified":"2025-07-28T08:37:51","modified_gmt":"2025-07-28T08:37:51","slug":"matrices-de-decoupe-pour-argile-bijoux-en-argile-set-de-5-pentagone-stylise","status":"publish","type":"product","link":"https:\/\/esquell.eu\/fr\/produit\/matrices-de-decoupe-pour-argile-bijoux-en-argile-set-de-5-pentagone-stylise\/","title":{"rendered":"Matrices de d\u00e9coupe pour argile\/bijoux en argile Set de 5 Pentagone stylis\u00e9"},"content":{"rendered":"<div class=\"product-addition-content\">\n<p>Jeu de 5 cutters pour l&rsquo;argile<\/p>\n<p>Plus petit 1,2*1 cm<\/p>\n<p>La plus grande 3,5*2,8 cm<\/p>\n<p>Cr\u00e9ez sans effort des formes uniques et modernes \u00e0 partir de l&rsquo;argile gr\u00e2ce \u00e0 ce jeu d&#8217;emporte-pi\u00e8ces de haute qualit\u00e9 aux formes organiques. Id\u00e9al pour l&rsquo;arguile d&rsquo;argent, l&rsquo;argile cuivreuse, l&rsquo;argile bronze et d&rsquo;autres types d&rsquo;argile. Convient \u00e9galement \u00e0 la c\u00e9ramique et \u00e0 l&rsquo;argile polym\u00e8re. <\/p>\n<p>De petite \u00e0 grande taille, ils sont parfaits pour les boucles d&rsquo;oreilles, les pendentifs, les liens et les \u00e9l\u00e9ments d\u00e9coratifs.<\/p>\n<p>Pour un usage fr\u00e9quent. Fabriqu\u00e9 en plastique de haute qualit\u00e9. Conserve sa forme  <\/p>\n<p>L&rsquo;avantage par rapport au stylo aiguille est qu&rsquo;il permet d&rsquo;obtenir des bords de coupe serr\u00e9s sans s&rsquo;effilocher. Et il est facile \u00e0 reproduire, ce qui est pratique pour les boucles d&rsquo;oreilles, par exemple. <\/p>\n<p>Combinez les formes entre elles, avec d&rsquo;autres formes provenant d&rsquo;autres d\u00e9coupes.<\/p>\n<p>Combinez avec des tapis de texture et des tampons pour cr\u00e9er des motifs, des textures et des reliefs.<\/p>\n<\/div>\n","protected":false},"excerpt":{"rendered":"<div class=\"product-addition-content\">\n<p>Set d&#8217;emporte-pi\u00e8ces pour bijoux en argile<\/p>\n<p>Cr\u00e9ez sans effort des formes uniques et modernes \u00e0 partir de l&rsquo;argile gr\u00e2ce \u00e0 ce jeu d&#8217;emporte-pi\u00e8ces de haute qualit\u00e9 aux formes organiques. Id\u00e9al pour l&rsquo;arguile d&rsquo;argent, l&rsquo;argile cuivreuse, l&rsquo;argile bronze et d&rsquo;autres types d&rsquo;argile. Convient \u00e9galement \u00e0 la c\u00e9ramique et \u00e0 l&rsquo;argile polym\u00e8re. <\/p>\n<p>De petite \u00e0 grande taille, ils sont parfaits pour les boucles d&rsquo;oreilles, les pendentifs, les liens et les \u00e9l\u00e9ments d\u00e9coratifs.<\/p>\n<p>Pour un usage fr\u00e9quent. Fabriqu\u00e9 en plastique de haute qualit\u00e9. Conserve sa forme  <\/p>\n<p>L&rsquo;avantage par rapport au stylo aiguille est qu&rsquo;il permet d&rsquo;obtenir des bords de coupe serr\u00e9s sans s&rsquo;effilocher. Et il est facile \u00e0 reproduire, ce qui est pratique pour les boucles d&rsquo;oreilles, par exemple. <\/p>\n<p>Combinez les formes entre elles, avec d&rsquo;autres formes provenant d&rsquo;autres d\u00e9coupes.<\/p>\n<p>Combinez avec des tapis de texture et des tampons pour cr\u00e9er des motifs, des textures et des reliefs.<\/p>\n<\/div>\n","protected":false},"featured_media":7942,"comment_status":"closed","ping_status":"closed","template":"","meta":{"_acf_changed":false,"_seopress_robots_primary_cat":"none","_seopress_titles_title":"","_seopress_titles_desc":"","_seopress_robots_index":""},"more":[],"product_brand":[6398],"product_cat":[7504,6808],"product_tag":[],"class_list":{"0":"post-18335","1":"product","2":"type-product","3":"status-publish","4":"has-post-thumbnail","6":"product_brand-l1","7":"product_cat-argile","8":"product_cat-couteaux-pour-largile","10":"first","11":"instock","12":"taxable","13":"shipping-taxable","14":"purchasable","15":"product-type-simple"},"acf":[],"_links":{"self":[{"href":"https:\/\/esquell.eu\/fr\/wp-json\/wp\/v2\/product\/18335","targetHints":{"allow":["GET"]}}],"collection":[{"href":"https:\/\/esquell.eu\/fr\/wp-json\/wp\/v2\/product"}],"about":[{"href":"https:\/\/esquell.eu\/fr\/wp-json\/wp\/v2\/types\/product"}],"replies":[{"embeddable":true,"href":"https:\/\/esquell.eu\/fr\/wp-json\/wp\/v2\/comments?post=18335"}],"wp:featuredmedia":[{"embeddable":true,"href":"https:\/\/esquell.eu\/fr\/wp-json\/wp\/v2\/media\/7942"}],"wp:attachment":[{"href":"https:\/\/esquell.eu\/fr\/wp-json\/wp\/v2\/media?parent=18335"}],"wp:term":[{"taxonomy":"more","embeddable":true,"href":"https:\/\/esquell.eu\/fr\/wp-json\/wp\/v2\/more?post=18335"},{"taxonomy":"product_brand","embeddable":true,"href":"https:\/\/esquell.eu\/fr\/wp-json\/wp\/v2\/product_brand?post=18335"},{"taxonomy":"product_cat","embeddable":true,"href":"https:\/\/esquell.eu\/fr\/wp-json\/wp\/v2\/product_cat?post=18335"},{"taxonomy":"product_tag","embeddable":true,"href":"https:\/\/esquell.eu\/fr\/wp-json\/wp\/v2\/product_tag?post=18335"}],"curies":[{"name":"wp","href":"https:\/\/api.w.org\/{rel}","templated":true}]}}