{"id":18247,"date":"2025-07-22T11:18:02","date_gmt":"2025-07-22T11:18:02","guid":{"rendered":"https:\/\/esquell.eu\/product\/prometheus-oven-pro-1-non-programmable\/"},"modified":"2025-12-22T10:52:20","modified_gmt":"2025-12-22T10:52:20","slug":"prometheus-oven-pro-1-non-programmable","status":"publish","type":"product","link":"https:\/\/esquell.eu\/fr\/produit\/prometheus-oven-pro-1-non-programmable\/","title":{"rendered":"Prometheus Oven Pro-1 Non-programmable"},"content":{"rendered":"<p>Prometheus Mini kiln PRO-1 with digital controller<br \/>\nLe Prometheus Mini Kiln PRO-1 with digital controller est un four sp\u00e9cial pour bijoux, adapt\u00e9 \u00e0 l&rsquo;utilisation dans l&rsquo;atelier ou \u00e0 la maison. Le four est id\u00e9al pour l&rsquo;Art Clay \/ argile argent\u00e9e Prometheus Clay et l&rsquo;\u00e9maillage, ainsi que pour le fusing du verre. Il peut \u00e9galement \u00eatre utilis\u00e9 pour recuire et durcir l&rsquo;argent, l&rsquo;or et d&rsquo;autres m\u00e9taux.  <\/p>\n<p>Le mini-four Prometheus dispose de quatre commandes num\u00e9riques qui permettent \u00e0 l&rsquo;utilisateur de r\u00e9gler le four \u00e0 bijoux \u00e0 la temp\u00e9rature souhait\u00e9e. Le four chauffe \u00e0 cette temp\u00e9rature jusqu&rsquo;\u00e0 ce qu&rsquo;il soit \u00e9teint. L&rsquo;utilisateur doit suivre la dur\u00e9e de cuisson de l&rsquo;argile et \u00e9teindre manuellement le four.  <\/p>\n<p>Vous recherchez un four enti\u00e8rement programmable ? Alors pensez au Prometheus Programmable PRO-1 PRG. Les principales caract\u00e9ristiques du Prometheus Mini Kiln PRO-1 sont :  <\/p>\n<p>Temp\u00e9rature de cuisson maximale de 1000\u00baC<br \/>\nPorte s&rsquo;ouvrant \u00e0 90\u00b0<br \/>\nContr\u00f4le num\u00e9rique de la temp\u00e9rature et affichage \u00e0 quatre boutons<br \/>\nPoign\u00e9e cool-touch<br \/>\nBo\u00eetier ext\u00e9rieur bien ventil\u00e9, rev\u00eatu de poudre.<br \/>\nEl\u00e9ments chauffants : 4 ; dessus, dessous et c\u00f4t\u00e9s<br \/>\nTension de fonctionnement 220V 3,2 amp\u00e8res 700 watts<br \/>\nPoids total 5,7kg.<\/p>\n<p>Prise europ\u00e9enne.<\/p>\n<p>Dimensions ext\u00e9rieures : 225 x 220 x 280 mm (largeur x profondeur x hauteur) Remarque : ces dimensions s&rsquo;entendent sans la poign\u00e9e. Dimensions de la chambre de combustion : 115 x 130 x 70 mm (largeur x profondeur x hauteur)<br \/>\nGarantie du fabricant de 2 ans, \u00e0 l&rsquo;exclusion d&rsquo;un stockage et d&rsquo;une utilisation incorrects. <\/p>\n<p>Service technique interne.<\/p>\n<p>\u00c9galement disponible<br \/>\nPro 1 PRG (Bien que programmable)<\/p>\n<p>Pro 7 PRG (Extra-large et programmable)<\/p>\n<p>&nbsp;<\/p>\n","protected":false},"excerpt":{"rendered":"<p>Prometheus Mini kiln PRO-1 with digital controller<br \/>\nLe Prometheus Mini Kiln PRO-1 with digital controller est un four sp\u00e9cial pour bijoux, adapt\u00e9 \u00e0 l&rsquo;utilisation dans l&rsquo;atelier ou \u00e0 la maison. Le four est id\u00e9al pour l&rsquo;Art Clay \/ argile argent\u00e9e Prometheus Clay et l&rsquo;\u00e9maillage, ainsi que pour le fusing du verre. Il peut \u00e9galement \u00eatre utilis\u00e9 pour recuire et durcir l&rsquo;argent, l&rsquo;or et d&rsquo;autres m\u00e9taux.  <\/p>\n<p>Le mini-four Prometheus dispose de quatre commandes num\u00e9riques qui permettent \u00e0 l&rsquo;utilisateur de r\u00e9gler le four \u00e0 bijoux \u00e0 la temp\u00e9rature souhait\u00e9e. Le four chauffe \u00e0 cette temp\u00e9rature jusqu&rsquo;\u00e0 ce qu&rsquo;il soit \u00e9teint. L&rsquo;utilisateur doit suivre la dur\u00e9e de cuisson de l&rsquo;argile et \u00e9teindre manuellement le four.  <\/p>\n<p>Vous recherchez un four enti\u00e8rement programmable ? Alors pensez au Prometheus Programmable PRO-1 PRG. Les principales caract\u00e9ristiques du Prometheus Mini Kiln PRO-1 sont :  <\/p>\n<p>Temp\u00e9rature de cuisson maximale de 1000\u00baC<br \/>\nPorte s&rsquo;ouvrant \u00e0 90\u00b0<br \/>\nContr\u00f4le num\u00e9rique de la temp\u00e9rature et affichage \u00e0 quatre boutons<br \/>\nPoign\u00e9e cool-touch<br \/>\nBo\u00eetier ext\u00e9rieur bien ventil\u00e9, rev\u00eatu de poudre.<br \/>\nEl\u00e9ments chauffants : 4 ; dessus, dessous et c\u00f4t\u00e9s<br \/>\nTension de fonctionnement 220V 3,2 amp\u00e8res 700 watts<br \/>\nPoids total 5,7kg.<\/p>\n<p>Prise europ\u00e9enne.<\/p>\n<p>&nbsp;<\/p>\n<p>Dimensions ext\u00e9rieures : 225 x 220 x 280 mm (largeur x profondeur x hauteur) Remarque : ces dimensions s&rsquo;entendent sans la poign\u00e9e. Dimensions de la chambre de combustion : 115 x 130 x 70 mm (largeur x profondeur x hauteur)<br \/>\nGarantie du fabricant de 2 ans, \u00e0 l&rsquo;exclusion d&rsquo;un stockage et d&rsquo;une utilisation incorrects. <\/p>\n<p>Service technique interne.<\/p>\n<p>&nbsp;<\/p>\n<p>&nbsp;<\/p>\n","protected":false},"featured_media":18274,"comment_status":"closed","ping_status":"closed","template":"","meta":{"_acf_changed":false,"_seopress_robots_primary_cat":"none","_seopress_titles_title":"","_seopress_titles_desc":"","_seopress_robots_index":""},"more":[],"product_brand":[],"product_cat":[9823,11384,6705,7468,6809],"product_tag":[6741,6473,7500,11408,8401,6406,6420,7028,6390,6378,6376,8422,6372,6641,6412,10878,11406,7490,11386,8224,11407,8641,6650,9476,7229,6374,11385,8644,11411,10849,10839,6369,6403,7851,7031,11409,10731,7933,7029,11412,7486,7488,8736,6418,11410,11413,8647,10802,7055],"class_list":{"0":"post-18247","1":"product","2":"type-product","3":"status-publish","4":"has-post-thumbnail","6":"product_cat-bake-off","7":"product_cat-fours","8":"product_cat-outils-et-fournitures-pour-lemaillage","9":"product_cat-outils-et-fournitures-pour-le-verre","10":"product_cat-vente","11":"product_tag-argile-3","12":"product_tag-argile-2","13":"product_tag-argile-argentee-3","14":"product_tag-argile-argentee-au-four","15":"product_tag-argile-artistique","16":"product_tag-argile-aurifere","17":"product_tag-argile-bronze","18":"product_tag-argile-cuivreuse","19":"product_tag-argile-metallique-2","20":"product_tag-argile-metallique","21":"product_tag-artclaysilver","22":"product_tag-aussie","23":"product_tag-bijoux","24":"product_tag-boucles-doreilles","25":"product_tag-bronze","26":"product_tag-bruler","27":"product_tag-bruleur-a-gaz","28":"product_tag-ceramique","29":"product_tag-ceramique-4","30":"product_tag-conseils","31":"product_tag-cuisiniere-a-gaz","32":"product_tag-cuisson","33":"product_tag-cuivre","34":"product_tag-email-4","35":"product_tag-email","36":"product_tag-faire","37":"product_tag-four-2","38":"product_tag-four","39":"product_tag-fours","40":"product_tag-fusion-2","41":"product_tag-fusion","42":"product_tag-largent","43":"product_tag-lor","44":"product_tag-manuel","45":"product_tag-metal-2","46":"product_tag-numerique","47":"product_tag-perles-de-verre","48":"product_tag-petit-2","49":"product_tag-pmc","50":"product_tag-poele","51":"product_tag-porcelaine","52":"product_tag-porcelin","53":"product_tag-presomptueux","54":"product_tag-promethee","55":"product_tag-thermostat","56":"product_tag-tir-au-chalumeau","57":"product_tag-torche","58":"product_tag-verre-2","59":"product_tag-verre","60":"product_shipping_class-standard","62":"first","63":"instock","64":"sale","65":"taxable","66":"shipping-taxable","67":"purchasable","68":"product-type-simple"},"acf":[],"_links":{"self":[{"href":"https:\/\/esquell.eu\/fr\/wp-json\/wp\/v2\/product\/18247","targetHints":{"allow":["GET"]}}],"collection":[{"href":"https:\/\/esquell.eu\/fr\/wp-json\/wp\/v2\/product"}],"about":[{"href":"https:\/\/esquell.eu\/fr\/wp-json\/wp\/v2\/types\/product"}],"replies":[{"embeddable":true,"href":"https:\/\/esquell.eu\/fr\/wp-json\/wp\/v2\/comments?post=18247"}],"wp:featuredmedia":[{"embeddable":true,"href":"https:\/\/esquell.eu\/fr\/wp-json\/wp\/v2\/media\/18274"}],"wp:attachment":[{"href":"https:\/\/esquell.eu\/fr\/wp-json\/wp\/v2\/media?parent=18247"}],"wp:term":[{"taxonomy":"more","embeddable":true,"href":"https:\/\/esquell.eu\/fr\/wp-json\/wp\/v2\/more?post=18247"},{"taxonomy":"product_brand","embeddable":true,"href":"https:\/\/esquell.eu\/fr\/wp-json\/wp\/v2\/product_brand?post=18247"},{"taxonomy":"product_cat","embeddable":true,"href":"https:\/\/esquell.eu\/fr\/wp-json\/wp\/v2\/product_cat?post=18247"},{"taxonomy":"product_tag","embeddable":true,"href":"https:\/\/esquell.eu\/fr\/wp-json\/wp\/v2\/product_tag?post=18247"}],"curies":[{"name":"wp","href":"https:\/\/api.w.org\/{rel}","templated":true}]}}