{"id":18211,"date":"2025-09-05T20:34:13","date_gmt":"2025-09-05T20:34:13","guid":{"rendered":"https:\/\/esquell.eu\/product\/moule-en-silicone-avec-differents-coeurs-et-pendentifs\/"},"modified":"2025-09-05T20:34:13","modified_gmt":"2025-09-05T20:34:13","slug":"moule-en-silicone-avec-differents-coeurs-et-pendentifs","status":"publish","type":"product","link":"https:\/\/esquell.eu\/fr\/produit\/moule-en-silicone-avec-differents-coeurs-et-pendentifs\/","title":{"rendered":"Moule en silicone avec diff\u00e9rents c\u0153urs et pendentifs"},"content":{"rendered":"<p>Moule en silicone avec diff\u00e9rents c\u0153urs et pendentifs<\/p>\n<p>Tailles voir photos<\/p>\n<p>Lorsqu&rsquo;il est utilis\u00e9 avec de l&rsquo;argile m\u00e9tallique :<\/p>\n<p>Vaporisez toujours la formule antiadh\u00e9sive coolslip avant de l&rsquo;utiliser. Cela emp\u00eache l&rsquo;argile de coller aux moules. <\/p>\n","protected":false},"excerpt":{"rendered":"<p>Moule en silicone avec diff\u00e9rents c\u0153urs et pendentifs Tailles voir photos Lorsqu&rsquo;il est utilis\u00e9 avec de l&rsquo;argile m\u00e9tallique : Vaporisez toujours la formule antiadh\u00e9sive coolslip avant de l&rsquo;utiliser. Cela emp\u00eache l&rsquo;argile de coller aux moules.<\/p>\n","protected":false},"featured_media":8884,"comment_status":"closed","ping_status":"closed","template":"","meta":{"_acf_changed":false,"_seopress_robots_primary_cat":"none","_seopress_titles_title":"","_seopress_titles_desc":"","_seopress_robots_index":""},"more":[],"product_brand":[6398],"product_cat":[15643,11931],"product_tag":[7929,6638,6404,15021,7578,6658,16289,6641,6716,16290,6409,6772,15794,6374,16291,10457,6640,16283,10552,9874,15097,16287,6816,6774,14295,16285,12320,6710,6829,7506,7774,9894,14735,6408],"class_list":{"0":"post-18211","1":"product","2":"type-product","3":"status-publish","4":"has-post-thumbnail","6":"product_brand-l1","7":"product_cat-moules","8":"product_cat-nouveau","9":"product_tag-acrylique","10":"product_tag-anneaux","11":"product_tag-argile-argentee","12":"product_tag-argiles","13":"product_tag-bijoux-commemoratifs","14":"product_tag-bijoux-en-argile","15":"product_tag-bijoux-en-resine","16":"product_tag-boucles-doreilles","17":"product_tag-breloques","18":"product_tag-bricolage-2","19":"product_tag-bricolage","20":"product_tag-charme","21":"product_tag-coeurs","22":"product_tag-faire","23":"product_tag-faire-4","24":"product_tag-gracie","25":"product_tag-maison","26":"product_tag-modeles-4","27":"product_tag-moule-3","28":"product_tag-moule-2","29":"product_tag-moules-2","30":"product_tag-moules-en-argile-2","31":"product_tag-pate-polymere","32":"product_tag-pendentif","33":"product_tag-pendentif-3","34":"product_tag-pendentif-en-forme-de-coeur","35":"product_tag-pendentif-oeil","36":"product_tag-pendentifs","37":"product_tag-poubelles","38":"product_tag-pour","39":"product_tag-resine","40":"product_tag-resine-2","41":"product_tag-silicone","42":"product_tag-vous","44":"first","45":"instock","46":"taxable","47":"shipping-taxable","48":"purchasable","49":"product-type-simple"},"acf":[],"_links":{"self":[{"href":"https:\/\/esquell.eu\/fr\/wp-json\/wp\/v2\/product\/18211","targetHints":{"allow":["GET"]}}],"collection":[{"href":"https:\/\/esquell.eu\/fr\/wp-json\/wp\/v2\/product"}],"about":[{"href":"https:\/\/esquell.eu\/fr\/wp-json\/wp\/v2\/types\/product"}],"replies":[{"embeddable":true,"href":"https:\/\/esquell.eu\/fr\/wp-json\/wp\/v2\/comments?post=18211"}],"wp:featuredmedia":[{"embeddable":true,"href":"https:\/\/esquell.eu\/fr\/wp-json\/wp\/v2\/media\/8884"}],"wp:attachment":[{"href":"https:\/\/esquell.eu\/fr\/wp-json\/wp\/v2\/media?parent=18211"}],"wp:term":[{"taxonomy":"more","embeddable":true,"href":"https:\/\/esquell.eu\/fr\/wp-json\/wp\/v2\/more?post=18211"},{"taxonomy":"product_brand","embeddable":true,"href":"https:\/\/esquell.eu\/fr\/wp-json\/wp\/v2\/product_brand?post=18211"},{"taxonomy":"product_cat","embeddable":true,"href":"https:\/\/esquell.eu\/fr\/wp-json\/wp\/v2\/product_cat?post=18211"},{"taxonomy":"product_tag","embeddable":true,"href":"https:\/\/esquell.eu\/fr\/wp-json\/wp\/v2\/product_tag?post=18211"}],"curies":[{"name":"wp","href":"https:\/\/api.w.org\/{rel}","templated":true}]}}